{"id":2366,"date":"2024-04-02T10:50:12","date_gmt":"2024-04-02T13:50:12","guid":{"rendered":"https:\/\/drantoniomarcos.com.br\/?page_id=2366"},"modified":"2026-03-20T10:08:02","modified_gmt":"2026-03-20T13:08:02","slug":"protese-de-mama-fast-recovery-24h","status":"publish","type":"page","link":"https:\/\/drantoniomarcos.com.br\/en\/protese-de-mama-fast-recovery-24h\/","title":{"rendered":"24H Fast Recovery Breast Prosthesis"},"content":{"rendered":"<div data-elementor-type=\"wp-page\" data-elementor-id=\"2366\" class=\"elementor elementor-2366\" data-elementor-post-type=\"page\">\n\t\t\t\t<div class=\"elementor-element elementor-element-55f5a9f e-flex e-con-boxed e-con e-parent\" data-id=\"55f5a9f\" data-element_type=\"container\" data-settings=\"{&quot;background_background&quot;:&quot;classic&quot;}\">\n\t\t\t\t\t<div class=\"e-con-inner\">\n\t\t\t\t<div class=\"elementor-element elementor-element-a45a660 elementor-widget__width-initial elementor-widget elementor-widget-heading\" data-id=\"a45a660\" data-element_type=\"widget\" data-widget_type=\"heading.default\">\n\t\t\t\t<div class=\"elementor-widget-container\">\n\t\t\t<style>\/*! elementor - v3.21.0 - 26-05-2024 *\/\n.elementor-heading-title{padding:0;margin:0;line-height:1}.elementor-widget-heading .elementor-heading-title[class*=elementor-size-]>a{color:inherit;font-size:inherit;line-height:inherit}.elementor-widget-heading .elementor-heading-title.elementor-size-small{font-size:15px}.elementor-widget-heading .elementor-heading-title.elementor-size-medium{font-size:19px}.elementor-widget-heading .elementor-heading-title.elementor-size-large{font-size:29px}.elementor-widget-heading .elementor-heading-title.elementor-size-xl{font-size:39px}.elementor-widget-heading .elementor-heading-title.elementor-size-xxl{font-size:59px}<\/style><h2 class=\"elementor-heading-title elementor-size-default\">24H Fast Recovery Breast Prosthesis<\/h2>\t\t<\/div>\n\t\t\t\t<\/div>\n\t\t\t\t\t<\/div>\n\t\t\t\t<\/div>\n\t\t<div class=\"elementor-element elementor-element-283a6d1 e-flex e-con-boxed e-con e-parent\" data-id=\"283a6d1\" data-element_type=\"container\" data-settings=\"{&quot;background_background&quot;:&quot;classic&quot;}\">\n\t\t\t\t\t<div class=\"e-con-inner\">\n\t\t<div class=\"elementor-element elementor-element-ac85750 e-con-full e-flex e-con e-child\" data-id=\"ac85750\" data-element_type=\"container\" data-settings=\"{&quot;background_background&quot;:&quot;classic&quot;}\">\n\t\t\t\t<\/div>\n\t\t<div class=\"elementor-element elementor-element-d979b8b e-con-full e-flex e-con e-child\" data-id=\"d979b8b\" data-element_type=\"container\">\n\t\t\t\t<div class=\"elementor-element elementor-element-84583de elementor-widget__width-initial elementor-widget elementor-widget-heading\" data-id=\"84583de\" data-element_type=\"widget\" data-widget_type=\"heading.default\">\n\t\t\t\t<div class=\"elementor-widget-container\">\n\t\t\t<h2 class=\"elementor-heading-title elementor-size-default\">What is Fast Recovery 24H Breast Prosthesis surgery?<\/h2>\t\t<\/div>\n\t\t\t\t<\/div>\n\t\t\t\t<div class=\"elementor-element elementor-element-70393e5 elementor-widget__width-initial elementor-widget elementor-widget-text-editor\" data-id=\"70393e5\" data-element_type=\"widget\" data-widget_type=\"text-editor.default\">\n\t\t\t\t<div class=\"elementor-widget-container\">\n\t\t\t<style>\/*! elementor - v3.21.0 - 26-05-2024 *\/\n.elementor-widget-text-editor.elementor-drop-cap-view-stacked .elementor-drop-cap{background-color:#69727d;color:#fff}.elementor-widget-text-editor.elementor-drop-cap-view-framed .elementor-drop-cap{color:#69727d;border:3px solid;background-color:transparent}.elementor-widget-text-editor:not(.elementor-drop-cap-view-default) .elementor-drop-cap{margin-top:8px}.elementor-widget-text-editor:not(.elementor-drop-cap-view-default) .elementor-drop-cap-letter{width:1em;height:1em}.elementor-widget-text-editor .elementor-drop-cap{float:left;text-align:center;line-height:1;font-size:50px}.elementor-widget-text-editor .elementor-drop-cap-letter{display:inline-block}<\/style>\t\t\t\t<p>The 24H Fast Recovery Breast Prosthesis represents a revolutionary innovation in the field of aesthetic breast surgery. This procedure is designed for women looking to improve the aesthetics of their breasts, whether increasing volume, correcting asymmetries or restoring shape after changes due to pregnancy, breastfeeding or weight loss. The 24H Fast Recovery technique is meticulously planned to minimize surgical trauma and optimize recovery. Using the latest technologies and surgical techniques, this approach allows for a more precise and less invasive intervention, focusing on reducing post-operative swelling and pain.<\/p><p>The procedure itself is characterized by strategically placed incisions and tissue displacement techniques that preserve essential anatomical structures, resulting in less bruising and swelling. This translates into a faster and more comfortable recovery, allowing patients to resume their daily activities in a surprisingly short time. The use of anesthetics and painkillers is meticulously calibrated to ensure maximum comfort during and after surgery.<\/p>\t\t\t\t\t\t<\/div>\n\t\t\t\t<\/div>\n\t\t\t\t<\/div>\n\t\t\t\t\t<\/div>\n\t\t\t\t<\/div>\n\t\t<div class=\"elementor-element elementor-element-5d42bdb e-flex e-con-boxed e-con e-parent\" data-id=\"5d42bdb\" data-element_type=\"container\" data-settings=\"{&quot;background_background&quot;:&quot;classic&quot;}\">\n\t\t\t\t\t<div class=\"e-con-inner\">\n\t\t<div class=\"elementor-element elementor-element-ba68dc2 e-con-full e-flex e-con e-child\" data-id=\"ba68dc2\" data-element_type=\"container\">\n\t\t\t\t<div class=\"elementor-element elementor-element-a6cff68 elementor-widget elementor-widget-heading\" data-id=\"a6cff68\" data-element_type=\"widget\" data-widget_type=\"heading.default\">\n\t\t\t\t<div class=\"elementor-widget-container\">\n\t\t\t<h2 class=\"elementor-heading-title elementor-size-default\">Surgical procedures<\/h2>\t\t<\/div>\n\t\t\t\t<\/div>\n\t\t\t\t<div class=\"elementor-element elementor-element-2bdd586 elementor-widget__width-initial elementor-widget elementor-widget-text-editor\" data-id=\"2bdd586\" data-element_type=\"widget\" data-widget_type=\"text-editor.default\">\n\t\t\t\t<div class=\"elementor-widget-container\">\n\t\t\t\t\t\t\t<div class=\"flex-1 overflow-hidden\"><div class=\"react-scroll-to-bottom--css-jgeaw-79elbk h-full\"><div class=\"react-scroll-to-bottom--css-jgeaw-1n7m0yu\"><div class=\"flex flex-col pb-9 text-sm\"><div class=\"w-full text-token-text-primary\" data-testid=\"conversation-turn-22\"><div class=\"px-4 py-2 justify-center text-base md:gap-6 m-auto\"><div class=\"flex flex-1 text-base mx-auto gap-3 md:px-5 lg:px-1 xl:px-5 md:max-w-3xl lg:max-w-[40rem] xl:max-w-[48rem] group final-completion\"><div class=\"relative flex w-full flex-col lg:w-[calc(100%-115px)] agent-turn\"><div class=\"flex-col gap-1 md:gap-3\"><div class=\"flex flex-grow flex-col max-w-full\"><div class=\"min-h-[20px] text-message flex flex-col items-start gap-3 whitespace-pre-wrap break-words [.text-message+&amp;]:mt-5 overflow-x-auto\" data-message-author-role=\"assistant\" data-message-id=\"89adc4fe-1f9c-4e9b-9dfb-5feefdf12f2f\"><div class=\"markdown prose w-full break-words dark:prose-invert light\"><p>The Fast Recovery 24H Breast Prosthesis surgical procedure is a meticulously planned approach that combines advanced incision and implant placement techniques with careful tissue management, aiming to minimize trauma, significantly reduce recovery time and maximize the aesthetic results. providing harmonious and natural breast enlargement.<\/p><\/div><\/div><\/div><\/div><\/div><\/div><\/div><\/div><\/div><\/div><\/div><\/div>\t\t\t\t\t\t<\/div>\n\t\t\t\t<\/div>\n\t\t\t\t<\/div>\n\t\t<div class=\"elementor-element elementor-element-e20f00d e-con-full e-flex e-con e-child\" data-id=\"e20f00d\" data-element_type=\"container\">\n\t\t<div class=\"elementor-element elementor-element-fc88fa9 e-con-full e-flex e-con e-child\" data-id=\"fc88fa9\" data-element_type=\"container\">\n\t\t\t\t<div class=\"elementor-element elementor-element-d9db102 elementor-widget elementor-widget-heading\" data-id=\"d9db102\" data-element_type=\"widget\" data-widget_type=\"heading.default\">\n\t\t\t\t<div class=\"elementor-widget-container\">\n\t\t\t<h2 class=\"elementor-heading-title elementor-size-default\">Benefits<\/h2>\t\t<\/div>\n\t\t\t\t<\/div>\n\t\t\t\t<div class=\"elementor-element elementor-element-a5907fa elementor-widget__width-initial elementor-widget elementor-widget-text-editor\" data-id=\"a5907fa\" data-element_type=\"widget\" data-widget_type=\"text-editor.default\">\n\t\t\t\t<div class=\"elementor-widget-container\">\n\t\t\t\t\t\t\t<p>The 24H Fast Recovery Breast Prosthesis offers significant benefits, including faster post-operative recovery, reduced incidence of pain and discomfort, reduced visible scars, and improved aesthetic results with a natural appearance and improved symmetry, contributing to a significant increase in self-confidence and well-being of patients.<\/p>\t\t\t\t\t\t<\/div>\n\t\t\t\t<\/div>\n\t\t\t\t<\/div>\n\t\t\t\t<\/div>\n\t\t\t\t\t<\/div>\n\t\t\t\t<\/div>\n\t\t<div class=\"elementor-element elementor-element-05545d5 e-flex e-con-boxed e-con e-parent\" data-id=\"05545d5\" data-element_type=\"container\" data-settings=\"{&quot;background_background&quot;:&quot;classic&quot;}\">\n\t\t\t\t\t<div class=\"e-con-inner\">\n\t\t\t\t<div class=\"elementor-element elementor-element-2f5fa63 elementor-widget elementor-widget-heading\" data-id=\"2f5fa63\" data-element_type=\"widget\" data-widget_type=\"heading.default\">\n\t\t\t\t<div class=\"elementor-widget-container\">\n\t\t\t<h2 class=\"elementor-heading-title elementor-size-default\">Recovery and post-operative follow-up<\/h2>\t\t<\/div>\n\t\t\t\t<\/div>\n\t\t\t\t<div class=\"elementor-element elementor-element-8138895 elementor-widget__width-initial elementor-widget elementor-widget-text-editor\" data-id=\"8138895\" data-element_type=\"widget\" data-widget_type=\"text-editor.default\">\n\t\t\t\t<div class=\"elementor-widget-container\">\n\t\t\t\t\t\t\t<div class=\"flex-1 overflow-hidden\"><div class=\"react-scroll-to-bottom--css-jgeaw-79elbk h-full\"><div class=\"react-scroll-to-bottom--css-jgeaw-1n7m0yu\"><div class=\"flex flex-col pb-9 text-sm\"><div class=\"w-full text-token-text-primary\" data-testid=\"conversation-turn-20\"><div class=\"px-4 py-2 justify-center text-base md:gap-6 m-auto\"><div class=\"flex flex-1 text-base mx-auto gap-3 md:px-5 lg:px-1 xl:px-5 md:max-w-3xl lg:max-w-[40rem] xl:max-w-[48rem] group final-completion\"><div class=\"relative flex w-full flex-col lg:w-[calc(100%-115px)] agent-turn\"><div class=\"flex-col gap-1 md:gap-3\"><div class=\"flex flex-grow flex-col max-w-full\"><div class=\"min-h-[20px] text-message flex flex-col items-start gap-3 whitespace-pre-wrap break-words [.text-message+&amp;]:mt-5 overflow-x-auto\" data-message-author-role=\"assistant\" data-message-id=\"7a84f0da-c963-4884-9e11-5fe9971c825b\"><div class=\"markdown prose w-full break-words dark:prose-invert light\"><p>The Fast Recovery 24H Breast Prosthesis recovery journey is accompanied by a specialized team, ensuring attentive and personalized post-operative follow-up, which includes detailed guidance for home care, monitoring of healing and regular assessment sessions to ensure the best recovery and satisfaction with the results achieved.<\/p><\/div><\/div><\/div><\/div><\/div><\/div><\/div><\/div><\/div><\/div><\/div><\/div>\t\t\t\t\t\t<\/div>\n\t\t\t\t<\/div>\n\t\t\t\t\t<\/div>\n\t\t\t\t<\/div>\n\t\t<div class=\"elementor-element elementor-element-b4892d5 e-flex e-con-boxed e-con e-parent\" data-id=\"b4892d5\" data-element_type=\"container\" data-settings=\"{&quot;background_background&quot;:&quot;classic&quot;,&quot;shape_divider_top&quot;:&quot;opacity-tilt&quot;}\">\n\t\t\t\t\t<div class=\"e-con-inner\">\n\t\t\t\t<div class=\"elementor-shape elementor-shape-top\" data-negative=\"false\">\n\t\t\t<svg xmlns=\"http:\/\/www.w3.org\/2000\/svg\" viewbox=\"0 0 2600 131.1\" preserveaspectratio=\"none\">\n\t<path class=\"elementor-shape-fill\" d=\"M0 0L2600 0 2600 69.1 0 0z\"\/>\n\t<path class=\"elementor-shape-fill\" style=\"opacity:0.5\" d=\"M0 0L2600 0 2600 69.1 0 69.1z\"\/>\n\t<path class=\"elementor-shape-fill\" style=\"opacity:0.25\" d=\"M2600 0L0 0 0 130.1 2600 69.1z\"\/>\n<\/svg>\t\t<\/div>\n\t\t<div class=\"elementor-element elementor-element-bc74314 e-con-full e-flex e-con e-child\" data-id=\"bc74314\" data-element_type=\"container\">\n\t\t\t\t<div class=\"elementor-element elementor-element-7a0d39e elementor-widget__width-initial elementor-widget elementor-widget-heading\" data-id=\"7a0d39e\" data-element_type=\"widget\" data-widget_type=\"heading.default\">\n\t\t\t\t<div class=\"elementor-widget-container\">\n\t\t\t<h2 class=\"elementor-heading-title elementor-size-default\">Contact<\/h2>\t\t<\/div>\n\t\t\t\t<\/div>\n\t\t\t\t<div class=\"elementor-element elementor-element-d8e80e2 elementor-widget__width-initial elementor-widget elementor-widget-text-editor\" data-id=\"d8e80e2\" data-element_type=\"widget\" data-widget_type=\"text-editor.default\">\n\t\t\t\t<div class=\"elementor-widget-container\">\n\t\t\t\t\t\t\t<p>Connect to the change you want to see: contact us today and take the first step toward the transformation you deserve.<\/p>\t\t\t\t\t\t<\/div>\n\t\t\t\t<\/div>\n\t\t\t\t<div class=\"elementor-element elementor-element-03cd32b elementor-align-center elementor-widget elementor-widget-button\" data-id=\"03cd32b\" data-element_type=\"widget\" data-widget_type=\"button.default\">\n\t\t\t\t<div class=\"elementor-widget-container\">\n\t\t\t\t\t<div class=\"elementor-button-wrapper\">\n\t\t\t<a class=\"elementor-button elementor-button-link elementor-size-sm elementor-animation-grow\" href=\"https:\/\/wa.me\/5516997923553?text=Ol%C3%A1%2C%20vim%20pelo%20site%20e%20gostaria%20de%20mais%20informa%C3%A7%C3%B5es!\" target=\"_blank\">\n\t\t\t\t\t\t<span class=\"elementor-button-content-wrapper\">\n\t\t\t\t\t\t\t\t\t<span class=\"elementor-button-text\">Iniciar experi\u00eancia<\/span>\n\t\t\t\t\t<\/span>\n\t\t\t\t\t<\/a>\n\t\t<\/div>\n\t\t\t\t<\/div>\n\t\t\t\t<\/div>\n\t\t\t\t<\/div>\n\t\t\t\t\t<\/div>\n\t\t\t\t<\/div>\n\t\t\t\t<\/div>","protected":false},"excerpt":{"rendered":"<p>\/*! elementor &#8211; v3.21.0 &#8211; 26-05-2024 *\/ .elementor-heading-title{padding:0;margin:0;line-height:1}.elementor-widget-heading .elementor-heading-title[class*=elementor-size-]&gt;a{color:inherit;font-size:inherit;line-height:inherit}.elementor-widget-heading .elementor-heading-title.elementor-size-small{font-size:15px}.elementor-widget-heading .elementor-heading-title.elementor-size-medium{font-size:19px}.elementor-widget-heading .elementor-heading-title.elementor-size-large{font-size:29px}.elementor-widget-heading .elementor-heading-title.elementor-size-xl{font-size:39px}.elementor-widget-heading .elementor-heading-title.elementor-size-xxl{font-size:59px} Pr\u00f3tese de Mama Fast Recovery 24H O que \u00e9 a cirurgia de Pr\u00f3tese de Mama Fast Recovery 24H? A Pr\u00f3tese de Mama Fast Recovery 24H representa uma inova\u00e7\u00e3o revolucion\u00e1ria no campo da cirurgia est\u00e9tica mam\u00e1ria. Este procedimento \u00e9 projetado para mulheres [&hellip;]<\/p>","protected":false},"author":8,"featured_media":0,"parent":0,"menu_order":0,"comment_status":"closed","ping_status":"closed","template":"elementor_header_footer","meta":{"footnotes":""},"acf":[],"_links":{"self":[{"href":"https:\/\/drantoniomarcos.com.br\/en\/wp-json\/wp\/v2\/pages\/2366"}],"collection":[{"href":"https:\/\/drantoniomarcos.com.br\/en\/wp-json\/wp\/v2\/pages"}],"about":[{"href":"https:\/\/drantoniomarcos.com.br\/en\/wp-json\/wp\/v2\/types\/page"}],"author":[{"embeddable":true,"href":"https:\/\/drantoniomarcos.com.br\/en\/wp-json\/wp\/v2\/users\/8"}],"replies":[{"embeddable":true,"href":"https:\/\/drantoniomarcos.com.br\/en\/wp-json\/wp\/v2\/comments?post=2366"}],"version-history":[{"count":31,"href":"https:\/\/drantoniomarcos.com.br\/en\/wp-json\/wp\/v2\/pages\/2366\/revisions"}],"predecessor-version":[{"id":3984,"href":"https:\/\/drantoniomarcos.com.br\/en\/wp-json\/wp\/v2\/pages\/2366\/revisions\/3984"}],"wp:attachment":[{"href":"https:\/\/drantoniomarcos.com.br\/en\/wp-json\/wp\/v2\/media?parent=2366"}],"curies":[{"name":"wp","href":"https:\/\/api.w.org\/{rel}","templated":true}]}}