{"id":2540,"date":"2024-04-02T12:40:35","date_gmt":"2024-04-02T15:40:35","guid":{"rendered":"https:\/\/drantoniomarcos.com.br\/?page_id=2540"},"modified":"2026-03-20T10:05:21","modified_gmt":"2026-03-20T13:05:21","slug":"lipoabdominoplastia-com-lipo-de-definicao-dinamica","status":"publish","type":"page","link":"https:\/\/drantoniomarcos.com.br\/en\/lipoabdominoplastia-com-lipo-de-definicao-dinamica\/","title":{"rendered":"LIPOAbdominoplasty with Dynamic Definition Lipo"},"content":{"rendered":"<div data-elementor-type=\"wp-page\" data-elementor-id=\"2540\" class=\"elementor elementor-2540\" data-elementor-post-type=\"page\">\n\t\t\t\t<div class=\"elementor-element elementor-element-845a4ce e-flex e-con-boxed e-con e-parent\" data-id=\"845a4ce\" data-element_type=\"container\" data-settings=\"{&quot;background_background&quot;:&quot;classic&quot;}\">\n\t\t\t\t\t<div class=\"e-con-inner\">\n\t\t\t\t<div class=\"elementor-element elementor-element-ff65ddc elementor-widget__width-initial elementor-widget elementor-widget-heading\" data-id=\"ff65ddc\" data-element_type=\"widget\" data-widget_type=\"heading.default\">\n\t\t\t\t<div class=\"elementor-widget-container\">\n\t\t\t<style>\/*! elementor - v3.21.0 - 26-05-2024 *\/\n.elementor-heading-title{padding:0;margin:0;line-height:1}.elementor-widget-heading .elementor-heading-title[class*=elementor-size-]>a{color:inherit;font-size:inherit;line-height:inherit}.elementor-widget-heading .elementor-heading-title.elementor-size-small{font-size:15px}.elementor-widget-heading .elementor-heading-title.elementor-size-medium{font-size:19px}.elementor-widget-heading .elementor-heading-title.elementor-size-large{font-size:29px}.elementor-widget-heading .elementor-heading-title.elementor-size-xl{font-size:39px}.elementor-widget-heading .elementor-heading-title.elementor-size-xxl{font-size:59px}<\/style><h2 class=\"elementor-heading-title elementor-size-default\">LIPOAbdominoplasty with Dynamic Definition Lipo<\/h2>\t\t<\/div>\n\t\t\t\t<\/div>\n\t\t\t\t\t<\/div>\n\t\t\t\t<\/div>\n\t\t<div class=\"elementor-element elementor-element-6feb3e0 e-flex e-con-boxed e-con e-parent\" data-id=\"6feb3e0\" data-element_type=\"container\" data-settings=\"{&quot;background_background&quot;:&quot;classic&quot;}\">\n\t\t\t\t\t<div class=\"e-con-inner\">\n\t\t<div class=\"elementor-element elementor-element-b631209 e-con-full e-flex e-con e-child\" data-id=\"b631209\" data-element_type=\"container\">\n\t\t\t\t<div class=\"elementor-element elementor-element-2d9a77e elementor-widget__width-initial elementor-widget-tablet__width-initial elementor-widget elementor-widget-heading\" data-id=\"2d9a77e\" data-element_type=\"widget\" data-widget_type=\"heading.default\">\n\t\t\t\t<div class=\"elementor-widget-container\">\n\t\t\t<h2 class=\"elementor-heading-title elementor-size-default\">What is LIPOAbdominoplasty surgery with Dynamic Definition Lipo?<\/h2>\t\t<\/div>\n\t\t\t\t<\/div>\n\t\t\t\t<div class=\"elementor-element elementor-element-8424843 elementor-widget__width-initial elementor-widget elementor-widget-text-editor\" data-id=\"8424843\" data-element_type=\"widget\" data-widget_type=\"text-editor.default\">\n\t\t\t\t<div class=\"elementor-widget-container\">\n\t\t\t<style>\/*! elementor - v3.21.0 - 26-05-2024 *\/\n.elementor-widget-text-editor.elementor-drop-cap-view-stacked .elementor-drop-cap{background-color:#69727d;color:#fff}.elementor-widget-text-editor.elementor-drop-cap-view-framed .elementor-drop-cap{color:#69727d;border:3px solid;background-color:transparent}.elementor-widget-text-editor:not(.elementor-drop-cap-view-default) .elementor-drop-cap{margin-top:8px}.elementor-widget-text-editor:not(.elementor-drop-cap-view-default) .elementor-drop-cap-letter{width:1em;height:1em}.elementor-widget-text-editor .elementor-drop-cap{float:left;text-align:center;line-height:1;font-size:50px}.elementor-widget-text-editor .elementor-drop-cap-letter{display:inline-block}<\/style>\t\t\t\t<p>LIPOAbdominoplasty with Dynamic Definition Lipo is an advanced surgical procedure that combines liposuction with abdominoplasty to sculpt and define the abdomen. This innovative technique goes beyond simply removing excess skin and fat in the abdominal region; it involves meticulously redefining body contouring to highlight musculature and create a more toned, athletic appearance. Ideal for patients who want not only a flatter tummy but also a more defined silhouette, this procedure is particularly popular among those who have experienced major weight loss or body changes post-pregnancy and have been unable to achieve their aesthetic goals through diet and exercise.<\/p><p>At the same time, LIPOAbdominoplasty with Dynamic Definition Lipo allows for a more natural and harmonious result, adjusting to the individual characteristics of each patient&#039;s body. The procedure is carefully personalized, considering the proportions of the body, the amount of subcutaneous fat and the elasticity of the skin, which guarantees an aesthetically pleasing and balanced result.<\/p>\t\t\t\t\t\t<\/div>\n\t\t\t\t<\/div>\n\t\t\t\t<\/div>\n\t\t<div class=\"elementor-element elementor-element-d15c66f e-con-full e-flex e-con e-child\" data-id=\"d15c66f\" data-element_type=\"container\" data-settings=\"{&quot;background_background&quot;:&quot;classic&quot;}\">\n\t\t\t\t<\/div>\n\t\t\t\t\t<\/div>\n\t\t\t\t<\/div>\n\t\t<div class=\"elementor-element elementor-element-b9ee501 e-flex e-con-boxed e-con e-parent\" data-id=\"b9ee501\" data-element_type=\"container\" data-settings=\"{&quot;background_background&quot;:&quot;classic&quot;}\">\n\t\t\t\t\t<div class=\"e-con-inner\">\n\t\t<div class=\"elementor-element elementor-element-2b0bf7e e-con-full e-flex e-con e-child\" data-id=\"2b0bf7e\" data-element_type=\"container\">\n\t\t\t\t<div class=\"elementor-element elementor-element-863f162 elementor-widget elementor-widget-heading\" data-id=\"863f162\" data-element_type=\"widget\" data-widget_type=\"heading.default\">\n\t\t\t\t<div class=\"elementor-widget-container\">\n\t\t\t<h2 class=\"elementor-heading-title elementor-size-default\">Surgical procedures<\/h2>\t\t<\/div>\n\t\t\t\t<\/div>\n\t\t\t\t<div class=\"elementor-element elementor-element-7033b1b elementor-widget__width-initial elementor-widget elementor-widget-text-editor\" data-id=\"7033b1b\" data-element_type=\"widget\" data-widget_type=\"text-editor.default\">\n\t\t\t\t<div class=\"elementor-widget-container\">\n\t\t\t\t\t\t\t<p>This surgical procedure involves precise liposuction techniques to selectively remove excess fat, followed by a tummy tuck to eliminate sagging skin, while simultaneously toning and tightening the abdominal wall, resulting in a smoother, firmer, more defined abdomen with clearly sculpted contours. .<\/p>\t\t\t\t\t\t<\/div>\n\t\t\t\t<\/div>\n\t\t\t\t<\/div>\n\t\t<div class=\"elementor-element elementor-element-a400f6a e-con-full e-flex e-con e-child\" data-id=\"a400f6a\" data-element_type=\"container\">\n\t\t<div class=\"elementor-element elementor-element-e863f8a e-con-full e-flex e-con e-child\" data-id=\"e863f8a\" data-element_type=\"container\">\n\t\t\t\t<div class=\"elementor-element elementor-element-d61da6f elementor-widget elementor-widget-heading\" data-id=\"d61da6f\" data-element_type=\"widget\" data-widget_type=\"heading.default\">\n\t\t\t\t<div class=\"elementor-widget-container\">\n\t\t\t<h2 class=\"elementor-heading-title elementor-size-default\">Benefits<\/h2>\t\t<\/div>\n\t\t\t\t<\/div>\n\t\t\t\t<div class=\"elementor-element elementor-element-a0f3252 elementor-widget__width-initial elementor-widget elementor-widget-text-editor\" data-id=\"a0f3252\" data-element_type=\"widget\" data-widget_type=\"text-editor.default\">\n\t\t\t\t<div class=\"elementor-widget-container\">\n\t\t\t\t\t\t\t<p>The benefits of LIPOAbdominoplasty with Dynamic Definition Lipo include obtaining a visibly more toned and contoured abdomen, significant improvement in the general appearance of the abdominal region, relief from certain discomforts associated with sagging and excessive skin, as well as an increase in self-confidence and satisfaction with body image itself.<\/p>\t\t\t\t\t\t<\/div>\n\t\t\t\t<\/div>\n\t\t\t\t<\/div>\n\t\t\t\t<\/div>\n\t\t\t\t\t<\/div>\n\t\t\t\t<\/div>\n\t\t<div class=\"elementor-element elementor-element-b3c4352 e-flex e-con-boxed e-con e-parent\" data-id=\"b3c4352\" data-element_type=\"container\" data-settings=\"{&quot;background_background&quot;:&quot;classic&quot;}\">\n\t\t\t\t\t<div class=\"e-con-inner\">\n\t\t\t\t<div class=\"elementor-element elementor-element-0c1c37e elementor-widget elementor-widget-heading\" data-id=\"0c1c37e\" data-element_type=\"widget\" data-widget_type=\"heading.default\">\n\t\t\t\t<div class=\"elementor-widget-container\">\n\t\t\t<h2 class=\"elementor-heading-title elementor-size-default\">Recovery and post-operative follow-up<\/h2>\t\t<\/div>\n\t\t\t\t<\/div>\n\t\t\t\t<div class=\"elementor-element elementor-element-ed802ca elementor-widget__width-initial elementor-widget elementor-widget-text-editor\" data-id=\"ed802ca\" data-element_type=\"widget\" data-widget_type=\"text-editor.default\">\n\t\t\t\t<div class=\"elementor-widget-container\">\n\t\t\t\t\t\t\t<div class=\"w-full text-token-text-primary\" data-testid=\"conversation-turn-26\"><div class=\"px-4 py-2 justify-center text-base md:gap-6 m-auto\"><div class=\"flex flex-1 text-base mx-auto gap-3 md:px-5 lg:px-1 xl:px-5 md:max-w-3xl lg:max-w-[40rem] xl:max-w-[48rem] group\"><div class=\"relative flex w-full flex-col lg:w-[calc(100%-115px)] agent-turn\"><div class=\"flex-col gap-1 md:gap-3\"><div class=\"flex flex-grow flex-col max-w-full\"><div class=\"min-h-[20px] text-message flex flex-col items-start gap-3 whitespace-pre-wrap break-words [.text-message+&amp;]:mt-5 overflow-x-auto\" data-message-author-role=\"assistant\" data-message-id=\"b4a88a9f-8d6f-441a-b74d-9771c6a5dc78\"><div class=\"markdown prose w-full break-words dark:prose-invert light\"><div class=\"flex-1 overflow-hidden\"><div class=\"react-scroll-to-bottom--css-jgeaw-79elbk h-full\"><div class=\"react-scroll-to-bottom--css-jgeaw-1n7m0yu\"><div class=\"flex flex-col pb-9 text-sm\"><div class=\"w-full text-token-text-primary\" data-testid=\"conversation-turn-28\"><div class=\"px-4 py-2 justify-center text-base md:gap-6 m-auto\"><div class=\"flex flex-1 text-base mx-auto gap-3 md:px-5 lg:px-1 xl:px-5 md:max-w-3xl lg:max-w-[40rem] xl:max-w-[48rem] group final-completion\"><div class=\"relative flex w-full flex-col lg:w-[calc(100%-115px)] agent-turn\"><div class=\"flex-col gap-1 md:gap-3\"><div class=\"flex flex-grow flex-col max-w-full\"><div class=\"min-h-[20px] text-message flex flex-col items-start gap-3 whitespace-pre-wrap break-words [.text-message+&amp;]:mt-5 overflow-x-auto\" data-message-author-role=\"assistant\" data-message-id=\"50857c96-5c3a-47ce-95e1-864f6dbbd5de\"><div class=\"markdown prose w-full break-words dark:prose-invert light\"><p>Recovery from this procedure involves careful post-operative monitoring, which includes detailed guidance on incision care, pain management, activity restrictions and techniques to maintain results. The medical team provides ongoing support and periodic assessments to ensure a safe and effective recovery, as well as advice on how to maintain long-term results.<\/p><\/div><\/div><\/div><\/div><\/div><\/div><\/div><\/div><\/div><\/div><\/div><\/div><\/div><\/div><\/div><\/div><\/div><\/div><\/div><\/div>\t\t\t\t\t\t<\/div>\n\t\t\t\t<\/div>\n\t\t\t\t\t<\/div>\n\t\t\t\t<\/div>\n\t\t<div class=\"elementor-element elementor-element-e7474a1 e-flex e-con-boxed e-con e-parent\" data-id=\"e7474a1\" data-element_type=\"container\" data-settings=\"{&quot;background_background&quot;:&quot;classic&quot;,&quot;shape_divider_top&quot;:&quot;opacity-tilt&quot;}\">\n\t\t\t\t\t<div class=\"e-con-inner\">\n\t\t\t\t<div class=\"elementor-shape elementor-shape-top\" data-negative=\"false\">\n\t\t\t<svg xmlns=\"http:\/\/www.w3.org\/2000\/svg\" viewbox=\"0 0 2600 131.1\" preserveaspectratio=\"none\">\n\t<path class=\"elementor-shape-fill\" d=\"M0 0L2600 0 2600 69.1 0 0z\"\/>\n\t<path class=\"elementor-shape-fill\" style=\"opacity:0.5\" d=\"M0 0L2600 0 2600 69.1 0 69.1z\"\/>\n\t<path class=\"elementor-shape-fill\" style=\"opacity:0.25\" d=\"M2600 0L0 0 0 130.1 2600 69.1z\"\/>\n<\/svg>\t\t<\/div>\n\t\t<div class=\"elementor-element elementor-element-6485b5d e-con-full e-flex e-con e-child\" data-id=\"6485b5d\" data-element_type=\"container\">\n\t\t\t\t<div class=\"elementor-element elementor-element-ae40676 elementor-widget__width-initial elementor-widget elementor-widget-heading\" data-id=\"ae40676\" data-element_type=\"widget\" data-widget_type=\"heading.default\">\n\t\t\t\t<div class=\"elementor-widget-container\">\n\t\t\t<h2 class=\"elementor-heading-title elementor-size-default\">Contact<\/h2>\t\t<\/div>\n\t\t\t\t<\/div>\n\t\t\t\t<div class=\"elementor-element elementor-element-846da28 elementor-widget__width-initial elementor-widget elementor-widget-text-editor\" data-id=\"846da28\" data-element_type=\"widget\" data-widget_type=\"text-editor.default\">\n\t\t\t\t<div class=\"elementor-widget-container\">\n\t\t\t\t\t\t\t<p>Connect to the change you want to see: contact us today and take the first step toward the transformation you deserve.<\/p>\t\t\t\t\t\t<\/div>\n\t\t\t\t<\/div>\n\t\t\t\t<div class=\"elementor-element elementor-element-3914af1 elementor-align-center elementor-widget elementor-widget-button\" data-id=\"3914af1\" data-element_type=\"widget\" data-widget_type=\"button.default\">\n\t\t\t\t<div class=\"elementor-widget-container\">\n\t\t\t\t\t<div class=\"elementor-button-wrapper\">\n\t\t\t<a class=\"elementor-button elementor-button-link elementor-size-sm elementor-animation-grow\" href=\"https:\/\/wa.me\/5516997923553?text=Ol%C3%A1%2C%20vim%20pelo%20site%20e%20gostaria%20de%20mais%20informa%C3%A7%C3%B5es!\" target=\"_blank\">\n\t\t\t\t\t\t<span class=\"elementor-button-content-wrapper\">\n\t\t\t\t\t\t\t\t\t<span class=\"elementor-button-text\">Iniciar experi\u00eancia<\/span>\n\t\t\t\t\t<\/span>\n\t\t\t\t\t<\/a>\n\t\t<\/div>\n\t\t\t\t<\/div>\n\t\t\t\t<\/div>\n\t\t\t\t<\/div>\n\t\t\t\t\t<\/div>\n\t\t\t\t<\/div>\n\t\t\t\t<\/div>","protected":false},"excerpt":{"rendered":"<p>\/*! elementor &#8211; v3.21.0 &#8211; 26-05-2024 *\/ .elementor-heading-title{padding:0;margin:0;line-height:1}.elementor-widget-heading .elementor-heading-title[class*=elementor-size-]&gt;a{color:inherit;font-size:inherit;line-height:inherit}.elementor-widget-heading .elementor-heading-title.elementor-size-small{font-size:15px}.elementor-widget-heading .elementor-heading-title.elementor-size-medium{font-size:19px}.elementor-widget-heading .elementor-heading-title.elementor-size-large{font-size:29px}.elementor-widget-heading .elementor-heading-title.elementor-size-xl{font-size:39px}.elementor-widget-heading .elementor-heading-title.elementor-size-xxl{font-size:59px} LIPOAbdominoplastia com Lipo de Defini\u00e7\u00e3o Din\u00e2mica O que \u00e9 a cirurgia de LIPOAbdominoplastia com Lipo de Defini\u00e7\u00e3o Din\u00e2mica? A LIPOAbdominoplastia com Lipo de Defini\u00e7\u00e3o Din\u00e2mica \u00e9 um procedimento cir\u00fargico avan\u00e7ado que combina a lipoaspira\u00e7\u00e3o com a abdominoplastia para esculpir e definir [&hellip;]<\/p>","protected":false},"author":8,"featured_media":0,"parent":0,"menu_order":0,"comment_status":"closed","ping_status":"closed","template":"elementor_header_footer","meta":{"footnotes":""},"acf":[],"_links":{"self":[{"href":"https:\/\/drantoniomarcos.com.br\/en\/wp-json\/wp\/v2\/pages\/2540"}],"collection":[{"href":"https:\/\/drantoniomarcos.com.br\/en\/wp-json\/wp\/v2\/pages"}],"about":[{"href":"https:\/\/drantoniomarcos.com.br\/en\/wp-json\/wp\/v2\/types\/page"}],"author":[{"embeddable":true,"href":"https:\/\/drantoniomarcos.com.br\/en\/wp-json\/wp\/v2\/users\/8"}],"replies":[{"embeddable":true,"href":"https:\/\/drantoniomarcos.com.br\/en\/wp-json\/wp\/v2\/comments?post=2540"}],"version-history":[{"count":34,"href":"https:\/\/drantoniomarcos.com.br\/en\/wp-json\/wp\/v2\/pages\/2540\/revisions"}],"predecessor-version":[{"id":3966,"href":"https:\/\/drantoniomarcos.com.br\/en\/wp-json\/wp\/v2\/pages\/2540\/revisions\/3966"}],"wp:attachment":[{"href":"https:\/\/drantoniomarcos.com.br\/en\/wp-json\/wp\/v2\/media?parent=2540"}],"curies":[{"name":"wp","href":"https:\/\/api.w.org\/{rel}","templated":true}]}}