{"id":2632,"date":"2024-04-02T13:32:59","date_gmt":"2024-04-02T16:32:59","guid":{"rendered":"https:\/\/drantoniomarcos.com.br\/?page_id=2632"},"modified":"2026-01-20T12:31:57","modified_gmt":"2026-01-20T15:31:57","slug":"lipo-hd-masculina","status":"publish","type":"page","link":"https:\/\/drantoniomarcos.com.br\/en\/lipo-hd-masculina\/","title":{"rendered":"LIPO HD Male"},"content":{"rendered":"<div data-elementor-type=\"wp-page\" data-elementor-id=\"2632\" class=\"elementor elementor-2632\" data-elementor-post-type=\"page\">\n\t\t\t\t<div class=\"elementor-element elementor-element-0fbb470 e-flex e-con-boxed e-con e-parent\" data-id=\"0fbb470\" data-element_type=\"container\" data-settings=\"{&quot;background_background&quot;:&quot;classic&quot;}\">\n\t\t\t\t\t<div class=\"e-con-inner\">\n\t\t\t\t<div class=\"elementor-element elementor-element-7582442 elementor-widget__width-initial elementor-widget elementor-widget-heading\" data-id=\"7582442\" data-element_type=\"widget\" data-widget_type=\"heading.default\">\n\t\t\t\t<div class=\"elementor-widget-container\">\n\t\t\t<style>\/*! elementor - v3.21.0 - 26-05-2024 *\/\n.elementor-heading-title{padding:0;margin:0;line-height:1}.elementor-widget-heading .elementor-heading-title[class*=elementor-size-]>a{color:inherit;font-size:inherit;line-height:inherit}.elementor-widget-heading .elementor-heading-title.elementor-size-small{font-size:15px}.elementor-widget-heading .elementor-heading-title.elementor-size-medium{font-size:19px}.elementor-widget-heading .elementor-heading-title.elementor-size-large{font-size:29px}.elementor-widget-heading .elementor-heading-title.elementor-size-xl{font-size:39px}.elementor-widget-heading .elementor-heading-title.elementor-size-xxl{font-size:59px}<\/style><h2 class=\"elementor-heading-title elementor-size-default\">Men&#039;s Ultra HD LIPO - Ugraft <\/h2>\t\t<\/div>\n\t\t\t\t<\/div>\n\t\t\t\t\t<\/div>\n\t\t\t\t<\/div>\n\t\t<div class=\"elementor-element elementor-element-fdb13db e-flex e-con-boxed e-con e-parent\" data-id=\"fdb13db\" data-element_type=\"container\" data-settings=\"{&quot;background_background&quot;:&quot;classic&quot;}\">\n\t\t\t\t\t<div class=\"e-con-inner\">\n\t\t<div class=\"elementor-element elementor-element-d7e5e0f e-con-full e-flex e-con e-child\" data-id=\"d7e5e0f\" data-element_type=\"container\">\n\t\t\t\t<div class=\"elementor-element elementor-element-16d9c27 elementor-widget__width-initial elementor-widget-tablet__width-initial elementor-widget elementor-widget-heading\" data-id=\"16d9c27\" data-element_type=\"widget\" data-widget_type=\"heading.default\">\n\t\t\t\t<div class=\"elementor-widget-container\">\n\t\t\t<h2 class=\"elementor-heading-title elementor-size-default\">What is MILA surgery - Minimally Invasive Lipoabdominoplasty?<\/h2>\t\t<\/div>\n\t\t\t\t<\/div>\n\t\t\t\t<div class=\"elementor-element elementor-element-c3a6f20 elementor-widget__width-initial elementor-widget elementor-widget-text-editor\" data-id=\"c3a6f20\" data-element_type=\"widget\" data-widget_type=\"text-editor.default\">\n\t\t\t\t<div class=\"elementor-widget-container\">\n\t\t\t<style>\/*! elementor - v3.21.0 - 26-05-2024 *\/\n.elementor-widget-text-editor.elementor-drop-cap-view-stacked .elementor-drop-cap{background-color:#69727d;color:#fff}.elementor-widget-text-editor.elementor-drop-cap-view-framed .elementor-drop-cap{color:#69727d;border:3px solid;background-color:transparent}.elementor-widget-text-editor:not(.elementor-drop-cap-view-default) .elementor-drop-cap{margin-top:8px}.elementor-widget-text-editor:not(.elementor-drop-cap-view-default) .elementor-drop-cap-letter{width:1em;height:1em}.elementor-widget-text-editor .elementor-drop-cap{float:left;text-align:center;line-height:1;font-size:50px}.elementor-widget-text-editor .elementor-drop-cap-letter{display:inline-block}<\/style>\t\t\t\t<p>Men&#039;s Ultra HD LIPO - Ugraft is an advanced liposuction technique specially designed for men, which aims not only to remove fat, but to sculpt the body in detail to enhance muscle definition. This technique is different due to its focus on accentuating male musculature, creating a more athletic and defined appearance. A high definition (HD) liposuction approach is used, which allows for precise and detailed contouring of target areas such as the abdomen, pectorals, back and arms. The Ugraft procedure is particularly suitable for men who, despite an active and healthy lifestyle, are unable to achieve the desired level of muscle definition.<\/p><p>This technique is more than just fat reduction; It is a form of body sculpting that takes into account the unique characteristics of the male body. The goal is to create a more athletic contour, highlighting muscles and providing a more toned and muscular appearance.<\/p>\t\t\t\t\t\t<\/div>\n\t\t\t\t<\/div>\n\t\t\t\t<\/div>\n\t\t<div class=\"elementor-element elementor-element-faed825 e-con-full e-flex e-con e-child\" data-id=\"faed825\" data-element_type=\"container\" data-settings=\"{&quot;background_background&quot;:&quot;classic&quot;}\">\n\t\t\t\t<\/div>\n\t\t\t\t\t<\/div>\n\t\t\t\t<\/div>\n\t\t<div class=\"elementor-element elementor-element-a5ae74b e-flex e-con-boxed e-con e-parent\" data-id=\"a5ae74b\" data-element_type=\"container\" data-settings=\"{&quot;background_background&quot;:&quot;classic&quot;}\">\n\t\t\t\t\t<div class=\"e-con-inner\">\n\t\t<div class=\"elementor-element elementor-element-dd27f6f e-con-full e-flex e-con e-child\" data-id=\"dd27f6f\" data-element_type=\"container\">\n\t\t\t\t<div class=\"elementor-element elementor-element-190754c elementor-widget elementor-widget-heading\" data-id=\"190754c\" data-element_type=\"widget\" data-widget_type=\"heading.default\">\n\t\t\t\t<div class=\"elementor-widget-container\">\n\t\t\t<h2 class=\"elementor-heading-title elementor-size-default\">Surgical procedures<\/h2>\t\t<\/div>\n\t\t\t\t<\/div>\n\t\t\t\t<div class=\"elementor-element elementor-element-01c25d8 elementor-widget__width-initial elementor-widget elementor-widget-text-editor\" data-id=\"01c25d8\" data-element_type=\"widget\" data-widget_type=\"text-editor.default\">\n\t\t\t\t<div class=\"elementor-widget-container\">\n\t\t\t\t\t\t\t<p>Men&#039;s Ultra HD LIPO - Ugraft involves the use of advanced and precise liposuction techniques to selectively remove fat and sculpt the body, emphasizing natural muscle definition, which results in a more athletic profile and a significantly more toned and defined appearance.<\/p>\t\t\t\t\t\t<\/div>\n\t\t\t\t<\/div>\n\t\t\t\t<\/div>\n\t\t<div class=\"elementor-element elementor-element-bbc7f34 e-con-full e-flex e-con e-child\" data-id=\"bbc7f34\" data-element_type=\"container\">\n\t\t<div class=\"elementor-element elementor-element-bc6aed3 e-con-full e-flex e-con e-child\" data-id=\"bc6aed3\" data-element_type=\"container\">\n\t\t\t\t<div class=\"elementor-element elementor-element-a5f49e3 elementor-widget elementor-widget-heading\" data-id=\"a5f49e3\" data-element_type=\"widget\" data-widget_type=\"heading.default\">\n\t\t\t\t<div class=\"elementor-widget-container\">\n\t\t\t<h2 class=\"elementor-heading-title elementor-size-default\">Benefits<\/h2>\t\t<\/div>\n\t\t\t\t<\/div>\n\t\t\t\t<div class=\"elementor-element elementor-element-4ff0ca8 elementor-widget__width-initial elementor-widget elementor-widget-text-editor\" data-id=\"4ff0ca8\" data-element_type=\"widget\" data-widget_type=\"text-editor.default\">\n\t\t\t\t<div class=\"elementor-widget-container\">\n\t\t\t\t\t\t\t<p>The benefits of Male Ultra HD LIPO \u2013 Ugraft include a significant improvement in muscle definition and body aesthetics, providing a more athletic and sculpted appearance, which can lead to increased self-confidence and greater satisfaction with body image.<\/p>\t\t\t\t\t\t<\/div>\n\t\t\t\t<\/div>\n\t\t\t\t<\/div>\n\t\t\t\t<\/div>\n\t\t\t\t\t<\/div>\n\t\t\t\t<\/div>\n\t\t<div class=\"elementor-element elementor-element-0f5c4ab e-flex e-con-boxed e-con e-parent\" data-id=\"0f5c4ab\" data-element_type=\"container\" data-settings=\"{&quot;background_background&quot;:&quot;classic&quot;}\">\n\t\t\t\t\t<div class=\"e-con-inner\">\n\t\t\t\t<div class=\"elementor-element elementor-element-69ad522 elementor-widget elementor-widget-heading\" data-id=\"69ad522\" data-element_type=\"widget\" data-widget_type=\"heading.default\">\n\t\t\t\t<div class=\"elementor-widget-container\">\n\t\t\t<h2 class=\"elementor-heading-title elementor-size-default\">Recovery and post-operative follow-up<\/h2>\t\t<\/div>\n\t\t\t\t<\/div>\n\t\t\t\t<div class=\"elementor-element elementor-element-7909803 elementor-widget__width-initial elementor-widget elementor-widget-text-editor\" data-id=\"7909803\" data-element_type=\"widget\" data-widget_type=\"text-editor.default\">\n\t\t\t\t<div class=\"elementor-widget-container\">\n\t\t\t\t\t\t\t<div class=\"flex-1 overflow-hidden\"><div class=\"react-scroll-to-bottom--css-jgeaw-79elbk h-full\"><div class=\"react-scroll-to-bottom--css-jgeaw-1n7m0yu\"><div class=\"flex flex-col pb-9 text-sm\"><div class=\"w-full text-token-text-primary\" data-testid=\"conversation-turn-44\"><div class=\"px-4 py-2 justify-center text-base md:gap-6 m-auto\"><div class=\"flex flex-1 text-base mx-auto gap-3 md:px-5 lg:px-1 xl:px-5 md:max-w-3xl lg:max-w-[40rem] xl:max-w-[48rem] group final-completion\"><div class=\"relative flex w-full flex-col lg:w-[calc(100%-115px)] agent-turn\"><div class=\"flex-col gap-1 md:gap-3\"><div class=\"flex flex-grow flex-col max-w-full\"><div class=\"min-h-[20px] text-message flex flex-col items-start gap-3 whitespace-pre-wrap break-words [.text-message+&amp;]:mt-5 overflow-x-auto\" data-message-author-role=\"assistant\" data-message-id=\"81663198-7231-47ed-a857-b538677b882c\"><div class=\"markdown prose w-full break-words dark:prose-invert light\"><p>Recovery from this procedure requires a period of rest and limitation of physical activities, with detailed guidelines for post-operative care to ensure adequate healing and maintenance of aesthetic results. Post-operative follow-up by the surgeon is crucial to monitor the healing process, evaluate the results and offer continuous support during recovery, ensuring that the patient obtains a satisfactory and safe result.<\/p><\/div><\/div><\/div><\/div><\/div><\/div><\/div><\/div><\/div><\/div><\/div><\/div>\t\t\t\t\t\t<\/div>\n\t\t\t\t<\/div>\n\t\t\t\t\t<\/div>\n\t\t\t\t<\/div>\n\t\t<div class=\"elementor-element elementor-element-bd44107 e-flex e-con-boxed e-con e-parent\" data-id=\"bd44107\" data-element_type=\"container\" data-settings=\"{&quot;background_background&quot;:&quot;classic&quot;,&quot;shape_divider_top&quot;:&quot;opacity-tilt&quot;}\">\n\t\t\t\t\t<div class=\"e-con-inner\">\n\t\t\t\t<div class=\"elementor-shape elementor-shape-top\" data-negative=\"false\">\n\t\t\t<svg xmlns=\"http:\/\/www.w3.org\/2000\/svg\" viewbox=\"0 0 2600 131.1\" preserveaspectratio=\"none\">\n\t<path class=\"elementor-shape-fill\" d=\"M0 0L2600 0 2600 69.1 0 0z\"\/>\n\t<path class=\"elementor-shape-fill\" style=\"opacity:0.5\" d=\"M0 0L2600 0 2600 69.1 0 69.1z\"\/>\n\t<path class=\"elementor-shape-fill\" style=\"opacity:0.25\" d=\"M2600 0L0 0 0 130.1 2600 69.1z\"\/>\n<\/svg>\t\t<\/div>\n\t\t<div class=\"elementor-element elementor-element-c04fd2a e-con-full e-flex e-con e-child\" data-id=\"c04fd2a\" data-element_type=\"container\">\n\t\t\t\t<div class=\"elementor-element elementor-element-cdbeb96 elementor-widget__width-initial elementor-widget elementor-widget-heading\" data-id=\"cdbeb96\" data-element_type=\"widget\" data-widget_type=\"heading.default\">\n\t\t\t\t<div class=\"elementor-widget-container\">\n\t\t\t<h2 class=\"elementor-heading-title elementor-size-default\">Contact<\/h2>\t\t<\/div>\n\t\t\t\t<\/div>\n\t\t\t\t<div class=\"elementor-element elementor-element-ff9e71e elementor-widget__width-initial elementor-widget elementor-widget-text-editor\" data-id=\"ff9e71e\" data-element_type=\"widget\" data-widget_type=\"text-editor.default\">\n\t\t\t\t<div class=\"elementor-widget-container\">\n\t\t\t\t\t\t\t<p>Connect to the change you want to see: contact us today and take the first step toward the transformation you deserve.<\/p>\t\t\t\t\t\t<\/div>\n\t\t\t\t<\/div>\n\t\t<div class=\"elementor-element elementor-element-4e13ecf e-con-full e-flex e-con e-child\" data-id=\"4e13ecf\" data-element_type=\"container\">\n\t\t<div class=\"elementor-element elementor-element-7b552b9 e-con-full e-flex e-con e-child\" data-id=\"7b552b9\" data-element_type=\"container\">\n\t\t\t\t<div class=\"elementor-element elementor-element-eeb25fb elementor-widget elementor-widget-image\" data-id=\"eeb25fb\" data-element_type=\"widget\" data-widget_type=\"image.default\">\n\t\t\t\t<div class=\"elementor-widget-container\">\n\t\t\t<style>\/*! elementor - v3.21.0 - 26-05-2024 *\/\n.elementor-widget-image{text-align:center}.elementor-widget-image a{display:inline-block}.elementor-widget-image a img[src$=\".svg\"]{width:48px}.elementor-widget-image img{vertical-align:middle;display:inline-block}<\/style>\t\t\t\t\t\t\t\t\t\t\t<a href=\"https:\/\/wa.me\/5516994053678?text=Ol%C3%A1!%20Vim%20pelo%20site%20e%20quero%20agendar%20minha%20consulta%20em%20Ribeir%C3%A3o%20Preto!%20\" target=\"_blank\">\n\t\t\t\t\t\t\t<img fetchpriority=\"high\" decoding=\"async\" width=\"512\" height=\"512\" src=\"https:\/\/drantoniomarcos.com.br\/wp-content\/uploads\/2026\/01\/Ribeirao-preto.webp\" class=\"attachment-large size-large wp-image-3868\" alt=\"\" srcset=\"https:\/\/drantoniomarcos.com.br\/wp-content\/uploads\/2026\/01\/Ribeirao-preto.webp 512w, https:\/\/drantoniomarcos.com.br\/wp-content\/uploads\/2026\/01\/Ribeirao-preto-300x300.webp 300w, https:\/\/drantoniomarcos.com.br\/wp-content\/uploads\/2026\/01\/Ribeirao-preto-150x150.webp 150w, https:\/\/drantoniomarcos.com.br\/wp-content\/uploads\/2026\/01\/Ribeirao-preto-12x12.webp 12w\" sizes=\"(max-width: 512px) 100vw, 512px\" \/>\t\t\t\t\t\t\t\t<\/a>\n\t\t\t\t\t\t\t\t\t\t\t\t\t<\/div>\n\t\t\t\t<\/div>\n\t\t\t\t<\/div>\n\t\t<div class=\"elementor-element elementor-element-4b3e23b e-con-full e-flex e-con e-child\" data-id=\"4b3e23b\" data-element_type=\"container\">\n\t\t\t\t<div class=\"elementor-element elementor-element-b943c23 elementor-widget elementor-widget-image\" data-id=\"b943c23\" data-element_type=\"widget\" data-widget_type=\"image.default\">\n\t\t\t\t<div class=\"elementor-widget-container\">\n\t\t\t\t\t\t\t\t\t\t\t\t\t\t<a href=\"https:\/\/wa.me\/5516994053678?text=Ol%C3%A1!%20Vim%20pelo%20site%20e%20quero%20agendar%20minha%20consulta%20em%20Bauru!%20\" target=\"_blank\">\n\t\t\t\t\t\t\t<img decoding=\"async\" width=\"512\" height=\"512\" src=\"https:\/\/drantoniomarcos.com.br\/wp-content\/uploads\/2026\/01\/Bauru.webp\" class=\"attachment-large size-large wp-image-3866\" alt=\"\" srcset=\"https:\/\/drantoniomarcos.com.br\/wp-content\/uploads\/2026\/01\/Bauru.webp 512w, https:\/\/drantoniomarcos.com.br\/wp-content\/uploads\/2026\/01\/Bauru-300x300.webp 300w, https:\/\/drantoniomarcos.com.br\/wp-content\/uploads\/2026\/01\/Bauru-150x150.webp 150w, https:\/\/drantoniomarcos.com.br\/wp-content\/uploads\/2026\/01\/Bauru-12x12.webp 12w\" sizes=\"(max-width: 512px) 100vw, 512px\" \/>\t\t\t\t\t\t\t\t<\/a>\n\t\t\t\t\t\t\t\t\t\t\t\t\t<\/div>\n\t\t\t\t<\/div>\n\t\t\t\t<\/div>\n\t\t<div class=\"elementor-element elementor-element-d5f5744 e-con-full e-flex e-con e-child\" data-id=\"d5f5744\" data-element_type=\"container\">\n\t\t\t\t<div class=\"elementor-element elementor-element-2c2a688 elementor-widget elementor-widget-image\" data-id=\"2c2a688\" data-element_type=\"widget\" data-widget_type=\"image.default\">\n\t\t\t\t<div class=\"elementor-widget-container\">\n\t\t\t\t\t\t\t\t\t\t\t\t\t\t<a href=\"https:\/\/wa.me\/5516994053678?text=Ol%C3%A1!%20Vim%20pelo%20site%20e%20quero%20agendar%20minha%20consulta%20em%20S%C3%A3o%20Paulo!%20\" target=\"_blank\">\n\t\t\t\t\t\t\t<img decoding=\"async\" width=\"512\" height=\"512\" src=\"https:\/\/drantoniomarcos.com.br\/wp-content\/uploads\/2026\/01\/Sao-Paulo.webp\" class=\"attachment-large size-large wp-image-3869\" alt=\"\" srcset=\"https:\/\/drantoniomarcos.com.br\/wp-content\/uploads\/2026\/01\/Sao-Paulo.webp 512w, https:\/\/drantoniomarcos.com.br\/wp-content\/uploads\/2026\/01\/Sao-Paulo-300x300.webp 300w, https:\/\/drantoniomarcos.com.br\/wp-content\/uploads\/2026\/01\/Sao-Paulo-150x150.webp 150w, https:\/\/drantoniomarcos.com.br\/wp-content\/uploads\/2026\/01\/Sao-Paulo-12x12.webp 12w\" sizes=\"(max-width: 512px) 100vw, 512px\" \/>\t\t\t\t\t\t\t\t<\/a>\n\t\t\t\t\t\t\t\t\t\t\t\t\t<\/div>\n\t\t\t\t<\/div>\n\t\t\t\t<\/div>\n\t\t<div class=\"elementor-element elementor-element-17c063d e-con-full e-flex e-con e-child\" data-id=\"17c063d\" data-element_type=\"container\">\n\t\t\t\t<div class=\"elementor-element elementor-element-58d79ac elementor-widget elementor-widget-image\" data-id=\"58d79ac\" data-element_type=\"widget\" data-widget_type=\"image.default\">\n\t\t\t\t<div class=\"elementor-widget-container\">\n\t\t\t\t\t\t\t\t\t\t\t\t\t\t<a href=\"https:\/\/wa.me\/5516994053678?text=Ol%C3%A1!%20Vim%20pelo%20site%20e%20quero%20agendar%20minha%20consulta%20Online!%20\" target=\"_blank\">\n\t\t\t\t\t\t\t<img loading=\"lazy\" decoding=\"async\" width=\"512\" height=\"512\" src=\"https:\/\/drantoniomarcos.com.br\/wp-content\/uploads\/2026\/01\/Consulta-Online.webp\" class=\"attachment-large size-large wp-image-3867\" alt=\"\" srcset=\"https:\/\/drantoniomarcos.com.br\/wp-content\/uploads\/2026\/01\/Consulta-Online.webp 512w, https:\/\/drantoniomarcos.com.br\/wp-content\/uploads\/2026\/01\/Consulta-Online-300x300.webp 300w, https:\/\/drantoniomarcos.com.br\/wp-content\/uploads\/2026\/01\/Consulta-Online-150x150.webp 150w, https:\/\/drantoniomarcos.com.br\/wp-content\/uploads\/2026\/01\/Consulta-Online-12x12.webp 12w\" sizes=\"(max-width: 512px) 100vw, 512px\" \/>\t\t\t\t\t\t\t\t<\/a>\n\t\t\t\t\t\t\t\t\t\t\t\t\t<\/div>\n\t\t\t\t<\/div>\n\t\t\t\t<\/div>\n\t\t\t\t<\/div>\n\t\t\t\t<\/div>\n\t\t\t\t\t<\/div>\n\t\t\t\t<\/div>\n\t\t\t\t<\/div>","protected":false},"excerpt":{"rendered":"<p>\/*! elementor &#8211; v3.21.0 &#8211; 26-05-2024 *\/ .elementor-heading-title{padding:0;margin:0;line-height:1}.elementor-widget-heading .elementor-heading-title[class*=elementor-size-]&gt;a{color:inherit;font-size:inherit;line-height:inherit}.elementor-widget-heading .elementor-heading-title.elementor-size-small{font-size:15px}.elementor-widget-heading .elementor-heading-title.elementor-size-medium{font-size:19px}.elementor-widget-heading .elementor-heading-title.elementor-size-large{font-size:29px}.elementor-widget-heading .elementor-heading-title.elementor-size-xl{font-size:39px}.elementor-widget-heading .elementor-heading-title.elementor-size-xxl{font-size:59px} LIPO Ultra HD Masculina &#8211; Ugraft O que \u00e9 a cirurgia de MILA &#8211; Lipoabdominoplastia Minimamente Invasiva? A LIPO Ultra HD Masculina &#8211; Ugraft \u00e9 uma t\u00e9cnica avan\u00e7ada de lipoaspira\u00e7\u00e3o especialmente projetada para homens, que visa n\u00e3o apenas a remo\u00e7\u00e3o de [&hellip;]<\/p>","protected":false},"author":8,"featured_media":0,"parent":0,"menu_order":0,"comment_status":"closed","ping_status":"closed","template":"elementor_header_footer","meta":{"footnotes":""},"acf":[],"_links":{"self":[{"href":"https:\/\/drantoniomarcos.com.br\/en\/wp-json\/wp\/v2\/pages\/2632"}],"collection":[{"href":"https:\/\/drantoniomarcos.com.br\/en\/wp-json\/wp\/v2\/pages"}],"about":[{"href":"https:\/\/drantoniomarcos.com.br\/en\/wp-json\/wp\/v2\/types\/page"}],"author":[{"embeddable":true,"href":"https:\/\/drantoniomarcos.com.br\/en\/wp-json\/wp\/v2\/users\/8"}],"replies":[{"embeddable":true,"href":"https:\/\/drantoniomarcos.com.br\/en\/wp-json\/wp\/v2\/comments?post=2632"}],"version-history":[{"count":22,"href":"https:\/\/drantoniomarcos.com.br\/en\/wp-json\/wp\/v2\/pages\/2632\/revisions"}],"predecessor-version":[{"id":3892,"href":"https:\/\/drantoniomarcos.com.br\/en\/wp-json\/wp\/v2\/pages\/2632\/revisions\/3892"}],"wp:attachment":[{"href":"https:\/\/drantoniomarcos.com.br\/en\/wp-json\/wp\/v2\/media?parent=2632"}],"curies":[{"name":"wp","href":"https:\/\/api.w.org\/{rel}","templated":true}]}}