{"id":3354,"date":"2024-06-01T14:30:31","date_gmt":"2024-06-01T17:30:31","guid":{"rendered":"https:\/\/drantoniomarcos.com.br\/?page_id=3354"},"modified":"2025-07-04T20:22:56","modified_gmt":"2025-07-04T23:22:56","slug":"links-youtube","status":"publish","type":"page","link":"https:\/\/drantoniomarcos.com.br\/en\/links-youtube\/","title":{"rendered":"Links YouTube Dr. Antonio Marcos"},"content":{"rendered":"<div data-elementor-type=\"wp-page\" data-elementor-id=\"3354\" class=\"elementor elementor-3354\" data-elementor-post-type=\"page\">\n\t\t\t\t<div class=\"elementor-element elementor-element-40bda44 e-con-full elementor-hidden-desktop elementor-hidden-tablet elementor-hidden-mobile e-flex e-con e-parent\" data-id=\"40bda44\" data-element_type=\"container\" data-settings=\"{&quot;background_background&quot;:&quot;classic&quot;,&quot;shape_divider_bottom&quot;:&quot;opacity-tilt&quot;}\">\n\t\t\t\t<div class=\"elementor-shape elementor-shape-bottom\" data-negative=\"false\">\n\t\t\t<svg xmlns=\"http:\/\/www.w3.org\/2000\/svg\" viewbox=\"0 0 2600 131.1\" preserveaspectratio=\"none\">\n\t<path class=\"elementor-shape-fill\" d=\"M0 0L2600 0 2600 69.1 0 0z\"\/>\n\t<path class=\"elementor-shape-fill\" style=\"opacity:0.5\" d=\"M0 0L2600 0 2600 69.1 0 69.1z\"\/>\n\t<path class=\"elementor-shape-fill\" style=\"opacity:0.25\" d=\"M2600 0L0 0 0 130.1 2600 69.1z\"\/>\n<\/svg>\t\t<\/div>\n\t\t\t\t<div class=\"elementor-element elementor-element-10e9c50 elementor-widget elementor-widget-heading\" data-id=\"10e9c50\" data-element_type=\"widget\" data-widget_type=\"heading.default\">\n\t\t\t\t<div class=\"elementor-widget-container\">\n\t\t\t<style>\/*! elementor - v3.21.0 - 26-05-2024 *\/\n.elementor-heading-title{padding:0;margin:0;line-height:1}.elementor-widget-heading .elementor-heading-title[class*=elementor-size-]>a{color:inherit;font-size:inherit;line-height:inherit}.elementor-widget-heading .elementor-heading-title.elementor-size-small{font-size:15px}.elementor-widget-heading .elementor-heading-title.elementor-size-medium{font-size:19px}.elementor-widget-heading .elementor-heading-title.elementor-size-large{font-size:29px}.elementor-widget-heading .elementor-heading-title.elementor-size-xl{font-size:39px}.elementor-widget-heading .elementor-heading-title.elementor-size-xxl{font-size:59px}<\/style><h2 class=\"elementor-heading-title elementor-size-default\">YOUR TRANSFORMATION WITH<\/h2>\t\t<\/div>\n\t\t\t\t<\/div>\n\t\t\t\t<div class=\"elementor-element elementor-element-5c39441 elementor-widget elementor-widget-heading\" data-id=\"5c39441\" data-element_type=\"widget\" data-widget_type=\"heading.default\">\n\t\t\t\t<div class=\"elementor-widget-container\">\n\t\t\t<h2 class=\"elementor-heading-title elementor-size-default\">Excellence and safety<\/h2>\t\t<\/div>\n\t\t\t\t<\/div>\n\t\t\t\t<div class=\"elementor-element elementor-element-ab0055c elementor-widget elementor-widget-heading\" data-id=\"ab0055c\" data-element_type=\"widget\" data-widget_type=\"heading.default\">\n\t\t\t\t<div class=\"elementor-widget-container\">\n\t\t\t<h2 class=\"elementor-heading-title elementor-size-default\">in plastic surgery <span style=\"font-weight: 600\">starts here!<\/span><\/h2>\t\t<\/div>\n\t\t\t\t<\/div>\n\t\t\t\t<div class=\"elementor-element elementor-element-54d0074 elementor-mobile-align-right elementor-align-left elementor-widget elementor-widget-button\" data-id=\"54d0074\" data-element_type=\"widget\" data-widget_type=\"button.default\">\n\t\t\t\t<div class=\"elementor-widget-container\">\n\t\t\t\t\t<div class=\"elementor-button-wrapper\">\n\t\t\t<a class=\"elementor-button elementor-button-link elementor-size-sm\" href=\"#\" target=\"_blank\">\n\t\t\t\t\t\t<span class=\"elementor-button-content-wrapper\">\n\t\t\t\t\t\t<span class=\"elementor-button-icon elementor-align-icon-right\">\n\t\t\t\t<i aria-hidden=\"true\" class=\"icon icon-down-arrow1\"><\/i>\t\t\t<\/span>\n\t\t\t\t\t\t\t\t\t<span class=\"elementor-button-text\">My links<\/span>\n\t\t\t\t\t<\/span>\n\t\t\t\t\t<\/a>\n\t\t<\/div>\n\t\t\t\t<\/div>\n\t\t\t\t<\/div>\n\t\t\t\t<\/div>\n\t\t<div class=\"elementor-element elementor-element-cbc2e35 e-con-full e-flex e-con e-parent\" data-id=\"cbc2e35\" data-element_type=\"container\" data-settings=\"{&quot;background_background&quot;:&quot;classic&quot;}\">\n\t\t<div class=\"elementor-element elementor-element-4690bd99 e-con-full e-flex e-con e-child\" data-id=\"4690bd99\" data-element_type=\"container\">\n\t\t\t\t<div class=\"elementor-element elementor-element-6cad20d2 elementor-widget elementor-widget-image\" data-id=\"6cad20d2\" data-element_type=\"widget\" data-widget_type=\"image.default\">\n\t\t\t\t<div class=\"elementor-widget-container\">\n\t\t\t<style>\/*! elementor - v3.21.0 - 26-05-2024 *\/\n.elementor-widget-image{text-align:center}.elementor-widget-image a{display:inline-block}.elementor-widget-image a img[src$=\".svg\"]{width:48px}.elementor-widget-image img{vertical-align:middle;display:inline-block}<\/style>\t\t\t\t\t\t\t\t\t\t<img fetchpriority=\"high\" decoding=\"async\" width=\"1024\" height=\"180\" src=\"https:\/\/drantoniomarcos.com.br\/wp-content\/uploads\/2024\/05\/logo-antonio-marcos.webp\" class=\"attachment-full size-full wp-image-3251\" alt=\"\" srcset=\"https:\/\/drantoniomarcos.com.br\/wp-content\/uploads\/2024\/05\/logo-antonio-marcos.webp 1024w, https:\/\/drantoniomarcos.com.br\/wp-content\/uploads\/2024\/05\/logo-antonio-marcos-300x53.webp 300w, https:\/\/drantoniomarcos.com.br\/wp-content\/uploads\/2024\/05\/logo-antonio-marcos-768x135.webp 768w\" sizes=\"(max-width: 1024px) 100vw, 1024px\" \/>\t\t\t\t\t\t\t\t\t\t\t\t\t<\/div>\n\t\t\t\t<\/div>\n\t\t\t\t<\/div>\n\t\t<div class=\"elementor-element elementor-element-77734de6 e-con-full e-flex e-con e-child\" data-id=\"77734de6\" data-element_type=\"container\">\n\t\t\t\t<div class=\"elementor-element elementor-element-61b85c36 elementor-widget elementor-widget-image\" data-id=\"61b85c36\" data-element_type=\"widget\" data-widget_type=\"image.default\">\n\t\t\t\t<div class=\"elementor-widget-container\">\n\t\t\t\t\t\t\t\t\t\t\t\t\t\t<a href=\"https:\/\/drantoniomarcos.com.br\/en\/contato-youtube\/\" target=\"_blank\">\n\t\t\t\t\t\t\t<img decoding=\"async\" width=\"1024\" height=\"361\" src=\"https:\/\/drantoniomarcos.com.br\/wp-content\/uploads\/2024\/05\/agendamento-antonio-marcos.webp\" class=\"attachment-full size-full wp-image-3252\" alt=\"\" srcset=\"https:\/\/drantoniomarcos.com.br\/wp-content\/uploads\/2024\/05\/agendamento-antonio-marcos.webp 1024w, https:\/\/drantoniomarcos.com.br\/wp-content\/uploads\/2024\/05\/agendamento-antonio-marcos-300x106.webp 300w, https:\/\/drantoniomarcos.com.br\/wp-content\/uploads\/2024\/05\/agendamento-antonio-marcos-768x271.webp 768w\" sizes=\"(max-width: 1024px) 100vw, 1024px\" \/>\t\t\t\t\t\t\t\t<\/a>\n\t\t\t\t\t\t\t\t\t\t\t\t\t<\/div>\n\t\t\t\t<\/div>\n\t\t\t\t<\/div>\n\t\t<div class=\"elementor-element elementor-element-6709c63b e-con-full e-flex e-con e-child\" data-id=\"6709c63b\" data-element_type=\"container\">\n\t\t\t\t<div class=\"elementor-element elementor-element-5285f63 elementor-widget elementor-widget-image\" data-id=\"5285f63\" data-element_type=\"widget\" data-widget_type=\"image.default\">\n\t\t\t\t<div class=\"elementor-widget-container\">\n\t\t\t\t\t\t\t\t\t\t\t\t\t\t<a href=\"https:\/\/maps.app.goo.gl\/bqrMsdZGoE9D3kKu5\" target=\"_blank\">\n\t\t\t\t\t\t\t<img decoding=\"async\" width=\"1024\" height=\"361\" src=\"https:\/\/drantoniomarcos.com.br\/wp-content\/uploads\/2024\/05\/maps-antonio-marcos-bauru.webp\" class=\"attachment-full size-full wp-image-3330\" alt=\"\" srcset=\"https:\/\/drantoniomarcos.com.br\/wp-content\/uploads\/2024\/05\/maps-antonio-marcos-bauru.webp 1024w, https:\/\/drantoniomarcos.com.br\/wp-content\/uploads\/2024\/05\/maps-antonio-marcos-bauru-300x106.webp 300w, https:\/\/drantoniomarcos.com.br\/wp-content\/uploads\/2024\/05\/maps-antonio-marcos-bauru-768x271.webp 768w\" sizes=\"(max-width: 1024px) 100vw, 1024px\" \/>\t\t\t\t\t\t\t\t<\/a>\n\t\t\t\t\t\t\t\t\t\t\t\t\t<\/div>\n\t\t\t\t<\/div>\n\t\t\t\t<\/div>\n\t\t<div class=\"elementor-element elementor-element-254e9dde e-con-full e-flex e-con e-child\" data-id=\"254e9dde\" data-element_type=\"container\">\n\t\t\t\t<div class=\"elementor-element elementor-element-3389455b elementor-widget elementor-widget-image\" data-id=\"3389455b\" data-element_type=\"widget\" data-widget_type=\"image.default\">\n\t\t\t\t<div class=\"elementor-widget-container\">\n\t\t\t\t\t\t\t\t\t\t\t\t\t\t<a href=\"https:\/\/maps.app.goo.gl\/1wZjTULLZiA2hLQm8\" target=\"_blank\">\n\t\t\t\t\t\t\t<img loading=\"lazy\" decoding=\"async\" width=\"1024\" height=\"361\" src=\"https:\/\/drantoniomarcos.com.br\/wp-content\/uploads\/2024\/05\/maps-antonio-marcos-ribeirao-preto.webp\" class=\"attachment-full size-full wp-image-3331\" alt=\"\" srcset=\"https:\/\/drantoniomarcos.com.br\/wp-content\/uploads\/2024\/05\/maps-antonio-marcos-ribeirao-preto.webp 1024w, https:\/\/drantoniomarcos.com.br\/wp-content\/uploads\/2024\/05\/maps-antonio-marcos-ribeirao-preto-300x106.webp 300w, https:\/\/drantoniomarcos.com.br\/wp-content\/uploads\/2024\/05\/maps-antonio-marcos-ribeirao-preto-768x271.webp 768w\" sizes=\"(max-width: 1024px) 100vw, 1024px\" \/>\t\t\t\t\t\t\t\t<\/a>\n\t\t\t\t\t\t\t\t\t\t\t\t\t<\/div>\n\t\t\t\t<\/div>\n\t\t\t\t<\/div>\n\t\t<div class=\"elementor-element elementor-element-6fb2f539 e-con-full e-flex e-con e-child\" data-id=\"6fb2f539\" data-element_type=\"container\">\n\t\t\t\t<div class=\"elementor-element elementor-element-17fdca65 elementor-widget elementor-widget-image\" data-id=\"17fdca65\" data-element_type=\"widget\" data-widget_type=\"image.default\">\n\t\t\t\t<div class=\"elementor-widget-container\">\n\t\t\t\t\t\t\t\t\t\t\t\t\t\t<a href=\"https:\/\/www.youtube.com\/@antoniomarcoscirurgiaplastica\" target=\"_blank\">\n\t\t\t\t\t\t\t<img loading=\"lazy\" decoding=\"async\" width=\"1024\" height=\"361\" src=\"https:\/\/drantoniomarcos.com.br\/wp-content\/uploads\/2024\/05\/youtube-antonio-marcos-2.webp\" class=\"attachment-full size-full wp-image-3335\" alt=\"\" srcset=\"https:\/\/drantoniomarcos.com.br\/wp-content\/uploads\/2024\/05\/youtube-antonio-marcos-2.webp 1024w, https:\/\/drantoniomarcos.com.br\/wp-content\/uploads\/2024\/05\/youtube-antonio-marcos-2-300x106.webp 300w, https:\/\/drantoniomarcos.com.br\/wp-content\/uploads\/2024\/05\/youtube-antonio-marcos-2-768x271.webp 768w\" sizes=\"(max-width: 1024px) 100vw, 1024px\" \/>\t\t\t\t\t\t\t\t<\/a>\n\t\t\t\t\t\t\t\t\t\t\t\t\t<\/div>\n\t\t\t\t<\/div>\n\t\t\t\t<\/div>\n\t\t<div class=\"elementor-element elementor-element-525fec3f e-con-full e-flex e-con e-child\" data-id=\"525fec3f\" data-element_type=\"container\">\n\t\t\t\t<div class=\"elementor-element elementor-element-16040744 elementor-widget elementor-widget-image\" data-id=\"16040744\" data-element_type=\"widget\" data-widget_type=\"image.default\">\n\t\t\t\t<div class=\"elementor-widget-container\">\n\t\t\t\t\t\t\t\t\t\t\t\t\t\t<a href=\"https:\/\/www.instagram.com\/drantoniomarcos\/\" target=\"_blank\">\n\t\t\t\t\t\t\t<img loading=\"lazy\" decoding=\"async\" width=\"1024\" height=\"361\" src=\"https:\/\/drantoniomarcos.com.br\/wp-content\/uploads\/2024\/05\/instagram-antonio-marcos-v2.webp\" class=\"attachment-full size-full wp-image-3333\" alt=\"\" srcset=\"https:\/\/drantoniomarcos.com.br\/wp-content\/uploads\/2024\/05\/instagram-antonio-marcos-v2.webp 1024w, https:\/\/drantoniomarcos.com.br\/wp-content\/uploads\/2024\/05\/instagram-antonio-marcos-v2-300x106.webp 300w, https:\/\/drantoniomarcos.com.br\/wp-content\/uploads\/2024\/05\/instagram-antonio-marcos-v2-768x271.webp 768w\" sizes=\"(max-width: 1024px) 100vw, 1024px\" \/>\t\t\t\t\t\t\t\t<\/a>\n\t\t\t\t\t\t\t\t\t\t\t\t\t<\/div>\n\t\t\t\t<\/div>\n\t\t\t\t<\/div>\n\t\t<div class=\"elementor-element elementor-element-75fa91de e-con-full e-flex e-con e-child\" data-id=\"75fa91de\" data-element_type=\"container\">\n\t\t\t\t<div class=\"elementor-element elementor-element-439a7bda elementor-widget elementor-widget-image\" data-id=\"439a7bda\" data-element_type=\"widget\" data-widget_type=\"image.default\">\n\t\t\t\t<div class=\"elementor-widget-container\">\n\t\t\t\t\t\t\t\t\t\t\t\t\t\t<a href=\"https:\/\/drantoniomarcos.com.br\/en\/\">\n\t\t\t\t\t\t\t<img loading=\"lazy\" decoding=\"async\" width=\"1024\" height=\"361\" src=\"https:\/\/drantoniomarcos.com.br\/wp-content\/uploads\/2024\/05\/site-antonio-marcos-v2.webp\" class=\"attachment-full size-full wp-image-3334\" alt=\"\" srcset=\"https:\/\/drantoniomarcos.com.br\/wp-content\/uploads\/2024\/05\/site-antonio-marcos-v2.webp 1024w, https:\/\/drantoniomarcos.com.br\/wp-content\/uploads\/2024\/05\/site-antonio-marcos-v2-300x106.webp 300w, https:\/\/drantoniomarcos.com.br\/wp-content\/uploads\/2024\/05\/site-antonio-marcos-v2-768x271.webp 768w\" sizes=\"(max-width: 1024px) 100vw, 1024px\" \/>\t\t\t\t\t\t\t\t<\/a>\n\t\t\t\t\t\t\t\t\t\t\t\t\t<\/div>\n\t\t\t\t<\/div>\n\t\t\t\t<\/div>\n\t\t<div class=\"elementor-element elementor-element-45277300 e-con-full e-flex e-con e-child\" data-id=\"45277300\" data-element_type=\"container\">\n\t\t\t\t<\/div>\n\t\t<div class=\"elementor-element elementor-element-56d6c47f e-con-full e-flex e-con e-child\" data-id=\"56d6c47f\" data-element_type=\"container\">\n\t\t\t\t<div class=\"elementor-element elementor-element-563cc682 elementor-widget elementor-widget-text-editor\" data-id=\"563cc682\" data-element_type=\"widget\" data-widget_type=\"text-editor.default\">\n\t\t\t\t<div class=\"elementor-widget-container\">\n\t\t\t<style>\/*! elementor - v3.21.0 - 26-05-2024 *\/\n.elementor-widget-text-editor.elementor-drop-cap-view-stacked .elementor-drop-cap{background-color:#69727d;color:#fff}.elementor-widget-text-editor.elementor-drop-cap-view-framed .elementor-drop-cap{color:#69727d;border:3px solid;background-color:transparent}.elementor-widget-text-editor:not(.elementor-drop-cap-view-default) .elementor-drop-cap{margin-top:8px}.elementor-widget-text-editor:not(.elementor-drop-cap-view-default) .elementor-drop-cap-letter{width:1em;height:1em}.elementor-widget-text-editor .elementor-drop-cap{float:left;text-align:center;line-height:1;font-size:50px}.elementor-widget-text-editor .elementor-drop-cap-letter{display:inline-block}<\/style>\t\t\t\t<p>Ant\u00f4nio Marcos \u2013 Advanced Plastic Surgery \u2013 All Rights Reserved \u2013 CNPJ 42.791.802\/0001-07<\/p>\t\t\t\t\t\t<\/div>\n\t\t\t\t<\/div>\n\t\t\t\t<\/div>\n\t\t\t\t<\/div>\n\t\t\t\t<\/div>","protected":false},"excerpt":{"rendered":"<p>\/*! elementor &#8211; v3.21.0 &#8211; 26-05-2024 *\/ .elementor-heading-title{padding:0;margin:0;line-height:1}.elementor-widget-heading .elementor-heading-title[class*=elementor-size-]&gt;a{color:inherit;font-size:inherit;line-height:inherit}.elementor-widget-heading .elementor-heading-title.elementor-size-small{font-size:15px}.elementor-widget-heading .elementor-heading-title.elementor-size-medium{font-size:19px}.elementor-widget-heading .elementor-heading-title.elementor-size-large{font-size:29px}.elementor-widget-heading .elementor-heading-title.elementor-size-xl{font-size:39px}.elementor-widget-heading .elementor-heading-title.elementor-size-xxl{font-size:59px} SUA TRANSFORMA\u00c7\u00c3O COM Excel\u00eancia e seguran\u00e7a em cirurgia pl\u00e1stica come\u00e7a aqui! Meus links \/*! elementor &#8211; v3.21.0 &#8211; 26-05-2024 *\/ .elementor-widget-image{text-align:center}.elementor-widget-image a{display:inline-block}.elementor-widget-image a img[src$=&#8221;.svg&#8221;]{width:48px}.elementor-widget-image img{vertical-align:middle;display:inline-block} Ant\u00f4nio Marcos \u2013 Cirurgia Pl\u00e1stica Avan\u00e7ada \u2013 Todos Direitos Reservados \u2013 CNPJ 42.791.802\/0001-07<\/p>","protected":false},"author":10,"featured_media":3355,"parent":0,"menu_order":0,"comment_status":"closed","ping_status":"closed","template":"elementor_canvas","meta":{"footnotes":""},"acf":[],"_links":{"self":[{"href":"https:\/\/drantoniomarcos.com.br\/en\/wp-json\/wp\/v2\/pages\/3354"}],"collection":[{"href":"https:\/\/drantoniomarcos.com.br\/en\/wp-json\/wp\/v2\/pages"}],"about":[{"href":"https:\/\/drantoniomarcos.com.br\/en\/wp-json\/wp\/v2\/types\/page"}],"author":[{"embeddable":true,"href":"https:\/\/drantoniomarcos.com.br\/en\/wp-json\/wp\/v2\/users\/10"}],"replies":[{"embeddable":true,"href":"https:\/\/drantoniomarcos.com.br\/en\/wp-json\/wp\/v2\/comments?post=3354"}],"version-history":[{"count":8,"href":"https:\/\/drantoniomarcos.com.br\/en\/wp-json\/wp\/v2\/pages\/3354\/revisions"}],"predecessor-version":[{"id":3793,"href":"https:\/\/drantoniomarcos.com.br\/en\/wp-json\/wp\/v2\/pages\/3354\/revisions\/3793"}],"wp:featuredmedia":[{"embeddable":true,"href":"https:\/\/drantoniomarcos.com.br\/en\/wp-json\/wp\/v2\/media\/3355"}],"wp:attachment":[{"href":"https:\/\/drantoniomarcos.com.br\/en\/wp-json\/wp\/v2\/media?parent=3354"}],"curies":[{"name":"wp","href":"https:\/\/api.w.org\/{rel}","templated":true}]}}