{"id":2179,"date":"2024-04-01T23:02:04","date_gmt":"2024-04-02T02:02:04","guid":{"rendered":"https:\/\/drantoniomarcos.com.br\/?page_id=2179"},"modified":"2024-04-23T13:23:19","modified_gmt":"2024-04-23T16:23:19","slug":"artigos","status":"publish","type":"page","link":"https:\/\/drantoniomarcos.com.br\/es\/artigos\/","title":{"rendered":"Art\u00edculos"},"content":{"rendered":"<div data-elementor-type=\"wp-page\" data-elementor-id=\"2179\" class=\"elementor elementor-2179\" data-elementor-post-type=\"page\">\n\t\t\t\t<div class=\"elementor-element elementor-element-39e8d37 e-flex e-con-boxed e-con e-parent\" data-id=\"39e8d37\" data-element_type=\"container\" data-settings=\"{&quot;background_background&quot;:&quot;classic&quot;}\">\n\t\t\t\t\t<div class=\"e-con-inner\">\n\t\t\t\t<div class=\"elementor-element elementor-element-4b4b087 elementor-grid-1 elementor-grid-tablet-1 elementor-grid-mobile-1 elementor-widget elementor-widget-loop-grid\" data-id=\"4b4b087\" data-element_type=\"widget\" data-settings=\"{&quot;template_id&quot;:&quot;2296&quot;,&quot;columns&quot;:1,&quot;columns_tablet&quot;:1,&quot;_skin&quot;:&quot;post&quot;,&quot;columns_mobile&quot;:&quot;1&quot;,&quot;edit_handle_selector&quot;:&quot;[data-elementor-type=\\&quot;loop-item\\&quot;]&quot;,&quot;row_gap&quot;:{&quot;unit&quot;:&quot;px&quot;,&quot;size&quot;:&quot;&quot;,&quot;sizes&quot;:[]},&quot;row_gap_tablet&quot;:{&quot;unit&quot;:&quot;px&quot;,&quot;size&quot;:&quot;&quot;,&quot;sizes&quot;:[]},&quot;row_gap_mobile&quot;:{&quot;unit&quot;:&quot;px&quot;,&quot;size&quot;:&quot;&quot;,&quot;sizes&quot;:[]}}\" data-widget_type=\"loop-grid.post\">\n\t\t\t\t<div class=\"elementor-widget-container\">\n\t\t\t<link rel=\"stylesheet\" href=\"https:\/\/drantoniomarcos.com.br\/wp-content\/plugins\/elementor-pro\/assets\/css\/widget-loop-builder.min.css\">\t\t<div class=\"elementor-loop-container elementor-grid\">\n\t\t<style id=\"loop-2296\">.elementor-2296 .elementor-element.elementor-element-382c514{--display:flex;--flex-direction:row;--container-widget-width:initial;--container-widget-height:100%;--container-widget-flex-grow:1;--container-widget-align-self:stretch;--justify-content:flex-end;--gap:0px 24px;--background-transition:0.3s;--margin-top:0px;--margin-bottom:0px;--margin-left:0px;--margin-right:0px;--padding-top:0px;--padding-bottom:0px;--padding-left:0px;--padding-right:0px;}.elementor-2296 .elementor-element.elementor-element-382c514:not(.elementor-motion-effects-element-type-background), .elementor-2296 .elementor-element.elementor-element-382c514 > .elementor-motion-effects-container > .elementor-motion-effects-layer{background-color:var( --e-global-color-0e42dac );}.elementor-2296 .elementor-element.elementor-element-382c514, .elementor-2296 .elementor-element.elementor-element-382c514::before{--border-transition:0.3s;}.elementor-2296 .elementor-element.elementor-element-7b988ee{--display:flex;--flex-direction:column;--container-widget-width:100%;--container-widget-height:initial;--container-widget-flex-grow:0;--container-widget-align-self:initial;--gap:32px 32px;--background-transition:0.3s;--margin-top:0px;--margin-bottom:0px;--margin-left:0px;--margin-right:0px;--padding-top:0px;--padding-bottom:0px;--padding-left:0px;--padding-right:0px;}.elementor-2296 .elementor-element.elementor-element-57b08c8 .elementor-icon-list-items:not(.elementor-inline-items) .elementor-icon-list-item:not(:last-child){padding-bottom:calc(24px\/2);}.elementor-2296 .elementor-element.elementor-element-57b08c8 .elementor-icon-list-items:not(.elementor-inline-items) .elementor-icon-list-item:not(:first-child){margin-top:calc(24px\/2);}.elementor-2296 .elementor-element.elementor-element-57b08c8 .elementor-icon-list-items.elementor-inline-items .elementor-icon-list-item{margin-right:calc(24px\/2);margin-left:calc(24px\/2);}.elementor-2296 .elementor-element.elementor-element-57b08c8 .elementor-icon-list-items.elementor-inline-items{margin-right:calc(-24px\/2);margin-left:calc(-24px\/2);}body.rtl .elementor-2296 .elementor-element.elementor-element-57b08c8 .elementor-icon-list-items.elementor-inline-items .elementor-icon-list-item:after{left:calc(-24px\/2);}body:not(.rtl) .elementor-2296 .elementor-element.elementor-element-57b08c8 .elementor-icon-list-items.elementor-inline-items .elementor-icon-list-item:after{right:calc(-24px\/2);}.elementor-2296 .elementor-element.elementor-element-57b08c8 .elementor-icon-list-icon{width:14px;}.elementor-2296 .elementor-element.elementor-element-57b08c8 .elementor-icon-list-icon i{font-size:14px;}.elementor-2296 .elementor-element.elementor-element-57b08c8 .elementor-icon-list-icon svg{--e-icon-list-icon-size:14px;}.elementor-2296 .elementor-element.elementor-element-57b08c8 .elementor-icon-list-text, .elementor-2296 .elementor-element.elementor-element-57b08c8 .elementor-icon-list-text a{color:var( --e-global-color-d58e555 );}.elementor-2296 .elementor-element.elementor-element-57b08c8 .elementor-icon-list-item{font-family:\"Roboto\", Sans-serif;font-size:16px;font-weight:400;}.elementor-2296 .elementor-element.elementor-element-fae6ea6 .elementor-heading-title{color:var( --e-global-color-d58e555 );font-family:\"Roboto\", Sans-serif;font-size:48px;font-weight:600;line-height:49px;}.elementor-2296 .elementor-element.elementor-element-09b2eb7{text-align:left;}.elementor-2296 .elementor-element.elementor-element-09b2eb7 img{width:417px;height:408px;object-fit:cover;object-position:center center;border-radius:24px 24px 24px 24px;}.elementor-2296 .elementor-element.elementor-element-09b2eb7.elementor-element{--align-self:flex-end;}.elementor-2296 .elementor-element.elementor-element-f62f79c .elementor-widget-container{color:var( --e-global-color-d58e555 );font-family:\"Roboto\", Sans-serif;font-size:16px;font-weight:400;}.elementor-2296 .elementor-element.elementor-element-29a412f .elementor-button{font-family:\"Roboto\", Sans-serif;font-size:14px;font-weight:500;text-transform:uppercase;letter-spacing:0.7px;fill:var( --e-global-color-d58e555 );color:var( --e-global-color-d58e555 );background-color:transparent;background-image:linear-gradient(180deg, var( --e-global-color-378f7b6 ) 0%, var( --e-global-color-01eaade ) 100%);border-radius:24px 24px 24px 24px;padding:12px 32px 12px 32px;}.elementor-2296 .elementor-element.elementor-element-29a412f .elementor-button:hover, .elementor-2296 .elementor-element.elementor-element-29a412f .elementor-button:focus{color:var( --e-global-color-bced9fa );background-color:transparent;background-image:linear-gradient(180deg, var( --e-global-color-d58e555 ) 0%, var( --e-global-color-d58e555 ) 100%);}.elementor-2296 .elementor-element.elementor-element-29a412f .elementor-button:hover svg, .elementor-2296 .elementor-element.elementor-element-29a412f .elementor-button:focus svg{fill:var( --e-global-color-bced9fa );}.elementor-2296 .elementor-element.elementor-element-8314a58{--display:flex;--flex-direction:column;--container-widget-width:100%;--container-widget-height:initial;--container-widget-flex-grow:0;--container-widget-align-self:initial;--background-transition:0.3s;--margin-top:0px;--margin-bottom:0px;--margin-left:0px;--margin-right:0px;--padding-top:0px;--padding-bottom:0px;--padding-left:0px;--padding-right:0px;}.elementor-2296 .elementor-element.elementor-element-b5c726a{text-align:left;}.elementor-2296 .elementor-element.elementor-element-b5c726a img{width:417px;height:408px;object-fit:cover;object-position:center center;border-radius:24px 24px 24px 24px;}.elementor-2296 .elementor-element.elementor-element-b5c726a.elementor-element{--align-self:flex-end;}@media(min-width:768px){.elementor-2296 .elementor-element.elementor-element-7b988ee{--width:60%;}.elementor-2296 .elementor-element.elementor-element-8314a58{--width:40%;}}@media(max-width:767px){.elementor-2296 .elementor-element.elementor-element-382c514{--gap:32px 32px;--flex-wrap:wrap;--padding-top:0px;--padding-bottom:0px;--padding-left:0px;--padding-right:0px;}.elementor-2296 .elementor-element.elementor-element-7b988ee{--gap:20px 20px;}.elementor-2296 .elementor-element.elementor-element-fae6ea6 .elementor-heading-title{font-size:30px;line-height:37px;}.elementor-2296 .elementor-element.elementor-element-f62f79c .elementor-widget-container{font-size:14px;}}<\/style>\t\t<div data-elementor-type=\"loop-item\" data-elementor-id=\"2296\" class=\"elementor elementor-2296 e-loop-item e-loop-item-3189 post-3189 post type-post status-publish format-standard has-post-thumbnail hentry category-cirurgias-plasticas\" data-elementor-post-type=\"elementor_library\" data-custom-edit-handle=\"1\">\n\t\t\t<div class=\"elementor-element elementor-element-382c514 e-con-full e-flex e-con e-parent\" data-id=\"382c514\" data-element_type=\"container\" data-settings=\"{&quot;background_background&quot;:&quot;classic&quot;}\">\n\t\t<div class=\"elementor-element elementor-element-7b988ee e-con-full e-flex e-con e-child\" data-id=\"7b988ee\" data-element_type=\"container\">\n\t\t\t\t<div class=\"elementor-element elementor-element-57b08c8 elementor-widget elementor-widget-post-info\" data-id=\"57b08c8\" data-element_type=\"widget\" data-widget_type=\"post-info.default\">\n\t\t\t\t<div class=\"elementor-widget-container\">\n\t\t\t<link rel=\"stylesheet\" href=\"https:\/\/drantoniomarcos.com.br\/wp-content\/plugins\/elementor\/assets\/css\/widget-icon-list.min.css\"><link rel=\"stylesheet\" href=\"https:\/\/drantoniomarcos.com.br\/wp-content\/plugins\/elementor-pro\/assets\/css\/widget-theme-elements.min.css\">\t\t<ul class=\"elementor-inline-items elementor-icon-list-items elementor-post-info\">\n\t\t\t\t\t\t\t\t<li class=\"elementor-icon-list-item elementor-repeater-item-fb4f6bc elementor-inline-item\" itemprop=\"about\">\n\t\t\t\t\t\t\t\t\t\t\t\t\t<span class=\"elementor-icon-list-text elementor-post-info__item elementor-post-info__item--type-terms\">\n\t\t\t\t\t\t\t\t\t\t<span class=\"elementor-post-info__terms-list\">\n\t\t\t\t<span class=\"elementor-post-info__terms-list-item\">Cirug\u00eda pl\u00e1stica<\/span>\t\t\t\t<\/span>\n\t\t\t\t\t<\/span>\n\t\t\t\t\t\t\t\t<\/li>\n\t\t\t\t<li class=\"elementor-icon-list-item elementor-repeater-item-d3efa42 elementor-inline-item\" itemprop=\"datePublished\">\n\t\t\t\t\t\t\t\t\t\t\t\t\t<span class=\"elementor-icon-list-text elementor-post-info__item elementor-post-info__item--type-date\">\n\t\t\t\t\t\t\t\t\t\t23\/04\/2024\t\t\t\t\t<\/span>\n\t\t\t\t\t\t\t\t<\/li>\n\t\t\t\t<\/ul>\n\t\t\t\t<\/div>\n\t\t\t\t<\/div>\n\t\t\t\t<div class=\"elementor-element elementor-element-fae6ea6 elementor-widget elementor-widget-theme-post-title elementor-page-title elementor-widget-heading\" data-id=\"fae6ea6\" data-element_type=\"widget\" data-widget_type=\"theme-post-title.default\">\n\t\t\t\t<div class=\"elementor-widget-container\">\n\t\t\t<style>\/*! elementor - v3.21.0 - 26-05-2024 *\/\n.elementor-heading-title{padding:0;margin:0;line-height:1}.elementor-widget-heading .elementor-heading-title[class*=elementor-size-]>a{color:inherit;font-size:inherit;line-height:inherit}.elementor-widget-heading .elementor-heading-title.elementor-size-small{font-size:15px}.elementor-widget-heading .elementor-heading-title.elementor-size-medium{font-size:19px}.elementor-widget-heading .elementor-heading-title.elementor-size-large{font-size:29px}.elementor-widget-heading .elementor-heading-title.elementor-size-xl{font-size:39px}.elementor-widget-heading .elementor-heading-title.elementor-size-xxl{font-size:59px}<\/style><h1 class=\"elementor-heading-title elementor-size-default\"><a href=\"https:\/\/drantoniomarcos.com.br\/es\/cirurgia-plastica-no-verao-exige-cuidados-especiais\/\">La cirug\u00eda pl\u00e1stica en verano requiere cuidados especiales.<\/a><\/h1>\t\t<\/div>\n\t\t\t\t<\/div>\n\t\t\t\t<div class=\"elementor-element elementor-element-09b2eb7 elementor-hidden-desktop elementor-hidden-tablet elementor-widget elementor-widget-theme-post-featured-image elementor-widget-image\" data-id=\"09b2eb7\" data-element_type=\"widget\" data-widget_type=\"theme-post-featured-image.default\">\n\t\t\t\t<div class=\"elementor-widget-container\">\n\t\t\t<style>\/*! elementor - v3.21.0 - 26-05-2024 *\/\n.elementor-widget-image{text-align:center}.elementor-widget-image a{display:inline-block}.elementor-widget-image a img[src$=\".svg\"]{width:48px}.elementor-widget-image img{vertical-align:middle;display:inline-block}<\/style>\t\t\t\t\t\t\t\t\t\t\t<a href=\"https:\/\/drantoniomarcos.com.br\/es\/cirurgia-plastica-no-verao-exige-cuidados-especiais\/\">\n\t\t\t\t\t\t\t<img fetchpriority=\"high\" decoding=\"async\" width=\"1200\" height=\"720\" src=\"https:\/\/drantoniomarcos.com.br\/wp-content\/uploads\/2024\/04\/1_wmc7anna-33961049.jpg\" class=\"attachment-full size-full wp-image-3190\" alt=\"\" srcset=\"https:\/\/drantoniomarcos.com.br\/wp-content\/uploads\/2024\/04\/1_wmc7anna-33961049.jpg 1200w, https:\/\/drantoniomarcos.com.br\/wp-content\/uploads\/2024\/04\/1_wmc7anna-33961049-300x180.jpg 300w, https:\/\/drantoniomarcos.com.br\/wp-content\/uploads\/2024\/04\/1_wmc7anna-33961049-1024x614.jpg 1024w, https:\/\/drantoniomarcos.com.br\/wp-content\/uploads\/2024\/04\/1_wmc7anna-33961049-768x461.jpg 768w\" sizes=\"(max-width: 1200px) 100vw, 1200px\" \/>\t\t\t\t\t\t\t\t<\/a>\n\t\t\t\t\t\t\t\t\t\t\t\t\t<\/div>\n\t\t\t\t<\/div>\n\t\t\t\t<div class=\"elementor-element elementor-element-f62f79c elementor-widget elementor-widget-theme-post-excerpt\" data-id=\"f62f79c\" data-element_type=\"widget\" data-widget_type=\"theme-post-excerpt.default\">\n\t\t\t\t<div class=\"elementor-widget-container\">\n\t\t\t<p>La preparaci\u00f3n preoperatoria incluye que el paciente sea aliviado de la inflamaci\u00f3n, con un peso y porcentaje de grasa adecuados. Sin embargo, el riesgo del procedimiento no es mayor con el calor. Muchas personas aprovechan los meses de diciembre y enero para someterse a procedimientos est\u00e9ticos, especialmente cirug\u00eda pl\u00e1stica, ya que el per\u00edodo vacacional permite el descanso necesario despu\u00e9s del procedimiento. Sin embargo, esto es [\u2026]<\/p>\n\t\t<\/div>\n\t\t\t\t<\/div>\n\t\t\t\t<div class=\"elementor-element elementor-element-29a412f elementor-align-left elementor-widget elementor-widget-button\" data-id=\"29a412f\" data-element_type=\"widget\" data-widget_type=\"button.default\">\n\t\t\t\t<div class=\"elementor-widget-container\">\n\t\t\t\t\t<div class=\"elementor-button-wrapper\">\n\t\t\t<a class=\"elementor-button elementor-button-link elementor-size-sm\" href=\"https:\/\/drantoniomarcos.com.br\/es\/cirurgia-plastica-no-verao-exige-cuidados-especiais\/\">\n\t\t\t\t\t\t<span class=\"elementor-button-content-wrapper\">\n\t\t\t\t\t\t\t\t\t<span class=\"elementor-button-text\">SIGUE LEYENDO<\/span>\n\t\t\t\t\t<\/span>\n\t\t\t\t\t<\/a>\n\t\t<\/div>\n\t\t\t\t<\/div>\n\t\t\t\t<\/div>\n\t\t\t\t<\/div>\n\t\t<div class=\"elementor-element elementor-element-8314a58 e-con-full elementor-hidden-mobile e-flex e-con e-child\" data-id=\"8314a58\" data-element_type=\"container\">\n\t\t\t\t<div class=\"elementor-element elementor-element-b5c726a elementor-widget elementor-widget-theme-post-featured-image elementor-widget-image\" data-id=\"b5c726a\" data-element_type=\"widget\" data-widget_type=\"theme-post-featured-image.default\">\n\t\t\t\t<div class=\"elementor-widget-container\">\n\t\t\t\t\t\t\t\t\t\t\t\t\t\t<a href=\"https:\/\/drantoniomarcos.com.br\/es\/cirurgia-plastica-no-verao-exige-cuidados-especiais\/\">\n\t\t\t\t\t\t\t<img fetchpriority=\"high\" decoding=\"async\" width=\"1200\" height=\"720\" src=\"https:\/\/drantoniomarcos.com.br\/wp-content\/uploads\/2024\/04\/1_wmc7anna-33961049.jpg\" class=\"attachment-full size-full wp-image-3190\" alt=\"\" srcset=\"https:\/\/drantoniomarcos.com.br\/wp-content\/uploads\/2024\/04\/1_wmc7anna-33961049.jpg 1200w, https:\/\/drantoniomarcos.com.br\/wp-content\/uploads\/2024\/04\/1_wmc7anna-33961049-300x180.jpg 300w, https:\/\/drantoniomarcos.com.br\/wp-content\/uploads\/2024\/04\/1_wmc7anna-33961049-1024x614.jpg 1024w, https:\/\/drantoniomarcos.com.br\/wp-content\/uploads\/2024\/04\/1_wmc7anna-33961049-768x461.jpg 768w\" sizes=\"(max-width: 1200px) 100vw, 1200px\" \/>\t\t\t\t\t\t\t\t<\/a>\n\t\t\t\t\t\t\t\t\t\t\t\t\t<\/div>\n\t\t\t\t<\/div>\n\t\t\t\t<\/div>\n\t\t\t\t<\/div>\n\t\t\t\t<\/div>\n\t\t\t\t<\/div>\n\t\t\n\t\t\t\t<\/div>\n\t\t\t\t<\/div>\n\t\t\t\t<div class=\"elementor-element elementor-element-8b0fea9 elementor-widget elementor-widget-heading\" data-id=\"8b0fea9\" data-element_type=\"widget\" data-widget_type=\"heading.default\">\n\t\t\t\t<div class=\"elementor-widget-container\">\n\t\t\t<h2 class=\"elementor-heading-title elementor-size-default\">Reflejos<\/h2>\t\t<\/div>\n\t\t\t\t<\/div>\n\t\t\t\t<div class=\"elementor-element elementor-element-4025ceb elementor-grid-3 elementor-grid-tablet-2 elementor-grid-mobile-1 elementor-widget elementor-widget-loop-grid\" data-id=\"4025ceb\" data-element_type=\"widget\" data-settings=\"{&quot;template_id&quot;:&quot;2311&quot;,&quot;row_gap&quot;:{&quot;unit&quot;:&quot;px&quot;,&quot;size&quot;:24,&quot;sizes&quot;:[]},&quot;row_gap_mobile&quot;:{&quot;unit&quot;:&quot;px&quot;,&quot;size&quot;:44,&quot;sizes&quot;:[]},&quot;_skin&quot;:&quot;post&quot;,&quot;columns&quot;:&quot;3&quot;,&quot;columns_tablet&quot;:&quot;2&quot;,&quot;columns_mobile&quot;:&quot;1&quot;,&quot;edit_handle_selector&quot;:&quot;[data-elementor-type=\\&quot;loop-item\\&quot;]&quot;,&quot;row_gap_tablet&quot;:{&quot;unit&quot;:&quot;px&quot;,&quot;size&quot;:&quot;&quot;,&quot;sizes&quot;:[]}}\" data-widget_type=\"loop-grid.post\">\n\t\t\t\t<div class=\"elementor-widget-container\">\n\t\t\t\t\t<div class=\"elementor-loop-container elementor-grid\">\n\t\t<style id=\"loop-2311\">.elementor-2311 .elementor-element.elementor-element-62bd57a{--display:flex;--flex-direction:column;--container-widget-width:100%;--container-widget-height:initial;--container-widget-flex-grow:0;--container-widget-align-self:initial;--gap:28px 28px;--background-transition:0.3s;--margin-top:0px;--margin-bottom:0px;--margin-left:0px;--margin-right:0px;--padding-top:0px;--padding-bottom:0px;--padding-left:0px;--padding-right:0px;}.elementor-2311 .elementor-element.elementor-element-62bd57a:not(.elementor-motion-effects-element-type-background), .elementor-2311 .elementor-element.elementor-element-62bd57a > .elementor-motion-effects-container > .elementor-motion-effects-layer{background-color:var( --e-global-color-0e42dac );}.elementor-2311 .elementor-element.elementor-element-62bd57a, .elementor-2311 .elementor-element.elementor-element-62bd57a::before{--border-transition:0.3s;}.elementor-2311 .elementor-element.elementor-element-08d6825{--display:flex;--background-transition:0.3s;--margin-top:0px;--margin-bottom:0px;--margin-left:0px;--margin-right:0px;--padding-top:0px;--padding-bottom:0px;--padding-left:0px;--padding-right:0px;}.elementor-2311 .elementor-element.elementor-element-644b6ff img{width:100%;height:385px;object-fit:cover;object-position:center center;border-radius:24px 24px 24px 24px;}.elementor-2311 .elementor-element.elementor-element-58e23ff{--display:flex;--gap:16px 16px;--background-transition:0.3s;--margin-top:0px;--margin-bottom:0px;--margin-left:0px;--margin-right:0px;--padding-top:0px;--padding-bottom:0px;--padding-left:0px;--padding-right:0px;}.elementor-2311 .elementor-element.elementor-element-3c60716 .elementor-icon-list-items:not(.elementor-inline-items) .elementor-icon-list-item:not(:last-child){padding-bottom:calc(24px\/2);}.elementor-2311 .elementor-element.elementor-element-3c60716 .elementor-icon-list-items:not(.elementor-inline-items) .elementor-icon-list-item:not(:first-child){margin-top:calc(24px\/2);}.elementor-2311 .elementor-element.elementor-element-3c60716 .elementor-icon-list-items.elementor-inline-items .elementor-icon-list-item{margin-right:calc(24px\/2);margin-left:calc(24px\/2);}.elementor-2311 .elementor-element.elementor-element-3c60716 .elementor-icon-list-items.elementor-inline-items{margin-right:calc(-24px\/2);margin-left:calc(-24px\/2);}body.rtl .elementor-2311 .elementor-element.elementor-element-3c60716 .elementor-icon-list-items.elementor-inline-items .elementor-icon-list-item:after{left:calc(-24px\/2);}body:not(.rtl) .elementor-2311 .elementor-element.elementor-element-3c60716 .elementor-icon-list-items.elementor-inline-items .elementor-icon-list-item:after{right:calc(-24px\/2);}.elementor-2311 .elementor-element.elementor-element-3c60716 .elementor-icon-list-icon{width:14px;}.elementor-2311 .elementor-element.elementor-element-3c60716 .elementor-icon-list-icon i{font-size:14px;}.elementor-2311 .elementor-element.elementor-element-3c60716 .elementor-icon-list-icon svg{--e-icon-list-icon-size:14px;}.elementor-2311 .elementor-element.elementor-element-3c60716 .elementor-icon-list-text, .elementor-2311 .elementor-element.elementor-element-3c60716 .elementor-icon-list-text a{color:var( --e-global-color-d58e555 );}.elementor-2311 .elementor-element.elementor-element-3c60716 .elementor-icon-list-item{font-family:\"Roboto\", Sans-serif;font-size:16px;font-weight:400;}.elementor-2311 .elementor-element.elementor-element-348fa94 .elementor-heading-title{color:var( --e-global-color-d58e555 );font-family:\"Roboto\", Sans-serif;font-size:30px;font-weight:700;line-height:37px;}@media(max-width:767px){.elementor-2311 .elementor-element.elementor-element-62bd57a{--gap:20px 20px;--padding-top:0px;--padding-bottom:0px;--padding-left:0px;--padding-right:0px;}.elementor-2311 .elementor-element.elementor-element-58e23ff{--gap:8px 8px;}.elementor-2311 .elementor-element.elementor-element-348fa94 .elementor-heading-title{font-size:20px;line-height:25px;}}@media(min-width:768px){.elementor-2311 .elementor-element.elementor-element-62bd57a{--content-width:1200px;}}<\/style>\t\t<div data-elementor-type=\"loop-item\" data-elementor-id=\"2311\" class=\"elementor elementor-2311 e-loop-item e-loop-item-3160 post-3160 post type-post status-publish format-standard has-post-thumbnail hentry category-cirurgias-plasticas\" data-elementor-post-type=\"elementor_library\" data-custom-edit-handle=\"1\">\n\t\t\t<div class=\"elementor-element elementor-element-62bd57a e-flex e-con-boxed e-con e-parent\" data-id=\"62bd57a\" data-element_type=\"container\" data-settings=\"{&quot;background_background&quot;:&quot;classic&quot;}\">\n\t\t\t\t\t<div class=\"e-con-inner\">\n\t\t<a class=\"elementor-element elementor-element-08d6825 e-con-full e-flex e-con e-child\" data-id=\"08d6825\" data-element_type=\"container\" href=\"https:\/\/drantoniomarcos.com.br\/es\/cirurgia-plastica-pode-ser-feita-no-verao-cuidado-com-os-mitos\/\">\n\t\t\t\t<div class=\"elementor-element elementor-element-644b6ff elementor-widget elementor-widget-theme-post-featured-image elementor-widget-image\" data-id=\"644b6ff\" data-element_type=\"widget\" data-widget_type=\"theme-post-featured-image.default\">\n\t\t\t\t<div class=\"elementor-widget-container\">\n\t\t\t\t\t\t\t\t\t\t\t\t\t<img decoding=\"async\" width=\"774\" height=\"476\" src=\"https:\/\/drantoniomarcos.com.br\/wp-content\/uploads\/2024\/04\/cirurgia-plastica-1hruaquya2qly.webp\" class=\"attachment-full size-full wp-image-3164\" alt=\"\" srcset=\"https:\/\/drantoniomarcos.com.br\/wp-content\/uploads\/2024\/04\/cirurgia-plastica-1hruaquya2qly.webp 774w, https:\/\/drantoniomarcos.com.br\/wp-content\/uploads\/2024\/04\/cirurgia-plastica-1hruaquya2qly-300x184.webp 300w, https:\/\/drantoniomarcos.com.br\/wp-content\/uploads\/2024\/04\/cirurgia-plastica-1hruaquya2qly-768x472.webp 768w\" sizes=\"(max-width: 774px) 100vw, 774px\" \/>\t\t\t\t\t\t\t\t\t\t\t\t\t<\/div>\n\t\t\t\t<\/div>\n\t\t\t\t<\/a>\n\t\t<div class=\"elementor-element elementor-element-58e23ff e-con-full e-flex e-con e-child\" data-id=\"58e23ff\" data-element_type=\"container\">\n\t\t\t\t<div class=\"elementor-element elementor-element-3c60716 elementor-widget elementor-widget-post-info\" data-id=\"3c60716\" data-element_type=\"widget\" data-widget_type=\"post-info.default\">\n\t\t\t\t<div class=\"elementor-widget-container\">\n\t\t\t\t\t<ul class=\"elementor-inline-items elementor-icon-list-items elementor-post-info\">\n\t\t\t\t\t\t\t\t<li class=\"elementor-icon-list-item elementor-repeater-item-fb4f6bc elementor-inline-item\" itemprop=\"about\">\n\t\t\t\t\t\t\t\t\t\t\t\t\t<span class=\"elementor-icon-list-text elementor-post-info__item elementor-post-info__item--type-terms\">\n\t\t\t\t\t\t\t\t\t\t<span class=\"elementor-post-info__terms-list\">\n\t\t\t\t<span class=\"elementor-post-info__terms-list-item\">Cirug\u00eda pl\u00e1stica<\/span>\t\t\t\t<\/span>\n\t\t\t\t\t<\/span>\n\t\t\t\t\t\t\t\t<\/li>\n\t\t\t\t<li class=\"elementor-icon-list-item elementor-repeater-item-d3efa42 elementor-inline-item\" itemprop=\"datePublished\">\n\t\t\t\t\t\t\t\t\t\t\t\t\t<span class=\"elementor-icon-list-text elementor-post-info__item elementor-post-info__item--type-date\">\n\t\t\t\t\t\t\t\t\t\t23\/04\/2024\t\t\t\t\t<\/span>\n\t\t\t\t\t\t\t\t<\/li>\n\t\t\t\t<\/ul>\n\t\t\t\t<\/div>\n\t\t\t\t<\/div>\n\t\t\t\t<div class=\"elementor-element elementor-element-348fa94 elementor-widget elementor-widget-theme-post-title elementor-page-title elementor-widget-heading\" data-id=\"348fa94\" data-element_type=\"widget\" data-widget_type=\"theme-post-title.default\">\n\t\t\t\t<div class=\"elementor-widget-container\">\n\t\t\t<h1 class=\"elementor-heading-title elementor-size-default\"><a href=\"https:\/\/drantoniomarcos.com.br\/es\/cirurgia-plastica-pode-ser-feita-no-verao-cuidado-com-os-mitos\/\">\u00bfSe puede realizar cirug\u00eda pl\u00e1stica en verano? Cuidado con los mitos<\/a><\/h1>\t\t<\/div>\n\t\t\t\t<\/div>\n\t\t\t\t<\/div>\n\t\t\t\t\t<\/div>\n\t\t\t\t<\/div>\n\t\t\t\t<\/div>\n\t\t\t\t<\/div>\n\t\t\n\t\t\t\t<\/div>\n\t\t\t\t<\/div>\n\t\t\t\t\t<\/div>\n\t\t\t\t<\/div>\n\t\t\t\t<\/div>","protected":false},"excerpt":{"rendered":"<p>Reflejos<\/p>","protected":false},"author":8,"featured_media":0,"parent":0,"menu_order":0,"comment_status":"closed","ping_status":"closed","template":"elementor_header_footer","meta":{"footnotes":""},"acf":[],"_links":{"self":[{"href":"https:\/\/drantoniomarcos.com.br\/es\/wp-json\/wp\/v2\/pages\/2179"}],"collection":[{"href":"https:\/\/drantoniomarcos.com.br\/es\/wp-json\/wp\/v2\/pages"}],"about":[{"href":"https:\/\/drantoniomarcos.com.br\/es\/wp-json\/wp\/v2\/types\/page"}],"author":[{"embeddable":true,"href":"https:\/\/drantoniomarcos.com.br\/es\/wp-json\/wp\/v2\/users\/8"}],"replies":[{"embeddable":true,"href":"https:\/\/drantoniomarcos.com.br\/es\/wp-json\/wp\/v2\/comments?post=2179"}],"version-history":[{"count":35,"href":"https:\/\/drantoniomarcos.com.br\/es\/wp-json\/wp\/v2\/pages\/2179\/revisions"}],"predecessor-version":[{"id":3213,"href":"https:\/\/drantoniomarcos.com.br\/es\/wp-json\/wp\/v2\/pages\/2179\/revisions\/3213"}],"wp:attachment":[{"href":"https:\/\/drantoniomarcos.com.br\/es\/wp-json\/wp\/v2\/media?parent=2179"}],"curies":[{"name":"wp","href":"https:\/\/api.w.org\/{rel}","templated":true}]}}