{"id":2366,"date":"2024-04-02T10:50:12","date_gmt":"2024-04-02T13:50:12","guid":{"rendered":"https:\/\/drantoniomarcos.com.br\/?page_id=2366"},"modified":"2026-03-20T10:08:02","modified_gmt":"2026-03-20T13:08:02","slug":"protese-de-mama-fast-recovery-24h","status":"publish","type":"page","link":"https:\/\/drantoniomarcos.com.br\/es\/protese-de-mama-fast-recovery-24h\/","title":{"rendered":"Pr\u00f3tesis Mamaria de R\u00e1pida Recuperaci\u00f3n 24H"},"content":{"rendered":"<div data-elementor-type=\"wp-page\" data-elementor-id=\"2366\" class=\"elementor elementor-2366\" data-elementor-post-type=\"page\">\n\t\t\t\t<div class=\"elementor-element elementor-element-55f5a9f e-flex e-con-boxed e-con e-parent\" data-id=\"55f5a9f\" data-element_type=\"container\" data-settings=\"{&quot;background_background&quot;:&quot;classic&quot;}\">\n\t\t\t\t\t<div class=\"e-con-inner\">\n\t\t\t\t<div class=\"elementor-element elementor-element-a45a660 elementor-widget__width-initial elementor-widget elementor-widget-heading\" data-id=\"a45a660\" data-element_type=\"widget\" data-widget_type=\"heading.default\">\n\t\t\t\t<div class=\"elementor-widget-container\">\n\t\t\t<style>\/*! elementor - v3.21.0 - 26-05-2024 *\/\n.elementor-heading-title{padding:0;margin:0;line-height:1}.elementor-widget-heading .elementor-heading-title[class*=elementor-size-]>a{color:inherit;font-size:inherit;line-height:inherit}.elementor-widget-heading .elementor-heading-title.elementor-size-small{font-size:15px}.elementor-widget-heading .elementor-heading-title.elementor-size-medium{font-size:19px}.elementor-widget-heading .elementor-heading-title.elementor-size-large{font-size:29px}.elementor-widget-heading .elementor-heading-title.elementor-size-xl{font-size:39px}.elementor-widget-heading .elementor-heading-title.elementor-size-xxl{font-size:59px}<\/style><h2 class=\"elementor-heading-title elementor-size-default\">Pr\u00f3tesis Mamaria de R\u00e1pida Recuperaci\u00f3n 24H<\/h2>\t\t<\/div>\n\t\t\t\t<\/div>\n\t\t\t\t\t<\/div>\n\t\t\t\t<\/div>\n\t\t<div class=\"elementor-element elementor-element-283a6d1 e-flex e-con-boxed e-con e-parent\" data-id=\"283a6d1\" data-element_type=\"container\" data-settings=\"{&quot;background_background&quot;:&quot;classic&quot;}\">\n\t\t\t\t\t<div class=\"e-con-inner\">\n\t\t<div class=\"elementor-element elementor-element-ac85750 e-con-full e-flex e-con e-child\" data-id=\"ac85750\" data-element_type=\"container\" data-settings=\"{&quot;background_background&quot;:&quot;classic&quot;}\">\n\t\t\t\t<\/div>\n\t\t<div class=\"elementor-element elementor-element-d979b8b e-con-full e-flex e-con e-child\" data-id=\"d979b8b\" data-element_type=\"container\">\n\t\t\t\t<div class=\"elementor-element elementor-element-84583de elementor-widget__width-initial elementor-widget elementor-widget-heading\" data-id=\"84583de\" data-element_type=\"widget\" data-widget_type=\"heading.default\">\n\t\t\t\t<div class=\"elementor-widget-container\">\n\t\t\t<h2 class=\"elementor-heading-title elementor-size-default\">\u00bfQu\u00e9 es la cirug\u00eda de Pr\u00f3tesis Mamaria Fast Recovery 24H?<\/h2>\t\t<\/div>\n\t\t\t\t<\/div>\n\t\t\t\t<div class=\"elementor-element elementor-element-70393e5 elementor-widget__width-initial elementor-widget elementor-widget-text-editor\" data-id=\"70393e5\" data-element_type=\"widget\" data-widget_type=\"text-editor.default\">\n\t\t\t\t<div class=\"elementor-widget-container\">\n\t\t\t<style>\/*! elementor - v3.21.0 - 26-05-2024 *\/\n.elementor-widget-text-editor.elementor-drop-cap-view-stacked .elementor-drop-cap{background-color:#69727d;color:#fff}.elementor-widget-text-editor.elementor-drop-cap-view-framed .elementor-drop-cap{color:#69727d;border:3px solid;background-color:transparent}.elementor-widget-text-editor:not(.elementor-drop-cap-view-default) .elementor-drop-cap{margin-top:8px}.elementor-widget-text-editor:not(.elementor-drop-cap-view-default) .elementor-drop-cap-letter{width:1em;height:1em}.elementor-widget-text-editor .elementor-drop-cap{float:left;text-align:center;line-height:1;font-size:50px}.elementor-widget-text-editor .elementor-drop-cap-letter{display:inline-block}<\/style>\t\t\t\t<p>La Pr\u00f3tesis Mamaria de Recuperaci\u00f3n R\u00e1pida 24H representa una innovaci\u00f3n revolucionaria en el campo de la cirug\u00eda est\u00e9tica mamaria. Este procedimiento est\u00e1 dise\u00f1ado para mujeres que buscan mejorar la est\u00e9tica de sus senos, ya sea aumentando volumen, corrigiendo asimetr\u00edas o recuperando la forma luego de cambios por embarazo, lactancia o p\u00e9rdida de peso. La t\u00e9cnica 24H Fast Recovery est\u00e1 meticulosamente planificada para minimizar el trauma quir\u00fargico y optimizar la recuperaci\u00f3n. Utilizando las \u00faltimas tecnolog\u00edas y t\u00e9cnicas quir\u00fargicas, este enfoque permite una intervenci\u00f3n m\u00e1s precisa y menos invasiva, centr\u00e1ndose en reducir la hinchaz\u00f3n y el dolor postoperatorio.<\/p><p>El procedimiento en s\u00ed se caracteriza por incisiones ubicadas estrat\u00e9gicamente y t\u00e9cnicas de desplazamiento de tejido que preservan las estructuras anat\u00f3micas esenciales, lo que resulta en menos hematomas e hinchaz\u00f3n. Esto se traduce en una recuperaci\u00f3n m\u00e1s r\u00e1pida y c\u00f3moda, permitiendo a los pacientes retomar sus actividades diarias en un tiempo sorprendentemente corto. El uso de anest\u00e9sicos y analg\u00e9sicos est\u00e1 meticulosamente calibrado para garantizar el m\u00e1ximo confort durante y despu\u00e9s de la cirug\u00eda.<\/p>\t\t\t\t\t\t<\/div>\n\t\t\t\t<\/div>\n\t\t\t\t<\/div>\n\t\t\t\t\t<\/div>\n\t\t\t\t<\/div>\n\t\t<div class=\"elementor-element elementor-element-5d42bdb e-flex e-con-boxed e-con e-parent\" data-id=\"5d42bdb\" data-element_type=\"container\" data-settings=\"{&quot;background_background&quot;:&quot;classic&quot;}\">\n\t\t\t\t\t<div class=\"e-con-inner\">\n\t\t<div class=\"elementor-element elementor-element-ba68dc2 e-con-full e-flex e-con e-child\" data-id=\"ba68dc2\" data-element_type=\"container\">\n\t\t\t\t<div class=\"elementor-element elementor-element-a6cff68 elementor-widget elementor-widget-heading\" data-id=\"a6cff68\" data-element_type=\"widget\" data-widget_type=\"heading.default\">\n\t\t\t\t<div class=\"elementor-widget-container\">\n\t\t\t<h2 class=\"elementor-heading-title elementor-size-default\">Procedimientos quir\u00fargicos<\/h2>\t\t<\/div>\n\t\t\t\t<\/div>\n\t\t\t\t<div class=\"elementor-element elementor-element-2bdd586 elementor-widget__width-initial elementor-widget elementor-widget-text-editor\" data-id=\"2bdd586\" data-element_type=\"widget\" data-widget_type=\"text-editor.default\">\n\t\t\t\t<div class=\"elementor-widget-container\">\n\t\t\t\t\t\t\t<div class=\"flex-1 overflow-hidden\"><div class=\"react-scroll-to-bottom--css-jgeaw-79elbk h-full\"><div class=\"react-scroll-to-bottom--css-jgeaw-1n7m0yu\"><div class=\"flex flex-col pb-9 text-sm\"><div class=\"w-full text-token-text-primary\" data-testid=\"conversation-turn-22\"><div class=\"px-4 py-2 justify-center text-base md:gap-6 m-auto\"><div class=\"flex flex-1 text-base mx-auto gap-3 md:px-5 lg:px-1 xl:px-5 md:max-w-3xl lg:max-w-[40rem] xl:max-w-[48rem] group final-completion\"><div class=\"relative flex w-full flex-col lg:w-[calc(100%-115px)] agent-turn\"><div class=\"flex-col gap-1 md:gap-3\"><div class=\"flex flex-grow flex-col max-w-full\"><div class=\"min-h-[20px] text-message flex flex-col items-start gap-3 whitespace-pre-wrap break-words [.text-message+&amp;]:mt-5 overflow-x-auto\" data-message-author-role=\"assistant\" data-message-id=\"89adc4fe-1f9c-4e9b-9dfb-5feefdf12f2f\"><div class=\"markdown prose w-full break-words dark:prose-invert light\"><p>El procedimiento quir\u00fargico de pr\u00f3tesis mamaria Fast Recovery 24H es un enfoque meticulosamente planificado que combina t\u00e9cnicas avanzadas de incisi\u00f3n y colocaci\u00f3n de implantes con un manejo cuidadoso del tejido, con el objetivo de minimizar el trauma, reducir significativamente el tiempo de recuperaci\u00f3n y maximizar los resultados est\u00e9ticos proporcionando un agrandamiento mamario armonioso y natural.<\/p><\/div><\/div><\/div><\/div><\/div><\/div><\/div><\/div><\/div><\/div><\/div><\/div>\t\t\t\t\t\t<\/div>\n\t\t\t\t<\/div>\n\t\t\t\t<\/div>\n\t\t<div class=\"elementor-element elementor-element-e20f00d e-con-full e-flex e-con e-child\" data-id=\"e20f00d\" data-element_type=\"container\">\n\t\t<div class=\"elementor-element elementor-element-fc88fa9 e-con-full e-flex e-con e-child\" data-id=\"fc88fa9\" data-element_type=\"container\">\n\t\t\t\t<div class=\"elementor-element elementor-element-d9db102 elementor-widget elementor-widget-heading\" data-id=\"d9db102\" data-element_type=\"widget\" data-widget_type=\"heading.default\">\n\t\t\t\t<div class=\"elementor-widget-container\">\n\t\t\t<h2 class=\"elementor-heading-title elementor-size-default\">Beneficios<\/h2>\t\t<\/div>\n\t\t\t\t<\/div>\n\t\t\t\t<div class=\"elementor-element elementor-element-a5907fa elementor-widget__width-initial elementor-widget elementor-widget-text-editor\" data-id=\"a5907fa\" data-element_type=\"widget\" data-widget_type=\"text-editor.default\">\n\t\t\t\t<div class=\"elementor-widget-container\">\n\t\t\t\t\t\t\t<p>La Pr\u00f3tesis Mamaria de Recuperaci\u00f3n R\u00e1pida 24H ofrece importantes beneficios, incluyendo una recuperaci\u00f3n postoperatoria m\u00e1s r\u00e1pida, una menor incidencia de dolor y malestar, una reducci\u00f3n de las cicatrices visibles y mejores resultados est\u00e9ticos con una apariencia natural y una mejor simetr\u00eda, contribuyendo a un aumento significativo de la confianza en uno mismo y bienestar de los pacientes.<\/p>\t\t\t\t\t\t<\/div>\n\t\t\t\t<\/div>\n\t\t\t\t<\/div>\n\t\t\t\t<\/div>\n\t\t\t\t\t<\/div>\n\t\t\t\t<\/div>\n\t\t<div class=\"elementor-element elementor-element-05545d5 e-flex e-con-boxed e-con e-parent\" data-id=\"05545d5\" data-element_type=\"container\" data-settings=\"{&quot;background_background&quot;:&quot;classic&quot;}\">\n\t\t\t\t\t<div class=\"e-con-inner\">\n\t\t\t\t<div class=\"elementor-element elementor-element-2f5fa63 elementor-widget elementor-widget-heading\" data-id=\"2f5fa63\" data-element_type=\"widget\" data-widget_type=\"heading.default\">\n\t\t\t\t<div class=\"elementor-widget-container\">\n\t\t\t<h2 class=\"elementor-heading-title elementor-size-default\">Recuperaci\u00f3n y seguimiento postoperatorio.<\/h2>\t\t<\/div>\n\t\t\t\t<\/div>\n\t\t\t\t<div class=\"elementor-element elementor-element-8138895 elementor-widget__width-initial elementor-widget elementor-widget-text-editor\" data-id=\"8138895\" data-element_type=\"widget\" data-widget_type=\"text-editor.default\">\n\t\t\t\t<div class=\"elementor-widget-container\">\n\t\t\t\t\t\t\t<div class=\"flex-1 overflow-hidden\"><div class=\"react-scroll-to-bottom--css-jgeaw-79elbk h-full\"><div class=\"react-scroll-to-bottom--css-jgeaw-1n7m0yu\"><div class=\"flex flex-col pb-9 text-sm\"><div class=\"w-full text-token-text-primary\" data-testid=\"conversation-turn-20\"><div class=\"px-4 py-2 justify-center text-base md:gap-6 m-auto\"><div class=\"flex flex-1 text-base mx-auto gap-3 md:px-5 lg:px-1 xl:px-5 md:max-w-3xl lg:max-w-[40rem] xl:max-w-[48rem] group final-completion\"><div class=\"relative flex w-full flex-col lg:w-[calc(100%-115px)] agent-turn\"><div class=\"flex-col gap-1 md:gap-3\"><div class=\"flex flex-grow flex-col max-w-full\"><div class=\"min-h-[20px] text-message flex flex-col items-start gap-3 whitespace-pre-wrap break-words [.text-message+&amp;]:mt-5 overflow-x-auto\" data-message-author-role=\"assistant\" data-message-id=\"7a84f0da-c963-4884-9e11-5fe9971c825b\"><div class=\"markdown prose w-full break-words dark:prose-invert light\"><p>El viaje de recuperaci\u00f3n de la Pr\u00f3tesis Mamaria Fast Recovery 24H va acompa\u00f1ado de un equipo especializado, que garantiza un seguimiento postoperatorio atento y personalizado, que incluye orientaci\u00f3n detallada para los cuidados domiciliarios, seguimiento de la cicatrizaci\u00f3n y sesiones peri\u00f3dicas de evaluaci\u00f3n para garantizar la mejor recuperaci\u00f3n y satisfacci\u00f3n con el paciente. Resultados archivados.<\/p><\/div><\/div><\/div><\/div><\/div><\/div><\/div><\/div><\/div><\/div><\/div><\/div>\t\t\t\t\t\t<\/div>\n\t\t\t\t<\/div>\n\t\t\t\t\t<\/div>\n\t\t\t\t<\/div>\n\t\t<div class=\"elementor-element elementor-element-b4892d5 e-flex e-con-boxed e-con e-parent\" data-id=\"b4892d5\" data-element_type=\"container\" data-settings=\"{&quot;background_background&quot;:&quot;classic&quot;,&quot;shape_divider_top&quot;:&quot;opacity-tilt&quot;}\">\n\t\t\t\t\t<div class=\"e-con-inner\">\n\t\t\t\t<div class=\"elementor-shape elementor-shape-top\" data-negative=\"false\">\n\t\t\t<svg xmlns=\"http:\/\/www.w3.org\/2000\/svg\" viewbox=\"0 0 2600 131.1\" preserveaspectratio=\"none\">\n\t<path class=\"elementor-shape-fill\" d=\"M0 0L2600 0 2600 69.1 0 0z\"\/>\n\t<path class=\"elementor-shape-fill\" style=\"opacity:0.5\" d=\"M0 0L2600 0 2600 69.1 0 69.1z\"\/>\n\t<path class=\"elementor-shape-fill\" style=\"opacity:0.25\" d=\"M2600 0L0 0 0 130.1 2600 69.1z\"\/>\n<\/svg>\t\t<\/div>\n\t\t<div class=\"elementor-element elementor-element-bc74314 e-con-full e-flex e-con e-child\" data-id=\"bc74314\" data-element_type=\"container\">\n\t\t\t\t<div class=\"elementor-element elementor-element-7a0d39e elementor-widget__width-initial elementor-widget elementor-widget-heading\" data-id=\"7a0d39e\" data-element_type=\"widget\" data-widget_type=\"heading.default\">\n\t\t\t\t<div class=\"elementor-widget-container\">\n\t\t\t<h2 class=\"elementor-heading-title elementor-size-default\">Entre en contacto<\/h2>\t\t<\/div>\n\t\t\t\t<\/div>\n\t\t\t\t<div class=\"elementor-element elementor-element-d8e80e2 elementor-widget__width-initial elementor-widget elementor-widget-text-editor\" data-id=\"d8e80e2\" data-element_type=\"widget\" data-widget_type=\"text-editor.default\">\n\t\t\t\t<div class=\"elementor-widget-container\">\n\t\t\t\t\t\t\t<p>Con\u00e9ctate con el cambio que deseas ver: cont\u00e1ctanos hoy y da el primer paso hacia la transformaci\u00f3n que mereces.<\/p>\t\t\t\t\t\t<\/div>\n\t\t\t\t<\/div>\n\t\t\t\t<div class=\"elementor-element elementor-element-03cd32b elementor-align-center elementor-widget elementor-widget-button\" data-id=\"03cd32b\" data-element_type=\"widget\" data-widget_type=\"button.default\">\n\t\t\t\t<div class=\"elementor-widget-container\">\n\t\t\t\t\t<div class=\"elementor-button-wrapper\">\n\t\t\t<a class=\"elementor-button elementor-button-link elementor-size-sm elementor-animation-grow\" href=\"https:\/\/wa.me\/5516997923553?text=Ol%C3%A1%2C%20vim%20pelo%20site%20e%20gostaria%20de%20mais%20informa%C3%A7%C3%B5es!\" target=\"_blank\">\n\t\t\t\t\t\t<span class=\"elementor-button-content-wrapper\">\n\t\t\t\t\t\t\t\t\t<span class=\"elementor-button-text\">Iniciar experi\u00eancia<\/span>\n\t\t\t\t\t<\/span>\n\t\t\t\t\t<\/a>\n\t\t<\/div>\n\t\t\t\t<\/div>\n\t\t\t\t<\/div>\n\t\t\t\t<\/div>\n\t\t\t\t\t<\/div>\n\t\t\t\t<\/div>\n\t\t\t\t<\/div>","protected":false},"excerpt":{"rendered":"<p>\/*! elementor &#8211; v3.21.0 &#8211; 26-05-2024 *\/ .elementor-heading-title{padding:0;margin:0;line-height:1}.elementor-widget-heading .elementor-heading-title[class*=elementor-size-]&gt;a{color:inherit;font-size:inherit;line-height:inherit}.elementor-widget-heading .elementor-heading-title.elementor-size-small{font-size:15px}.elementor-widget-heading .elementor-heading-title.elementor-size-medium{font-size:19px}.elementor-widget-heading .elementor-heading-title.elementor-size-large{font-size:29px}.elementor-widget-heading .elementor-heading-title.elementor-size-xl{font-size:39px}.elementor-widget-heading .elementor-heading-title.elementor-size-xxl{font-size:59px} Pr\u00f3tese de Mama Fast Recovery 24H O que \u00e9 a cirurgia de Pr\u00f3tese de Mama Fast Recovery 24H? A Pr\u00f3tese de Mama Fast Recovery 24H representa uma inova\u00e7\u00e3o revolucion\u00e1ria no campo da cirurgia est\u00e9tica mam\u00e1ria. Este procedimento \u00e9 projetado para mulheres [&hellip;]<\/p>","protected":false},"author":8,"featured_media":0,"parent":0,"menu_order":0,"comment_status":"closed","ping_status":"closed","template":"elementor_header_footer","meta":{"footnotes":""},"acf":[],"_links":{"self":[{"href":"https:\/\/drantoniomarcos.com.br\/es\/wp-json\/wp\/v2\/pages\/2366"}],"collection":[{"href":"https:\/\/drantoniomarcos.com.br\/es\/wp-json\/wp\/v2\/pages"}],"about":[{"href":"https:\/\/drantoniomarcos.com.br\/es\/wp-json\/wp\/v2\/types\/page"}],"author":[{"embeddable":true,"href":"https:\/\/drantoniomarcos.com.br\/es\/wp-json\/wp\/v2\/users\/8"}],"replies":[{"embeddable":true,"href":"https:\/\/drantoniomarcos.com.br\/es\/wp-json\/wp\/v2\/comments?post=2366"}],"version-history":[{"count":31,"href":"https:\/\/drantoniomarcos.com.br\/es\/wp-json\/wp\/v2\/pages\/2366\/revisions"}],"predecessor-version":[{"id":3984,"href":"https:\/\/drantoniomarcos.com.br\/es\/wp-json\/wp\/v2\/pages\/2366\/revisions\/3984"}],"wp:attachment":[{"href":"https:\/\/drantoniomarcos.com.br\/es\/wp-json\/wp\/v2\/media?parent=2366"}],"curies":[{"name":"wp","href":"https:\/\/api.w.org\/{rel}","templated":true}]}}