{"id":2499,"date":"2024-04-02T12:27:39","date_gmt":"2024-04-02T15:27:39","guid":{"rendered":"https:\/\/drantoniomarcos.com.br\/?page_id=2499"},"modified":"2026-03-20T10:05:54","modified_gmt":"2026-03-20T13:05:54","slug":"mamoplastia-com-protese","status":"publish","type":"page","link":"https:\/\/drantoniomarcos.com.br\/es\/mamoplastia-com-protese\/","title":{"rendered":"Mamoplastia con pr\u00f3tesis"},"content":{"rendered":"<div data-elementor-type=\"wp-page\" data-elementor-id=\"2499\" class=\"elementor elementor-2499\" data-elementor-post-type=\"page\">\n\t\t\t\t<div class=\"elementor-element elementor-element-b562746 e-flex e-con-boxed e-con e-parent\" data-id=\"b562746\" data-element_type=\"container\" data-settings=\"{&quot;background_background&quot;:&quot;classic&quot;}\">\n\t\t\t\t\t<div class=\"e-con-inner\">\n\t\t\t\t<div class=\"elementor-element elementor-element-dc00079 elementor-widget__width-initial elementor-widget elementor-widget-heading\" data-id=\"dc00079\" data-element_type=\"widget\" data-widget_type=\"heading.default\">\n\t\t\t\t<div class=\"elementor-widget-container\">\n\t\t\t<style>\/*! elementor - v3.21.0 - 26-05-2024 *\/\n.elementor-heading-title{padding:0;margin:0;line-height:1}.elementor-widget-heading .elementor-heading-title[class*=elementor-size-]>a{color:inherit;font-size:inherit;line-height:inherit}.elementor-widget-heading .elementor-heading-title.elementor-size-small{font-size:15px}.elementor-widget-heading .elementor-heading-title.elementor-size-medium{font-size:19px}.elementor-widget-heading .elementor-heading-title.elementor-size-large{font-size:29px}.elementor-widget-heading .elementor-heading-title.elementor-size-xl{font-size:39px}.elementor-widget-heading .elementor-heading-title.elementor-size-xxl{font-size:59px}<\/style><h2 class=\"elementor-heading-title elementor-size-default\">Mamoplastia con pr\u00f3tesis<\/h2>\t\t<\/div>\n\t\t\t\t<\/div>\n\t\t\t\t\t<\/div>\n\t\t\t\t<\/div>\n\t\t<div class=\"elementor-element elementor-element-9c73639 e-flex e-con-boxed e-con e-parent\" data-id=\"9c73639\" data-element_type=\"container\" data-settings=\"{&quot;background_background&quot;:&quot;classic&quot;}\">\n\t\t\t\t\t<div class=\"e-con-inner\">\n\t\t<div class=\"elementor-element elementor-element-6711ece e-con-full e-flex e-con e-child\" data-id=\"6711ece\" data-element_type=\"container\">\n\t\t\t\t<div class=\"elementor-element elementor-element-2968f3a elementor-widget__width-initial elementor-widget-tablet__width-initial elementor-widget elementor-widget-heading\" data-id=\"2968f3a\" data-element_type=\"widget\" data-widget_type=\"heading.default\">\n\t\t\t\t<div class=\"elementor-widget-container\">\n\t\t\t<h2 class=\"elementor-heading-title elementor-size-default\">\u00bfQu\u00e9 es la cirug\u00eda de mamoplastia con pr\u00f3tesis?<\/h2>\t\t<\/div>\n\t\t\t\t<\/div>\n\t\t\t\t<div class=\"elementor-element elementor-element-24b09ed elementor-widget__width-initial elementor-widget elementor-widget-text-editor\" data-id=\"24b09ed\" data-element_type=\"widget\" data-widget_type=\"text-editor.default\">\n\t\t\t\t<div class=\"elementor-widget-container\">\n\t\t\t<style>\/*! elementor - v3.21.0 - 26-05-2024 *\/\n.elementor-widget-text-editor.elementor-drop-cap-view-stacked .elementor-drop-cap{background-color:#69727d;color:#fff}.elementor-widget-text-editor.elementor-drop-cap-view-framed .elementor-drop-cap{color:#69727d;border:3px solid;background-color:transparent}.elementor-widget-text-editor:not(.elementor-drop-cap-view-default) .elementor-drop-cap{margin-top:8px}.elementor-widget-text-editor:not(.elementor-drop-cap-view-default) .elementor-drop-cap-letter{width:1em;height:1em}.elementor-widget-text-editor .elementor-drop-cap{float:left;text-align:center;line-height:1;font-size:50px}.elementor-widget-text-editor .elementor-drop-cap-letter{display:inline-block}<\/style>\t\t\t\t<p>La mamoplastia con pr\u00f3tesis es un procedimiento quir\u00fargico dise\u00f1ado para mejorar la est\u00e9tica de las mamas mediante la inserci\u00f3n de implantes mamarios. Esta intervenci\u00f3n es muy solicitada por mujeres que quieren aumentar el volumen de sus pechos, mejorar su forma o corregir una diferencia de tama\u00f1o entre ellos. El objetivo es conseguir una apariencia m\u00e1s armoniosa y proporcional al cuerpo, mejorando as\u00ed la autoimagen y la autoestima. La elecci\u00f3n del tipo y tama\u00f1o de la pr\u00f3tesis se realiza en funci\u00f3n de las expectativas del paciente y de la valoraci\u00f3n profesional del cirujano, garantizando que los resultados sean est\u00e9ticamente agradables y anat\u00f3micamente adecuados al cuerpo del paciente.<\/p><p>Este procedimiento tambi\u00e9n puede ser beneficioso para mujeres que se han sometido a una mastectom\u00eda o tienen deformidades mamarias cong\u00e9nitas. La mamoplastia con pr\u00f3tesis permite no s\u00f3lo recuperar el volumen perdido, sino tambi\u00e9n remodelar la forma de las mamas, aportando una apariencia m\u00e1s natural y sim\u00e9trica.<\/p>\t\t\t\t\t\t<\/div>\n\t\t\t\t<\/div>\n\t\t\t\t<\/div>\n\t\t<div class=\"elementor-element elementor-element-56087ab e-con-full e-flex e-con e-child\" data-id=\"56087ab\" data-element_type=\"container\" data-settings=\"{&quot;background_background&quot;:&quot;classic&quot;}\">\n\t\t\t\t<\/div>\n\t\t\t\t\t<\/div>\n\t\t\t\t<\/div>\n\t\t<div class=\"elementor-element elementor-element-735a71a e-flex e-con-boxed e-con e-parent\" data-id=\"735a71a\" data-element_type=\"container\" data-settings=\"{&quot;background_background&quot;:&quot;classic&quot;}\">\n\t\t\t\t\t<div class=\"e-con-inner\">\n\t\t<div class=\"elementor-element elementor-element-c839109 e-con-full e-flex e-con e-child\" data-id=\"c839109\" data-element_type=\"container\">\n\t\t\t\t<div class=\"elementor-element elementor-element-43ecc9f elementor-widget elementor-widget-heading\" data-id=\"43ecc9f\" data-element_type=\"widget\" data-widget_type=\"heading.default\">\n\t\t\t\t<div class=\"elementor-widget-container\">\n\t\t\t<h2 class=\"elementor-heading-title elementor-size-default\">Procedimientos quir\u00fargicos<\/h2>\t\t<\/div>\n\t\t\t\t<\/div>\n\t\t\t\t<div class=\"elementor-element elementor-element-84b0181 elementor-widget__width-initial elementor-widget elementor-widget-text-editor\" data-id=\"84b0181\" data-element_type=\"widget\" data-widget_type=\"text-editor.default\">\n\t\t\t\t<div class=\"elementor-widget-container\">\n\t\t\t\t\t\t\t<p>La mamoplastia prot\u00e9sica es un procedimiento quir\u00fargico que implica la inserci\u00f3n de implantes mamarios a trav\u00e9s de incisiones cuidadosamente planificadas, en las que el cirujano trabaja meticulosamente para colocar los implantes de una manera que mejore el contorno y la simetr\u00eda de los senos, minimizando al mismo tiempo las cicatrices y garantizando una recuperaci\u00f3n m\u00e1s fluida. c\u00f3modo y eficiente.<\/p>\t\t\t\t\t\t<\/div>\n\t\t\t\t<\/div>\n\t\t\t\t<\/div>\n\t\t<div class=\"elementor-element elementor-element-8026988 e-con-full e-flex e-con e-child\" data-id=\"8026988\" data-element_type=\"container\">\n\t\t<div class=\"elementor-element elementor-element-9a0ae2b e-con-full e-flex e-con e-child\" data-id=\"9a0ae2b\" data-element_type=\"container\">\n\t\t\t\t<div class=\"elementor-element elementor-element-ad92415 elementor-widget elementor-widget-heading\" data-id=\"ad92415\" data-element_type=\"widget\" data-widget_type=\"heading.default\">\n\t\t\t\t<div class=\"elementor-widget-container\">\n\t\t\t<h2 class=\"elementor-heading-title elementor-size-default\">Beneficios<\/h2>\t\t<\/div>\n\t\t\t\t<\/div>\n\t\t\t\t<div class=\"elementor-element elementor-element-839a116 elementor-widget__width-initial elementor-widget elementor-widget-text-editor\" data-id=\"839a116\" data-element_type=\"widget\" data-widget_type=\"text-editor.default\">\n\t\t\t\t<div class=\"elementor-widget-container\">\n\t\t\t\t\t\t\t<p>Los beneficios de la Mamoplastia con pr\u00f3tesis incluyen una mejora significativa en el aspecto y contorno de las mamas, proporcionando un aumento de la confianza en uno mismo y la satisfacci\u00f3n con la imagen corporal, adem\u00e1s de permitir que la ropa se ajuste mejor y de forma m\u00e1s favorecedora, realzando la silueta. y promover un mayor bienestar general.<\/p>\t\t\t\t\t\t<\/div>\n\t\t\t\t<\/div>\n\t\t\t\t<\/div>\n\t\t\t\t<\/div>\n\t\t\t\t\t<\/div>\n\t\t\t\t<\/div>\n\t\t<div class=\"elementor-element elementor-element-13f4f55 e-flex e-con-boxed e-con e-parent\" data-id=\"13f4f55\" data-element_type=\"container\" data-settings=\"{&quot;background_background&quot;:&quot;classic&quot;}\">\n\t\t\t\t\t<div class=\"e-con-inner\">\n\t\t\t\t<div class=\"elementor-element elementor-element-d7f8c19 elementor-widget elementor-widget-heading\" data-id=\"d7f8c19\" data-element_type=\"widget\" data-widget_type=\"heading.default\">\n\t\t\t\t<div class=\"elementor-widget-container\">\n\t\t\t<h2 class=\"elementor-heading-title elementor-size-default\">Recuperaci\u00f3n y seguimiento postoperatorio.<\/h2>\t\t<\/div>\n\t\t\t\t<\/div>\n\t\t\t\t<div class=\"elementor-element elementor-element-8ab3049 elementor-widget__width-initial elementor-widget elementor-widget-text-editor\" data-id=\"8ab3049\" data-element_type=\"widget\" data-widget_type=\"text-editor.default\">\n\t\t\t\t<div class=\"elementor-widget-container\">\n\t\t\t\t\t\t\t<div class=\"flex-1 overflow-hidden\"><div class=\"react-scroll-to-bottom--css-jgeaw-79elbk h-full\"><div class=\"react-scroll-to-bottom--css-jgeaw-1n7m0yu\"><div class=\"flex flex-col pb-9 text-sm\"><div class=\"w-full text-token-text-primary\" data-testid=\"conversation-turn-24\"><div class=\"px-4 py-2 justify-center text-base md:gap-6 m-auto\"><div class=\"flex flex-1 text-base mx-auto gap-3 md:px-5 lg:px-1 xl:px-5 md:max-w-3xl lg:max-w-[40rem] xl:max-w-[48rem] group final-completion\"><div class=\"relative flex w-full flex-col lg:w-[calc(100%-115px)] agent-turn\"><div class=\"flex-col gap-1 md:gap-3\"><div class=\"flex flex-grow flex-col max-w-full\"><div class=\"min-h-[20px] text-message flex flex-col items-start gap-3 whitespace-pre-wrap break-words [.text-message+&amp;]:mt-5 overflow-x-auto\" data-message-author-role=\"assistant\" data-message-id=\"838c6f76-8311-4615-a612-beb7f246c2a0\"><div class=\"markdown prose w-full break-words dark:prose-invert light\"><p>La recuperaci\u00f3n de una Mamoplastia con pr\u00f3tesis implica un seguimiento postoperatorio detallado y atento, con recomendaciones espec\u00edficas para el cuidado de la zona operada, manejo del dolor y prevenci\u00f3n de complicaciones, asegurando una recuperaci\u00f3n tranquila y obteniendo los mejores resultados posibles, con el equipo m\u00e9dico siempre disponible para. apoyo y orientaci\u00f3n.<\/p><\/div><\/div><\/div><\/div><\/div><\/div><\/div><\/div><\/div><\/div><\/div><\/div>\t\t\t\t\t\t<\/div>\n\t\t\t\t<\/div>\n\t\t\t\t\t<\/div>\n\t\t\t\t<\/div>\n\t\t<div class=\"elementor-element elementor-element-998c66c e-flex e-con-boxed e-con e-parent\" data-id=\"998c66c\" data-element_type=\"container\" data-settings=\"{&quot;background_background&quot;:&quot;classic&quot;,&quot;shape_divider_top&quot;:&quot;opacity-tilt&quot;}\">\n\t\t\t\t\t<div class=\"e-con-inner\">\n\t\t\t\t<div class=\"elementor-shape elementor-shape-top\" data-negative=\"false\">\n\t\t\t<svg xmlns=\"http:\/\/www.w3.org\/2000\/svg\" viewbox=\"0 0 2600 131.1\" preserveaspectratio=\"none\">\n\t<path class=\"elementor-shape-fill\" d=\"M0 0L2600 0 2600 69.1 0 0z\"\/>\n\t<path class=\"elementor-shape-fill\" style=\"opacity:0.5\" d=\"M0 0L2600 0 2600 69.1 0 69.1z\"\/>\n\t<path class=\"elementor-shape-fill\" style=\"opacity:0.25\" d=\"M2600 0L0 0 0 130.1 2600 69.1z\"\/>\n<\/svg>\t\t<\/div>\n\t\t<div class=\"elementor-element elementor-element-73cf3a7 e-con-full e-flex e-con e-child\" data-id=\"73cf3a7\" data-element_type=\"container\">\n\t\t\t\t<div class=\"elementor-element elementor-element-d0ad4e3 elementor-widget__width-initial elementor-widget elementor-widget-heading\" data-id=\"d0ad4e3\" data-element_type=\"widget\" data-widget_type=\"heading.default\">\n\t\t\t\t<div class=\"elementor-widget-container\">\n\t\t\t<h2 class=\"elementor-heading-title elementor-size-default\">Entre en contacto<\/h2>\t\t<\/div>\n\t\t\t\t<\/div>\n\t\t\t\t<div class=\"elementor-element elementor-element-1a3a578 elementor-widget__width-initial elementor-widget elementor-widget-text-editor\" data-id=\"1a3a578\" data-element_type=\"widget\" data-widget_type=\"text-editor.default\">\n\t\t\t\t<div class=\"elementor-widget-container\">\n\t\t\t\t\t\t\t<p>Con\u00e9ctate con el cambio que deseas ver: cont\u00e1ctanos hoy y da el primer paso hacia la transformaci\u00f3n que mereces.<\/p>\t\t\t\t\t\t<\/div>\n\t\t\t\t<\/div>\n\t\t\t\t<div class=\"elementor-element elementor-element-703d2dc elementor-align-center elementor-widget elementor-widget-button\" data-id=\"703d2dc\" data-element_type=\"widget\" data-widget_type=\"button.default\">\n\t\t\t\t<div class=\"elementor-widget-container\">\n\t\t\t\t\t<div class=\"elementor-button-wrapper\">\n\t\t\t<a class=\"elementor-button elementor-button-link elementor-size-sm elementor-animation-grow\" href=\"https:\/\/wa.me\/5516997923553?text=Ol%C3%A1%2C%20vim%20pelo%20site%20e%20gostaria%20de%20mais%20informa%C3%A7%C3%B5es!\" target=\"_blank\">\n\t\t\t\t\t\t<span class=\"elementor-button-content-wrapper\">\n\t\t\t\t\t\t\t\t\t<span class=\"elementor-button-text\">Iniciar experi\u00eancia<\/span>\n\t\t\t\t\t<\/span>\n\t\t\t\t\t<\/a>\n\t\t<\/div>\n\t\t\t\t<\/div>\n\t\t\t\t<\/div>\n\t\t\t\t<\/div>\n\t\t\t\t\t<\/div>\n\t\t\t\t<\/div>\n\t\t\t\t<\/div>","protected":false},"excerpt":{"rendered":"<p>\/*! elementor &#8211; v3.21.0 &#8211; 26-05-2024 *\/ .elementor-heading-title{padding:0;margin:0;line-height:1}.elementor-widget-heading .elementor-heading-title[class*=elementor-size-]&gt;a{color:inherit;font-size:inherit;line-height:inherit}.elementor-widget-heading .elementor-heading-title.elementor-size-small{font-size:15px}.elementor-widget-heading .elementor-heading-title.elementor-size-medium{font-size:19px}.elementor-widget-heading .elementor-heading-title.elementor-size-large{font-size:29px}.elementor-widget-heading .elementor-heading-title.elementor-size-xl{font-size:39px}.elementor-widget-heading .elementor-heading-title.elementor-size-xxl{font-size:59px} Mamoplastia com pr\u00f3tese O que \u00e9 a cirurgia de Mamoplastia com pr\u00f3tese? A Mamoplastia com pr\u00f3tese \u00e9 um procedimento cir\u00fargico destinado a melhorar a est\u00e9tica dos seios, atrav\u00e9s da inser\u00e7\u00e3o de implantes mam\u00e1rios. Esta interven\u00e7\u00e3o \u00e9 amplamente procurada por mulheres que [&hellip;]<\/p>","protected":false},"author":8,"featured_media":0,"parent":0,"menu_order":0,"comment_status":"closed","ping_status":"closed","template":"elementor_header_footer","meta":{"footnotes":""},"acf":[],"_links":{"self":[{"href":"https:\/\/drantoniomarcos.com.br\/es\/wp-json\/wp\/v2\/pages\/2499"}],"collection":[{"href":"https:\/\/drantoniomarcos.com.br\/es\/wp-json\/wp\/v2\/pages"}],"about":[{"href":"https:\/\/drantoniomarcos.com.br\/es\/wp-json\/wp\/v2\/types\/page"}],"author":[{"embeddable":true,"href":"https:\/\/drantoniomarcos.com.br\/es\/wp-json\/wp\/v2\/users\/8"}],"replies":[{"embeddable":true,"href":"https:\/\/drantoniomarcos.com.br\/es\/wp-json\/wp\/v2\/comments?post=2499"}],"version-history":[{"count":34,"href":"https:\/\/drantoniomarcos.com.br\/es\/wp-json\/wp\/v2\/pages\/2499\/revisions"}],"predecessor-version":[{"id":3969,"href":"https:\/\/drantoniomarcos.com.br\/es\/wp-json\/wp\/v2\/pages\/2499\/revisions\/3969"}],"wp:attachment":[{"href":"https:\/\/drantoniomarcos.com.br\/es\/wp-json\/wp\/v2\/media?parent=2499"}],"curies":[{"name":"wp","href":"https:\/\/api.w.org\/{rel}","templated":true}]}}