{"id":2515,"date":"2024-04-02T12:34:24","date_gmt":"2024-04-02T15:34:24","guid":{"rendered":"https:\/\/drantoniomarcos.com.br\/?page_id=2515"},"modified":"2026-03-20T10:06:15","modified_gmt":"2026-03-20T13:06:15","slug":"mamoplastia-sem-protese","status":"publish","type":"page","link":"https:\/\/drantoniomarcos.com.br\/es\/mamoplastia-sem-protese\/","title":{"rendered":"Mamoplastia sin pr\u00f3tesis"},"content":{"rendered":"<div data-elementor-type=\"wp-page\" data-elementor-id=\"2515\" class=\"elementor elementor-2515\" data-elementor-post-type=\"page\">\n\t\t\t\t<div class=\"elementor-element elementor-element-62f0d22 e-flex e-con-boxed e-con e-parent\" data-id=\"62f0d22\" data-element_type=\"container\" data-settings=\"{&quot;background_background&quot;:&quot;classic&quot;}\">\n\t\t\t\t\t<div class=\"e-con-inner\">\n\t\t\t\t<div class=\"elementor-element elementor-element-784220f elementor-widget__width-initial elementor-widget elementor-widget-heading\" data-id=\"784220f\" data-element_type=\"widget\" data-widget_type=\"heading.default\">\n\t\t\t\t<div class=\"elementor-widget-container\">\n\t\t\t<style>\/*! elementor - v3.21.0 - 26-05-2024 *\/\n.elementor-heading-title{padding:0;margin:0;line-height:1}.elementor-widget-heading .elementor-heading-title[class*=elementor-size-]>a{color:inherit;font-size:inherit;line-height:inherit}.elementor-widget-heading .elementor-heading-title.elementor-size-small{font-size:15px}.elementor-widget-heading .elementor-heading-title.elementor-size-medium{font-size:19px}.elementor-widget-heading .elementor-heading-title.elementor-size-large{font-size:29px}.elementor-widget-heading .elementor-heading-title.elementor-size-xl{font-size:39px}.elementor-widget-heading .elementor-heading-title.elementor-size-xxl{font-size:59px}<\/style><h2 class=\"elementor-heading-title elementor-size-default\">Mamoplastia sin pr\u00f3tesis<\/h2>\t\t<\/div>\n\t\t\t\t<\/div>\n\t\t\t\t\t<\/div>\n\t\t\t\t<\/div>\n\t\t<div class=\"elementor-element elementor-element-5a9b82f e-flex e-con-boxed e-con e-parent\" data-id=\"5a9b82f\" data-element_type=\"container\" data-settings=\"{&quot;background_background&quot;:&quot;classic&quot;}\">\n\t\t\t\t\t<div class=\"e-con-inner\">\n\t\t<div class=\"elementor-element elementor-element-c273b78 e-con-full e-flex e-con e-child\" data-id=\"c273b78\" data-element_type=\"container\" data-settings=\"{&quot;background_background&quot;:&quot;classic&quot;}\">\n\t\t\t\t<\/div>\n\t\t<div class=\"elementor-element elementor-element-6a6605e e-con-full e-flex e-con e-child\" data-id=\"6a6605e\" data-element_type=\"container\">\n\t\t\t\t<div class=\"elementor-element elementor-element-670d219 elementor-widget__width-initial elementor-widget-mobile__width-initial elementor-widget elementor-widget-heading\" data-id=\"670d219\" data-element_type=\"widget\" data-widget_type=\"heading.default\">\n\t\t\t\t<div class=\"elementor-widget-container\">\n\t\t\t<h2 class=\"elementor-heading-title elementor-size-default\">\u00bfQu\u00e9 es la cirug\u00eda de mamoplastia sin pr\u00f3tesis?<\/h2>\t\t<\/div>\n\t\t\t\t<\/div>\n\t\t\t\t<div class=\"elementor-element elementor-element-0df4c80 elementor-widget__width-initial elementor-widget elementor-widget-text-editor\" data-id=\"0df4c80\" data-element_type=\"widget\" data-widget_type=\"text-editor.default\">\n\t\t\t\t<div class=\"elementor-widget-container\">\n\t\t\t<style>\/*! elementor - v3.21.0 - 26-05-2024 *\/\n.elementor-widget-text-editor.elementor-drop-cap-view-stacked .elementor-drop-cap{background-color:#69727d;color:#fff}.elementor-widget-text-editor.elementor-drop-cap-view-framed .elementor-drop-cap{color:#69727d;border:3px solid;background-color:transparent}.elementor-widget-text-editor:not(.elementor-drop-cap-view-default) .elementor-drop-cap{margin-top:8px}.elementor-widget-text-editor:not(.elementor-drop-cap-view-default) .elementor-drop-cap-letter{width:1em;height:1em}.elementor-widget-text-editor .elementor-drop-cap{float:left;text-align:center;line-height:1;font-size:50px}.elementor-widget-text-editor .elementor-drop-cap-letter{display:inline-block}<\/style>\t\t\t\t<p>La mamoplastia sin pr\u00f3tesis es un procedimiento quir\u00fargico enfocado a remodelar las mamas sin la inserci\u00f3n de implantes. Esta t\u00e9cnica es ideal para mujeres que quieren cambiar el tama\u00f1o o la forma de sus senos, ya sea para reducir su volumen, levantarlos o corregir asimetr\u00edas. Com\u00fan en casos de molestias f\u00edsicas por senos muy grandes, como dolores de espalda y cuello, o en situaciones donde la paciente desea una apariencia m\u00e1s proporcional y armoniosa, la mamoplastia sin pr\u00f3tesis ofrece una soluci\u00f3n efectiva, manteniendo la naturalidad y mejorando la est\u00e9tica de los senos. .<\/p><p>Adem\u00e1s, este procedimiento suele ser solicitado por mujeres que han sufrido cambios corporales importantes, como p\u00e9rdida de peso o despu\u00e9s del embarazo, donde los senos pueden haber perdido volumen o haber sufrido cambios de forma. La mamoplastia sin pr\u00f3tesis responde a estas preguntas, permitiendo recuperar un contorno mamario m\u00e1s joven y firme.<\/p>\t\t\t\t\t\t<\/div>\n\t\t\t\t<\/div>\n\t\t\t\t<\/div>\n\t\t\t\t\t<\/div>\n\t\t\t\t<\/div>\n\t\t<div class=\"elementor-element elementor-element-1446341 e-flex e-con-boxed e-con e-parent\" data-id=\"1446341\" data-element_type=\"container\" data-settings=\"{&quot;background_background&quot;:&quot;classic&quot;}\">\n\t\t\t\t\t<div class=\"e-con-inner\">\n\t\t<div class=\"elementor-element elementor-element-2dd5825 e-con-full e-flex e-con e-child\" data-id=\"2dd5825\" data-element_type=\"container\">\n\t\t\t\t<div class=\"elementor-element elementor-element-415c7cf elementor-widget elementor-widget-heading\" data-id=\"415c7cf\" data-element_type=\"widget\" data-widget_type=\"heading.default\">\n\t\t\t\t<div class=\"elementor-widget-container\">\n\t\t\t<h2 class=\"elementor-heading-title elementor-size-default\">Procedimientos quir\u00fargicos<\/h2>\t\t<\/div>\n\t\t\t\t<\/div>\n\t\t\t\t<div class=\"elementor-element elementor-element-6982080 elementor-widget__width-initial elementor-widget elementor-widget-text-editor\" data-id=\"6982080\" data-element_type=\"widget\" data-widget_type=\"text-editor.default\">\n\t\t\t\t<div class=\"elementor-widget-container\">\n\t\t\t\t\t\t\t<p>Durante la mamoplastia sin pr\u00f3tesis, el cirujano realiza incisiones estrat\u00e9gicas para eliminar el exceso de tejido mamario, piel y, si es necesario, reubicar el pez\u00f3n, con el objetivo de crear un contorno mamario m\u00e1s elevado, firme y est\u00e9ticamente agradable, ajustando los senos para complementar el resto de la mama. mama.cuerpo y satisfacer los deseos del paciente.<\/p>\t\t\t\t\t\t<\/div>\n\t\t\t\t<\/div>\n\t\t\t\t<\/div>\n\t\t<div class=\"elementor-element elementor-element-765f14b e-con-full e-flex e-con e-child\" data-id=\"765f14b\" data-element_type=\"container\">\n\t\t<div class=\"elementor-element elementor-element-bd91641 e-con-full e-flex e-con e-child\" data-id=\"bd91641\" data-element_type=\"container\">\n\t\t\t\t<div class=\"elementor-element elementor-element-156b941 elementor-widget elementor-widget-heading\" data-id=\"156b941\" data-element_type=\"widget\" data-widget_type=\"heading.default\">\n\t\t\t\t<div class=\"elementor-widget-container\">\n\t\t\t<h2 class=\"elementor-heading-title elementor-size-default\">Beneficios<\/h2>\t\t<\/div>\n\t\t\t\t<\/div>\n\t\t\t\t<div class=\"elementor-element elementor-element-ae3acc4 elementor-widget__width-initial elementor-widget elementor-widget-text-editor\" data-id=\"ae3acc4\" data-element_type=\"widget\" data-widget_type=\"text-editor.default\">\n\t\t\t\t<div class=\"elementor-widget-container\">\n\t\t\t\t\t\t\t<p>Este procedimiento ofrece numerosos beneficios, como aliviar las molestias f\u00edsicas asociadas a los senos grandes, mejorar la autoestima y la imagen corporal, adem\u00e1s de la posibilidad de practicar actividades f\u00edsicas con mayor comodidad y utilizar una gama m\u00e1s amplia de ropa, contribuyendo a un estilo de vida m\u00e1s confortable. activo y satisfactorio.<\/p>\t\t\t\t\t\t<\/div>\n\t\t\t\t<\/div>\n\t\t\t\t<\/div>\n\t\t\t\t<\/div>\n\t\t\t\t\t<\/div>\n\t\t\t\t<\/div>\n\t\t<div class=\"elementor-element elementor-element-2c78a5f e-flex e-con-boxed e-con e-parent\" data-id=\"2c78a5f\" data-element_type=\"container\" data-settings=\"{&quot;background_background&quot;:&quot;classic&quot;}\">\n\t\t\t\t\t<div class=\"e-con-inner\">\n\t\t\t\t<div class=\"elementor-element elementor-element-b907874 elementor-widget elementor-widget-heading\" data-id=\"b907874\" data-element_type=\"widget\" data-widget_type=\"heading.default\">\n\t\t\t\t<div class=\"elementor-widget-container\">\n\t\t\t<h2 class=\"elementor-heading-title elementor-size-default\">Recuperaci\u00f3n y seguimiento postoperatorio.<\/h2>\t\t<\/div>\n\t\t\t\t<\/div>\n\t\t\t\t<div class=\"elementor-element elementor-element-b7b34c4 elementor-widget__width-initial elementor-widget elementor-widget-text-editor\" data-id=\"b7b34c4\" data-element_type=\"widget\" data-widget_type=\"text-editor.default\">\n\t\t\t\t<div class=\"elementor-widget-container\">\n\t\t\t\t\t\t\t<div class=\"w-full text-token-text-primary\" data-testid=\"conversation-turn-26\"><div class=\"px-4 py-2 justify-center text-base md:gap-6 m-auto\"><div class=\"flex flex-1 text-base mx-auto gap-3 md:px-5 lg:px-1 xl:px-5 md:max-w-3xl lg:max-w-[40rem] xl:max-w-[48rem] group\"><div class=\"relative flex w-full flex-col lg:w-[calc(100%-115px)] agent-turn\"><div class=\"flex-col gap-1 md:gap-3\"><div class=\"flex flex-grow flex-col max-w-full\"><div class=\"min-h-[20px] text-message flex flex-col items-start gap-3 whitespace-pre-wrap break-words [.text-message+&amp;]:mt-5 overflow-x-auto\" data-message-author-role=\"assistant\" data-message-id=\"b4a88a9f-8d6f-441a-b74d-9771c6a5dc78\"><div class=\"markdown prose w-full break-words dark:prose-invert light\"><p>La recuperaci\u00f3n de una mamoplastia sin pr\u00f3tesis implica cuidados espec\u00edficos para garantizar una curaci\u00f3n adecuada y los resultados est\u00e9ticos deseados, con orientaci\u00f3n detallada sobre las actividades, el cuidado de las incisiones y el manejo del dolor, as\u00ed como un seguimiento regular por parte del cirujano para monitorear el progreso y responder cualquier pregunta o inquietud. inquietud que pueda surgir durante el proceso de recuperaci\u00f3n.<\/p><\/div><\/div><\/div><\/div><\/div><\/div><\/div><\/div>\t\t\t\t\t\t<\/div>\n\t\t\t\t<\/div>\n\t\t\t\t\t<\/div>\n\t\t\t\t<\/div>\n\t\t<div class=\"elementor-element elementor-element-1b8898b e-flex e-con-boxed e-con e-parent\" data-id=\"1b8898b\" data-element_type=\"container\" data-settings=\"{&quot;background_background&quot;:&quot;classic&quot;,&quot;shape_divider_top&quot;:&quot;opacity-tilt&quot;}\">\n\t\t\t\t\t<div class=\"e-con-inner\">\n\t\t\t\t<div class=\"elementor-shape elementor-shape-top\" data-negative=\"false\">\n\t\t\t<svg xmlns=\"http:\/\/www.w3.org\/2000\/svg\" viewbox=\"0 0 2600 131.1\" preserveaspectratio=\"none\">\n\t<path class=\"elementor-shape-fill\" d=\"M0 0L2600 0 2600 69.1 0 0z\"\/>\n\t<path class=\"elementor-shape-fill\" style=\"opacity:0.5\" d=\"M0 0L2600 0 2600 69.1 0 69.1z\"\/>\n\t<path class=\"elementor-shape-fill\" style=\"opacity:0.25\" d=\"M2600 0L0 0 0 130.1 2600 69.1z\"\/>\n<\/svg>\t\t<\/div>\n\t\t<div class=\"elementor-element elementor-element-ab4e4d9 e-con-full e-flex e-con e-child\" data-id=\"ab4e4d9\" data-element_type=\"container\">\n\t\t\t\t<div class=\"elementor-element elementor-element-d59b567 elementor-widget__width-initial elementor-widget elementor-widget-heading\" data-id=\"d59b567\" data-element_type=\"widget\" data-widget_type=\"heading.default\">\n\t\t\t\t<div class=\"elementor-widget-container\">\n\t\t\t<h2 class=\"elementor-heading-title elementor-size-default\">Entre en contacto<\/h2>\t\t<\/div>\n\t\t\t\t<\/div>\n\t\t\t\t<div class=\"elementor-element elementor-element-ca82834 elementor-widget__width-initial elementor-widget elementor-widget-text-editor\" data-id=\"ca82834\" data-element_type=\"widget\" data-widget_type=\"text-editor.default\">\n\t\t\t\t<div class=\"elementor-widget-container\">\n\t\t\t\t\t\t\t<p>Con\u00e9ctate con el cambio que deseas ver: cont\u00e1ctanos hoy y da el primer paso hacia la transformaci\u00f3n que mereces.<\/p>\t\t\t\t\t\t<\/div>\n\t\t\t\t<\/div>\n\t\t\t\t<div class=\"elementor-element elementor-element-f224800 elementor-align-center elementor-widget elementor-widget-button\" data-id=\"f224800\" data-element_type=\"widget\" data-widget_type=\"button.default\">\n\t\t\t\t<div class=\"elementor-widget-container\">\n\t\t\t\t\t<div class=\"elementor-button-wrapper\">\n\t\t\t<a class=\"elementor-button elementor-button-link elementor-size-sm elementor-animation-grow\" href=\"https:\/\/wa.me\/5516997923553?text=Ol%C3%A1%2C%20vim%20pelo%20site%20e%20gostaria%20de%20mais%20informa%C3%A7%C3%B5es!\" target=\"_blank\">\n\t\t\t\t\t\t<span class=\"elementor-button-content-wrapper\">\n\t\t\t\t\t\t\t\t\t<span class=\"elementor-button-text\">Iniciar experi\u00eancia<\/span>\n\t\t\t\t\t<\/span>\n\t\t\t\t\t<\/a>\n\t\t<\/div>\n\t\t\t\t<\/div>\n\t\t\t\t<\/div>\n\t\t\t\t<\/div>\n\t\t\t\t\t<\/div>\n\t\t\t\t<\/div>\n\t\t\t\t<\/div>","protected":false},"excerpt":{"rendered":"<p>\/*! elementor &#8211; v3.21.0 &#8211; 26-05-2024 *\/ .elementor-heading-title{padding:0;margin:0;line-height:1}.elementor-widget-heading .elementor-heading-title[class*=elementor-size-]&gt;a{color:inherit;font-size:inherit;line-height:inherit}.elementor-widget-heading .elementor-heading-title.elementor-size-small{font-size:15px}.elementor-widget-heading .elementor-heading-title.elementor-size-medium{font-size:19px}.elementor-widget-heading .elementor-heading-title.elementor-size-large{font-size:29px}.elementor-widget-heading .elementor-heading-title.elementor-size-xl{font-size:39px}.elementor-widget-heading .elementor-heading-title.elementor-size-xxl{font-size:59px} Mamoplastia sem pr\u00f3tese O que \u00e9 a cirurgia de Mamoplastia sem pr\u00f3tese? A Mamoplastia sem pr\u00f3tese \u00e9 um procedimento cir\u00fargico focado na remodela\u00e7\u00e3o dos seios sem a inser\u00e7\u00e3o de implantes. Esta t\u00e9cnica \u00e9 ideal para mulheres que desejam alterar o tamanho [&hellip;]<\/p>","protected":false},"author":8,"featured_media":0,"parent":0,"menu_order":0,"comment_status":"closed","ping_status":"closed","template":"elementor_header_footer","meta":{"footnotes":""},"acf":[],"_links":{"self":[{"href":"https:\/\/drantoniomarcos.com.br\/es\/wp-json\/wp\/v2\/pages\/2515"}],"collection":[{"href":"https:\/\/drantoniomarcos.com.br\/es\/wp-json\/wp\/v2\/pages"}],"about":[{"href":"https:\/\/drantoniomarcos.com.br\/es\/wp-json\/wp\/v2\/types\/page"}],"author":[{"embeddable":true,"href":"https:\/\/drantoniomarcos.com.br\/es\/wp-json\/wp\/v2\/users\/8"}],"replies":[{"embeddable":true,"href":"https:\/\/drantoniomarcos.com.br\/es\/wp-json\/wp\/v2\/comments?post=2515"}],"version-history":[{"count":28,"href":"https:\/\/drantoniomarcos.com.br\/es\/wp-json\/wp\/v2\/pages\/2515\/revisions"}],"predecessor-version":[{"id":3972,"href":"https:\/\/drantoniomarcos.com.br\/es\/wp-json\/wp\/v2\/pages\/2515\/revisions\/3972"}],"wp:attachment":[{"href":"https:\/\/drantoniomarcos.com.br\/es\/wp-json\/wp\/v2\/media?parent=2515"}],"curies":[{"name":"wp","href":"https:\/\/api.w.org\/{rel}","templated":true}]}}