{"id":2550,"date":"2024-04-02T12:45:03","date_gmt":"2024-04-02T15:45:03","guid":{"rendered":"https:\/\/drantoniomarcos.com.br\/?page_id=2550"},"modified":"2026-03-20T10:07:45","modified_gmt":"2026-03-20T13:07:45","slug":"mini-abdominoplastia","status":"publish","type":"page","link":"https:\/\/drantoniomarcos.com.br\/es\/mini-abdominoplastia\/","title":{"rendered":"Miniabdominoplastia"},"content":{"rendered":"<div data-elementor-type=\"wp-page\" data-elementor-id=\"2550\" class=\"elementor elementor-2550\" data-elementor-post-type=\"page\">\n\t\t\t\t<div class=\"elementor-element elementor-element-4db8fd6 e-flex e-con-boxed e-con e-parent\" data-id=\"4db8fd6\" data-element_type=\"container\" data-settings=\"{&quot;background_background&quot;:&quot;classic&quot;}\">\n\t\t\t\t\t<div class=\"e-con-inner\">\n\t\t\t\t<div class=\"elementor-element elementor-element-8f70563 elementor-widget__width-initial elementor-widget elementor-widget-heading\" data-id=\"8f70563\" data-element_type=\"widget\" data-widget_type=\"heading.default\">\n\t\t\t\t<div class=\"elementor-widget-container\">\n\t\t\t<style>\/*! elementor - v3.21.0 - 26-05-2024 *\/\n.elementor-heading-title{padding:0;margin:0;line-height:1}.elementor-widget-heading .elementor-heading-title[class*=elementor-size-]>a{color:inherit;font-size:inherit;line-height:inherit}.elementor-widget-heading .elementor-heading-title.elementor-size-small{font-size:15px}.elementor-widget-heading .elementor-heading-title.elementor-size-medium{font-size:19px}.elementor-widget-heading .elementor-heading-title.elementor-size-large{font-size:29px}.elementor-widget-heading .elementor-heading-title.elementor-size-xl{font-size:39px}.elementor-widget-heading .elementor-heading-title.elementor-size-xxl{font-size:59px}<\/style><h2 class=\"elementor-heading-title elementor-size-default\">Miniabdominoplastia con lipodefinici\u00f3n din\u00e1mica<\/h2>\t\t<\/div>\n\t\t\t\t<\/div>\n\t\t\t\t\t<\/div>\n\t\t\t\t<\/div>\n\t\t<div class=\"elementor-element elementor-element-4c1f6ec e-flex e-con-boxed e-con e-parent\" data-id=\"4c1f6ec\" data-element_type=\"container\" data-settings=\"{&quot;background_background&quot;:&quot;classic&quot;}\">\n\t\t\t\t\t<div class=\"e-con-inner\">\n\t\t<div class=\"elementor-element elementor-element-e74c0a1 e-con-full e-flex e-con e-child\" data-id=\"e74c0a1\" data-element_type=\"container\" data-settings=\"{&quot;background_background&quot;:&quot;classic&quot;}\">\n\t\t\t\t<\/div>\n\t\t<div class=\"elementor-element elementor-element-78a51da e-con-full e-flex e-con e-child\" data-id=\"78a51da\" data-element_type=\"container\">\n\t\t\t\t<div class=\"elementor-element elementor-element-66cccbf elementor-widget__width-initial elementor-widget elementor-widget-heading\" data-id=\"66cccbf\" data-element_type=\"widget\" data-widget_type=\"heading.default\">\n\t\t\t\t<div class=\"elementor-widget-container\">\n\t\t\t<h2 class=\"elementor-heading-title elementor-size-default\">\u00bfQu\u00e9 es la Miniabdominoplastia con lipocirug\u00eda de definici\u00f3n din\u00e1mica?<\/h2>\t\t<\/div>\n\t\t\t\t<\/div>\n\t\t\t\t<div class=\"elementor-element elementor-element-a328217 elementor-widget__width-initial elementor-widget elementor-widget-text-editor\" data-id=\"a328217\" data-element_type=\"widget\" data-widget_type=\"text-editor.default\">\n\t\t\t\t<div class=\"elementor-widget-container\">\n\t\t\t<style>\/*! elementor - v3.21.0 - 26-05-2024 *\/\n.elementor-widget-text-editor.elementor-drop-cap-view-stacked .elementor-drop-cap{background-color:#69727d;color:#fff}.elementor-widget-text-editor.elementor-drop-cap-view-framed .elementor-drop-cap{color:#69727d;border:3px solid;background-color:transparent}.elementor-widget-text-editor:not(.elementor-drop-cap-view-default) .elementor-drop-cap{margin-top:8px}.elementor-widget-text-editor:not(.elementor-drop-cap-view-default) .elementor-drop-cap-letter{width:1em;height:1em}.elementor-widget-text-editor .elementor-drop-cap{float:left;text-align:center;line-height:1;font-size:50px}.elementor-widget-text-editor .elementor-drop-cap-letter{display:inline-block}<\/style>\t\t\t\t<p>La miniabdominoplastia con lipodefinici\u00f3n din\u00e1mica es un procedimiento quir\u00fargico refinado dise\u00f1ado para mejorar la est\u00e9tica de la regi\u00f3n abdominal inferior. A diferencia de la abdominoplastia tradicional, que aborda toda la longitud del abdomen, la miniabdominoplastia se centra espec\u00edficamente en el \u00e1rea debajo del ombligo. Este procedimiento es ideal para personas que tienen una cantidad moderada de piel fl\u00e1cida y grasa en esta \u00e1rea pero que no requieren una abdominoplastia en toda su extensi\u00f3n. La t\u00e9cnica a menudo se combina con una liposucci\u00f3n de definici\u00f3n din\u00e1mica, que ayuda a esculpir y definir a\u00fan m\u00e1s la regi\u00f3n abdominal, proporcionando una apariencia m\u00e1s tonificada y contorneada.<\/p><p>Este enfoque es particularmente beneficioso para pacientes que desean mejoras est\u00e9ticas sutiles sin las cicatrices m\u00e1s extensas asociadas con una abdominoplastia completa. A menudo se busca despu\u00e9s del embarazo o de una p\u00e9rdida de peso moderada cuando la piel de la parte inferior del abdomen se ha vuelto ligeramente fl\u00e1cida.<\/p>\t\t\t\t\t\t<\/div>\n\t\t\t\t<\/div>\n\t\t\t\t<\/div>\n\t\t\t\t\t<\/div>\n\t\t\t\t<\/div>\n\t\t<div class=\"elementor-element elementor-element-4df8dd1 e-flex e-con-boxed e-con e-parent\" data-id=\"4df8dd1\" data-element_type=\"container\" data-settings=\"{&quot;background_background&quot;:&quot;classic&quot;}\">\n\t\t\t\t\t<div class=\"e-con-inner\">\n\t\t<div class=\"elementor-element elementor-element-1572147 e-con-full e-flex e-con e-child\" data-id=\"1572147\" data-element_type=\"container\">\n\t\t\t\t<div class=\"elementor-element elementor-element-2eb6aee elementor-widget elementor-widget-heading\" data-id=\"2eb6aee\" data-element_type=\"widget\" data-widget_type=\"heading.default\">\n\t\t\t\t<div class=\"elementor-widget-container\">\n\t\t\t<h2 class=\"elementor-heading-title elementor-size-default\">Procedimientos quir\u00fargicos<\/h2>\t\t<\/div>\n\t\t\t\t<\/div>\n\t\t\t\t<div class=\"elementor-element elementor-element-796f888 elementor-widget__width-initial elementor-widget elementor-widget-text-editor\" data-id=\"796f888\" data-element_type=\"widget\" data-widget_type=\"text-editor.default\">\n\t\t\t\t<div class=\"elementor-widget-container\">\n\t\t\t\t\t\t\t<p>Durante el procedimiento de Mini-Abdominoplastia con Lipo de Definici\u00f3n Din\u00e1mica, se realiza una incisi\u00f3n m\u00e1s peque\u00f1a en comparaci\u00f3n con la abdominoplastia tradicional, eliminando el exceso de piel y grasa de la parte inferior del abdomen, mientras que la liposucci\u00f3n se utiliza para refinar y definir la forma del abdomen, lo que resulta en un abdomen m\u00e1s suave y Perfil abdominal m\u00e1s contorneado.<\/p>\t\t\t\t\t\t<\/div>\n\t\t\t\t<\/div>\n\t\t\t\t<\/div>\n\t\t<div class=\"elementor-element elementor-element-74febe4 e-con-full e-flex e-con e-child\" data-id=\"74febe4\" data-element_type=\"container\">\n\t\t<div class=\"elementor-element elementor-element-20c4e3c e-con-full e-flex e-con e-child\" data-id=\"20c4e3c\" data-element_type=\"container\">\n\t\t\t\t<div class=\"elementor-element elementor-element-7470085 elementor-widget elementor-widget-heading\" data-id=\"7470085\" data-element_type=\"widget\" data-widget_type=\"heading.default\">\n\t\t\t\t<div class=\"elementor-widget-container\">\n\t\t\t<h2 class=\"elementor-heading-title elementor-size-default\">Beneficios<\/h2>\t\t<\/div>\n\t\t\t\t<\/div>\n\t\t\t\t<div class=\"elementor-element elementor-element-8435b1f elementor-widget__width-initial elementor-widget elementor-widget-text-editor\" data-id=\"8435b1f\" data-element_type=\"widget\" data-widget_type=\"text-editor.default\">\n\t\t\t\t<div class=\"elementor-widget-container\">\n\t\t\t\t\t\t\t<p>La Mini-Abdominoplastia con Lipo de Definici\u00f3n Din\u00e1mica ofrece m\u00faltiples beneficios, incluyendo un contorno abdominal m\u00e1s suave y definido, reducci\u00f3n de cicatrices en comparaci\u00f3n con una abdominoplastia completa, mejora en la apariencia de las estr\u00edas ubicadas debajo del ombligo, as\u00ed como un aumento significativo en la auto-abdominoplastia. confianza y comodidad con su propia imagen corporal.<\/p>\t\t\t\t\t\t<\/div>\n\t\t\t\t<\/div>\n\t\t\t\t<\/div>\n\t\t\t\t<\/div>\n\t\t\t\t\t<\/div>\n\t\t\t\t<\/div>\n\t\t<div class=\"elementor-element elementor-element-220f7c3 e-flex e-con-boxed e-con e-parent\" data-id=\"220f7c3\" data-element_type=\"container\" data-settings=\"{&quot;background_background&quot;:&quot;classic&quot;}\">\n\t\t\t\t\t<div class=\"e-con-inner\">\n\t\t\t\t<div class=\"elementor-element elementor-element-f61c33c elementor-widget elementor-widget-heading\" data-id=\"f61c33c\" data-element_type=\"widget\" data-widget_type=\"heading.default\">\n\t\t\t\t<div class=\"elementor-widget-container\">\n\t\t\t<h2 class=\"elementor-heading-title elementor-size-default\">Recuperaci\u00f3n y seguimiento postoperatorio.<\/h2>\t\t<\/div>\n\t\t\t\t<\/div>\n\t\t\t\t<div class=\"elementor-element elementor-element-359ba9c elementor-widget__width-initial elementor-widget elementor-widget-text-editor\" data-id=\"359ba9c\" data-element_type=\"widget\" data-widget_type=\"text-editor.default\">\n\t\t\t\t<div class=\"elementor-widget-container\">\n\t\t\t\t\t\t\t<div class=\"flex-1 overflow-hidden\"><div class=\"react-scroll-to-bottom--css-jgeaw-79elbk h-full\"><div class=\"react-scroll-to-bottom--css-jgeaw-1n7m0yu\"><div class=\"flex flex-col pb-9 text-sm\"><div class=\"w-full text-token-text-primary\" data-testid=\"conversation-turn-30\"><div class=\"px-4 py-2 justify-center text-base md:gap-6 m-auto\"><div class=\"flex flex-1 text-base mx-auto gap-3 md:px-5 lg:px-1 xl:px-5 md:max-w-3xl lg:max-w-[40rem] xl:max-w-[48rem] group final-completion\"><div class=\"relative flex w-full flex-col lg:w-[calc(100%-115px)] agent-turn\"><div class=\"flex-col gap-1 md:gap-3\"><div class=\"flex flex-grow flex-col max-w-full\"><div class=\"min-h-[20px] text-message flex flex-col items-start gap-3 whitespace-pre-wrap break-words [.text-message+&amp;]:mt-5 overflow-x-auto\" data-message-author-role=\"assistant\" data-message-id=\"0bf73e5a-d4bb-4209-b547-0c5ffcbf83fb\"><div class=\"markdown prose w-full break-words dark:prose-invert light\"><p>El proceso de recuperaci\u00f3n de esta intervenci\u00f3n implica instrucciones detalladas para los cuidados postoperatorios, como el manejo del dolor, el cuidado de las incisiones, las limitaciones de la actividad f\u00edsica y las pautas para una curaci\u00f3n \u00f3ptima. El equipo m\u00e9dico ofrece apoyo continuo y seguimiento peri\u00f3dico, asegurando que la recuperaci\u00f3n sea lo m\u00e1s c\u00f3moda y eficiente posible, adem\u00e1s de brindar asesoramiento para mantener los resultados a largo plazo.<\/p><\/div><\/div><\/div><\/div><\/div><\/div><\/div><\/div><\/div><\/div><\/div><\/div>\t\t\t\t\t\t<\/div>\n\t\t\t\t<\/div>\n\t\t\t\t\t<\/div>\n\t\t\t\t<\/div>\n\t\t<div class=\"elementor-element elementor-element-7d9def7 e-flex e-con-boxed e-con e-parent\" data-id=\"7d9def7\" data-element_type=\"container\" data-settings=\"{&quot;background_background&quot;:&quot;classic&quot;,&quot;shape_divider_top&quot;:&quot;opacity-tilt&quot;}\">\n\t\t\t\t\t<div class=\"e-con-inner\">\n\t\t\t\t<div class=\"elementor-shape elementor-shape-top\" data-negative=\"false\">\n\t\t\t<svg xmlns=\"http:\/\/www.w3.org\/2000\/svg\" viewbox=\"0 0 2600 131.1\" preserveaspectratio=\"none\">\n\t<path class=\"elementor-shape-fill\" d=\"M0 0L2600 0 2600 69.1 0 0z\"\/>\n\t<path class=\"elementor-shape-fill\" style=\"opacity:0.5\" d=\"M0 0L2600 0 2600 69.1 0 69.1z\"\/>\n\t<path class=\"elementor-shape-fill\" style=\"opacity:0.25\" d=\"M2600 0L0 0 0 130.1 2600 69.1z\"\/>\n<\/svg>\t\t<\/div>\n\t\t<div class=\"elementor-element elementor-element-96afacb e-con-full e-flex e-con e-child\" data-id=\"96afacb\" data-element_type=\"container\">\n\t\t\t\t<div class=\"elementor-element elementor-element-0a83622 elementor-widget__width-initial elementor-widget elementor-widget-heading\" data-id=\"0a83622\" data-element_type=\"widget\" data-widget_type=\"heading.default\">\n\t\t\t\t<div class=\"elementor-widget-container\">\n\t\t\t<h2 class=\"elementor-heading-title elementor-size-default\">Entre en contacto<\/h2>\t\t<\/div>\n\t\t\t\t<\/div>\n\t\t\t\t<div class=\"elementor-element elementor-element-834d162 elementor-widget__width-initial elementor-widget elementor-widget-text-editor\" data-id=\"834d162\" data-element_type=\"widget\" data-widget_type=\"text-editor.default\">\n\t\t\t\t<div class=\"elementor-widget-container\">\n\t\t\t\t\t\t\t<p>Con\u00e9ctate con el cambio que deseas ver: cont\u00e1ctanos hoy y da el primer paso hacia la transformaci\u00f3n que mereces.<\/p>\t\t\t\t\t\t<\/div>\n\t\t\t\t<\/div>\n\t\t\t\t<div class=\"elementor-element elementor-element-5545723 elementor-align-center elementor-widget elementor-widget-button\" data-id=\"5545723\" data-element_type=\"widget\" data-widget_type=\"button.default\">\n\t\t\t\t<div class=\"elementor-widget-container\">\n\t\t\t\t\t<div class=\"elementor-button-wrapper\">\n\t\t\t<a class=\"elementor-button elementor-button-link elementor-size-sm elementor-animation-grow\" href=\"https:\/\/wa.me\/5516997923553?text=Ol%C3%A1%2C%20vim%20pelo%20site%20e%20gostaria%20de%20mais%20informa%C3%A7%C3%B5es!\" target=\"_blank\">\n\t\t\t\t\t\t<span class=\"elementor-button-content-wrapper\">\n\t\t\t\t\t\t\t\t\t<span class=\"elementor-button-text\">Iniciar experi\u00eancia<\/span>\n\t\t\t\t\t<\/span>\n\t\t\t\t\t<\/a>\n\t\t<\/div>\n\t\t\t\t<\/div>\n\t\t\t\t<\/div>\n\t\t\t\t<\/div>\n\t\t\t\t\t<\/div>\n\t\t\t\t<\/div>\n\t\t\t\t<\/div>","protected":false},"excerpt":{"rendered":"<p>\/*! elementor &#8211; v3.21.0 &#8211; 26-05-2024 *\/ .elementor-heading-title{padding:0;margin:0;line-height:1}.elementor-widget-heading .elementor-heading-title[class*=elementor-size-]&gt;a{color:inherit;font-size:inherit;line-height:inherit}.elementor-widget-heading .elementor-heading-title.elementor-size-small{font-size:15px}.elementor-widget-heading .elementor-heading-title.elementor-size-medium{font-size:19px}.elementor-widget-heading .elementor-heading-title.elementor-size-large{font-size:29px}.elementor-widget-heading .elementor-heading-title.elementor-size-xl{font-size:39px}.elementor-widget-heading .elementor-heading-title.elementor-size-xxl{font-size:59px} Mini-Abdominoplastia com Lipo de Defini\u00e7\u00e3o Din\u00e2mica O que \u00e9 a cirurgia de Mini-Abdominoplastia com Lipo de Defini\u00e7\u00e3o Din\u00e2mica? A Mini-Abdominoplastia com Lipo de Defini\u00e7\u00e3o Din\u00e2mica \u00e9 um procedimento cir\u00fargico refinado destinado a aprimorar a est\u00e9tica da regi\u00e3o abdominal inferior. Diferente da [&hellip;]<\/p>","protected":false},"author":8,"featured_media":0,"parent":0,"menu_order":0,"comment_status":"closed","ping_status":"closed","template":"elementor_header_footer","meta":{"footnotes":""},"acf":[],"_links":{"self":[{"href":"https:\/\/drantoniomarcos.com.br\/es\/wp-json\/wp\/v2\/pages\/2550"}],"collection":[{"href":"https:\/\/drantoniomarcos.com.br\/es\/wp-json\/wp\/v2\/pages"}],"about":[{"href":"https:\/\/drantoniomarcos.com.br\/es\/wp-json\/wp\/v2\/types\/page"}],"author":[{"embeddable":true,"href":"https:\/\/drantoniomarcos.com.br\/es\/wp-json\/wp\/v2\/users\/8"}],"replies":[{"embeddable":true,"href":"https:\/\/drantoniomarcos.com.br\/es\/wp-json\/wp\/v2\/comments?post=2550"}],"version-history":[{"count":31,"href":"https:\/\/drantoniomarcos.com.br\/es\/wp-json\/wp\/v2\/pages\/2550\/revisions"}],"predecessor-version":[{"id":3978,"href":"https:\/\/drantoniomarcos.com.br\/es\/wp-json\/wp\/v2\/pages\/2550\/revisions\/3978"}],"wp:attachment":[{"href":"https:\/\/drantoniomarcos.com.br\/es\/wp-json\/wp\/v2\/media?parent=2550"}],"curies":[{"name":"wp","href":"https:\/\/api.w.org\/{rel}","templated":true}]}}