{"id":2566,"date":"2024-04-02T13:08:11","date_gmt":"2024-04-02T16:08:11","guid":{"rendered":"https:\/\/drantoniomarcos.com.br\/?page_id=2566"},"modified":"2026-03-20T10:08:22","modified_gmt":"2026-03-20T13:08:22","slug":"remodelacao-gluteo","status":"publish","type":"page","link":"https:\/\/drantoniomarcos.com.br\/es\/remodelacao-gluteo\/","title":{"rendered":"Remodelaci\u00f3n de gl\u00fateos"},"content":{"rendered":"<div data-elementor-type=\"wp-page\" data-elementor-id=\"2566\" class=\"elementor elementor-2566\" data-elementor-post-type=\"page\">\n\t\t\t\t<div class=\"elementor-element elementor-element-5ef1a8e e-flex e-con-boxed e-con e-parent\" data-id=\"5ef1a8e\" data-element_type=\"container\" data-settings=\"{&quot;background_background&quot;:&quot;classic&quot;}\">\n\t\t\t\t\t<div class=\"e-con-inner\">\n\t\t\t\t<div class=\"elementor-element elementor-element-9458636 elementor-widget__width-initial elementor-widget elementor-widget-heading\" data-id=\"9458636\" data-element_type=\"widget\" data-widget_type=\"heading.default\">\n\t\t\t\t<div class=\"elementor-widget-container\">\n\t\t\t<style>\/*! elementor - v3.21.0 - 26-05-2024 *\/\n.elementor-heading-title{padding:0;margin:0;line-height:1}.elementor-widget-heading .elementor-heading-title[class*=elementor-size-]>a{color:inherit;font-size:inherit;line-height:inherit}.elementor-widget-heading .elementor-heading-title.elementor-size-small{font-size:15px}.elementor-widget-heading .elementor-heading-title.elementor-size-medium{font-size:19px}.elementor-widget-heading .elementor-heading-title.elementor-size-large{font-size:29px}.elementor-widget-heading .elementor-heading-title.elementor-size-xl{font-size:39px}.elementor-widget-heading .elementor-heading-title.elementor-size-xxl{font-size:59px}<\/style><h2 class=\"elementor-heading-title elementor-size-default\">Remodelaci\u00f3n de Gl\u00fateos - T\u00e9cnica SIME - guiada por ultrasonido<\/h2>\t\t<\/div>\n\t\t\t\t<\/div>\n\t\t\t\t\t<\/div>\n\t\t\t\t<\/div>\n\t\t<div class=\"elementor-element elementor-element-e02acd1 e-flex e-con-boxed e-con e-parent\" data-id=\"e02acd1\" data-element_type=\"container\" data-settings=\"{&quot;background_background&quot;:&quot;classic&quot;}\">\n\t\t\t\t\t<div class=\"e-con-inner\">\n\t\t<div class=\"elementor-element elementor-element-58d0a48 e-con-full e-flex e-con e-child\" data-id=\"58d0a48\" data-element_type=\"container\">\n\t\t\t\t<div class=\"elementor-element elementor-element-a062203 elementor-widget__width-initial elementor-widget elementor-widget-heading\" data-id=\"a062203\" data-element_type=\"widget\" data-widget_type=\"heading.default\">\n\t\t\t\t<div class=\"elementor-widget-container\">\n\t\t\t<h2 class=\"elementor-heading-title elementor-size-default\">\u00bfQu\u00e9 es la cirug\u00eda de Pr\u00f3tesis de Remodelaci\u00f3n de Gl\u00fateos?<\/h2>\t\t<\/div>\n\t\t\t\t<\/div>\n\t\t\t\t<div class=\"elementor-element elementor-element-a66314b elementor-widget__width-initial elementor-widget elementor-widget-text-editor\" data-id=\"a66314b\" data-element_type=\"widget\" data-widget_type=\"text-editor.default\">\n\t\t\t\t<div class=\"elementor-widget-container\">\n\t\t\t<style>\/*! elementor - v3.21.0 - 26-05-2024 *\/\n.elementor-widget-text-editor.elementor-drop-cap-view-stacked .elementor-drop-cap{background-color:#69727d;color:#fff}.elementor-widget-text-editor.elementor-drop-cap-view-framed .elementor-drop-cap{color:#69727d;border:3px solid;background-color:transparent}.elementor-widget-text-editor:not(.elementor-drop-cap-view-default) .elementor-drop-cap{margin-top:8px}.elementor-widget-text-editor:not(.elementor-drop-cap-view-default) .elementor-drop-cap-letter{width:1em;height:1em}.elementor-widget-text-editor .elementor-drop-cap{float:left;text-align:center;line-height:1;font-size:50px}.elementor-widget-text-editor .elementor-drop-cap-letter{display:inline-block}<\/style>\t\t\t\t<p data-sourcepos=\"3:1-3:305\">La cirug\u00eda de remodelaci\u00f3n de gl\u00fateos es un procedimiento est\u00e9tico que tiene como objetivo aumentar el volumen de los gl\u00fateos, corregir asimetr\u00edas o mejorar el contorno de esta regi\u00f3n. La t\u00e9cnica SIME, guiada por ultrasonido, es un m\u00e9todo m\u00ednimamente invasivo que utiliza ultrasonido para guiar la inyecci\u00f3n de grasa en los gl\u00fateos.<\/p><p data-sourcepos=\"3:1-3:305\">La t\u00e9cnica SIME es altamente segura y el Doctor Antonio Marcos fue quien la trajo a Brasil. El ultrasonido garantiza la seguridad de la cirug\u00eda ya que gu\u00eda la inyecci\u00f3n de grasa en los gl\u00fateos.<\/p><p data-sourcepos=\"17:1-17:221\">El ultrasonido permite al cirujano pl\u00e1stico visualizar las estructuras internas de los gl\u00fateos, como m\u00fasculos, nervios y vasos sangu\u00edneos. Esto asegura que la grasa se inyecte en el lugar correcto, evitando complicaciones.<\/p>\t\t\t\t\t\t<\/div>\n\t\t\t\t<\/div>\n\t\t\t\t<\/div>\n\t\t<div class=\"elementor-element elementor-element-f33f45e e-con-full e-flex e-con e-child\" data-id=\"f33f45e\" data-element_type=\"container\" data-settings=\"{&quot;background_background&quot;:&quot;classic&quot;}\">\n\t\t\t\t<\/div>\n\t\t\t\t\t<\/div>\n\t\t\t\t<\/div>\n\t\t<div class=\"elementor-element elementor-element-00cde94 e-flex e-con-boxed e-con e-parent\" data-id=\"00cde94\" data-element_type=\"container\" data-settings=\"{&quot;background_background&quot;:&quot;classic&quot;}\">\n\t\t\t\t\t<div class=\"e-con-inner\">\n\t\t<div class=\"elementor-element elementor-element-8ed35db e-con-full e-flex e-con e-child\" data-id=\"8ed35db\" data-element_type=\"container\">\n\t\t\t\t<div class=\"elementor-element elementor-element-85e9cc1 elementor-widget elementor-widget-heading\" data-id=\"85e9cc1\" data-element_type=\"widget\" data-widget_type=\"heading.default\">\n\t\t\t\t<div class=\"elementor-widget-container\">\n\t\t\t<h2 class=\"elementor-heading-title elementor-size-default\">Procedimientos quir\u00fargicos<\/h2>\t\t<\/div>\n\t\t\t\t<\/div>\n\t\t\t\t<div class=\"elementor-element elementor-element-9676b73 elementor-widget__width-initial elementor-widget elementor-widget-text-editor\" data-id=\"9676b73\" data-element_type=\"widget\" data-widget_type=\"text-editor.default\">\n\t\t\t\t<div class=\"elementor-widget-container\">\n\t\t\t\t\t\t\t<p data-sourcepos=\"7:1-7:173\">El procedimiento se realiza en dos pasos:<\/p><ul data-sourcepos=\"9:1-13:0\"><li data-sourcepos=\"9:1-10:0\"><p data-sourcepos=\"9:3-9:200\"><strong>Extracci\u00f3n de grasa:<\/strong> La grasa se extrae de las zonas del cuerpo con acumulaci\u00f3n de grasa, como el abdomen, los muslos o la espalda. La extracci\u00f3n se realiza a trav\u00e9s de una peque\u00f1a incisi\u00f3n, con ayuda de una c\u00e1nula.<\/p><\/li><li data-sourcepos=\"11:1-13:0\"><p data-sourcepos=\"11:3-11:229\"><strong>Inyecci\u00f3n de grasa:<\/strong> la grasa se inyecta en los gl\u00fateos con ayuda de una c\u00e1nula guiada por ultrasonido. El ultrasonido permite al cirujano pl\u00e1stico inyectar grasa en el lugar correcto, de forma precisa y segura.<\/p><\/li><\/ul>\t\t\t\t\t\t<\/div>\n\t\t\t\t<\/div>\n\t\t\t\t<\/div>\n\t\t<div class=\"elementor-element elementor-element-9b8cc91 e-con-full e-flex e-con e-child\" data-id=\"9b8cc91\" data-element_type=\"container\">\n\t\t<div class=\"elementor-element elementor-element-4ef171f e-con-full e-flex e-con e-child\" data-id=\"4ef171f\" data-element_type=\"container\">\n\t\t\t\t<div class=\"elementor-element elementor-element-5c1d529 elementor-widget elementor-widget-heading\" data-id=\"5c1d529\" data-element_type=\"widget\" data-widget_type=\"heading.default\">\n\t\t\t\t<div class=\"elementor-widget-container\">\n\t\t\t<h2 class=\"elementor-heading-title elementor-size-default\">Beneficios<\/h2>\t\t<\/div>\n\t\t\t\t<\/div>\n\t\t\t\t<div class=\"elementor-element elementor-element-e0f3e08 elementor-widget__width-initial elementor-widget elementor-widget-text-editor\" data-id=\"e0f3e08\" data-element_type=\"widget\" data-widget_type=\"text-editor.default\">\n\t\t\t\t<div class=\"elementor-widget-container\">\n\t\t\t\t\t\t\t<ul data-sourcepos=\"18:1-21:0\"><li data-sourcepos=\"18:1-18:115\"><strong>Resultado natural:<\/strong>\u00a0La grasa es un material natural del cuerpo, lo que garantiza un resultado natural y armonioso.<\/li><li data-sourcepos=\"19:1-19:98\"><strong>Seguridad:<\/strong>\u00a0La t\u00e9cnica SIME es un m\u00e9todo m\u00ednimamente invasivo, con bajo riesgo de complicaciones.<\/li><li data-sourcepos=\"20:1-21:0\"><strong>Durabilidad:<\/strong>\u00a0El resultado de la cirug\u00eda es duradero, ya que la grasa inyectada es absorbida gradualmente por el cuerpo.<\/li><\/ul>\t\t\t\t\t\t<\/div>\n\t\t\t\t<\/div>\n\t\t\t\t<\/div>\n\t\t\t\t<\/div>\n\t\t\t\t\t<\/div>\n\t\t\t\t<\/div>\n\t\t<div class=\"elementor-element elementor-element-c817deb e-flex e-con-boxed e-con e-parent\" data-id=\"c817deb\" data-element_type=\"container\" data-settings=\"{&quot;background_background&quot;:&quot;classic&quot;}\">\n\t\t\t\t\t<div class=\"e-con-inner\">\n\t\t\t\t<div class=\"elementor-element elementor-element-428f16d elementor-widget elementor-widget-heading\" data-id=\"428f16d\" data-element_type=\"widget\" data-widget_type=\"heading.default\">\n\t\t\t\t<div class=\"elementor-widget-container\">\n\t\t\t<h2 class=\"elementor-heading-title elementor-size-default\">Recuperaci\u00f3n y seguimiento postoperatorio.<\/h2>\t\t<\/div>\n\t\t\t\t<\/div>\n\t\t\t\t<div class=\"elementor-element elementor-element-71c655f elementor-widget__width-initial elementor-widget elementor-widget-text-editor\" data-id=\"71c655f\" data-element_type=\"widget\" data-widget_type=\"text-editor.default\">\n\t\t\t\t<div class=\"elementor-widget-container\">\n\t\t\t\t\t\t\t<div class=\"flex-1 overflow-hidden\"><div class=\"react-scroll-to-bottom--css-jgeaw-79elbk h-full\"><div class=\"react-scroll-to-bottom--css-jgeaw-1n7m0yu\"><div class=\"flex flex-col pb-9 text-sm\"><div class=\"w-full text-token-text-primary\" data-testid=\"conversation-turn-32\"><div class=\"px-4 py-2 justify-center text-base md:gap-6 m-auto\"><div class=\"flex flex-1 text-base mx-auto gap-3 md:px-5 lg:px-1 xl:px-5 md:max-w-3xl lg:max-w-[40rem] xl:max-w-[48rem] group final-completion\"><div class=\"relative flex w-full flex-col lg:w-[calc(100%-115px)] agent-turn\"><div class=\"flex-col gap-1 md:gap-3\"><div class=\"flex flex-grow flex-col max-w-full\"><div class=\"min-h-[20px] text-message flex flex-col items-start gap-3 whitespace-pre-wrap break-words [.text-message+&amp;]:mt-5 overflow-x-auto\" data-message-author-role=\"assistant\" data-message-id=\"2c47c982-c712-42b6-a01a-34d0750be33f\"><div class=\"markdown prose w-full break-words dark:prose-invert light\"><p data-sourcepos=\"24:1-24:236\">La recuperaci\u00f3n de la cirug\u00eda de remodelaci\u00f3n de gl\u00fateos \u2013t\u00e9cnica SIME\u2013 guiada por ultrasonido es relativamente r\u00e1pida. El paciente debe permanecer en reposo relativo durante unos d\u00edas y evitar la actividad f\u00edsica durante un tiempo.<\/p><p data-sourcepos=\"26:1-26:243\">El seguimiento postoperatorio es importante para garantizar la seguridad y el \u00e9xito de la cirug\u00eda. El cirujano pl\u00e1stico evaluar\u00e1 al paciente peri\u00f3dicamente para comprobar el progreso del procedimiento y resolver cualquier duda o inquietud.<\/p><\/div><\/div><\/div><\/div><\/div><\/div><\/div><\/div><\/div><\/div><\/div><\/div>\t\t\t\t\t\t<\/div>\n\t\t\t\t<\/div>\n\t\t\t\t\t<\/div>\n\t\t\t\t<\/div>\n\t\t<div class=\"elementor-element elementor-element-01e3b61 e-flex e-con-boxed e-con e-parent\" data-id=\"01e3b61\" data-element_type=\"container\" data-settings=\"{&quot;background_background&quot;:&quot;classic&quot;,&quot;shape_divider_top&quot;:&quot;opacity-tilt&quot;}\">\n\t\t\t\t\t<div class=\"e-con-inner\">\n\t\t\t\t<div class=\"elementor-shape elementor-shape-top\" data-negative=\"false\">\n\t\t\t<svg xmlns=\"http:\/\/www.w3.org\/2000\/svg\" viewbox=\"0 0 2600 131.1\" preserveaspectratio=\"none\">\n\t<path class=\"elementor-shape-fill\" d=\"M0 0L2600 0 2600 69.1 0 0z\"\/>\n\t<path class=\"elementor-shape-fill\" style=\"opacity:0.5\" d=\"M0 0L2600 0 2600 69.1 0 69.1z\"\/>\n\t<path class=\"elementor-shape-fill\" style=\"opacity:0.25\" d=\"M2600 0L0 0 0 130.1 2600 69.1z\"\/>\n<\/svg>\t\t<\/div>\n\t\t<div class=\"elementor-element elementor-element-7c128fb e-con-full e-flex e-con e-child\" data-id=\"7c128fb\" data-element_type=\"container\">\n\t\t\t\t<div class=\"elementor-element elementor-element-bf3c639 elementor-widget__width-initial elementor-widget elementor-widget-heading\" data-id=\"bf3c639\" data-element_type=\"widget\" data-widget_type=\"heading.default\">\n\t\t\t\t<div class=\"elementor-widget-container\">\n\t\t\t<h2 class=\"elementor-heading-title elementor-size-default\">Entre en contacto<\/h2>\t\t<\/div>\n\t\t\t\t<\/div>\n\t\t\t\t<div class=\"elementor-element elementor-element-589a11d elementor-widget__width-initial elementor-widget elementor-widget-text-editor\" data-id=\"589a11d\" data-element_type=\"widget\" data-widget_type=\"text-editor.default\">\n\t\t\t\t<div class=\"elementor-widget-container\">\n\t\t\t\t\t\t\t<p>Con\u00e9ctate con el cambio que deseas ver: cont\u00e1ctanos hoy y da el primer paso hacia la transformaci\u00f3n que mereces.<\/p>\t\t\t\t\t\t<\/div>\n\t\t\t\t<\/div>\n\t\t\t\t<div class=\"elementor-element elementor-element-0c9624a elementor-align-center elementor-widget elementor-widget-button\" data-id=\"0c9624a\" data-element_type=\"widget\" data-widget_type=\"button.default\">\n\t\t\t\t<div class=\"elementor-widget-container\">\n\t\t\t\t\t<div class=\"elementor-button-wrapper\">\n\t\t\t<a class=\"elementor-button elementor-button-link elementor-size-sm elementor-animation-grow\" href=\"https:\/\/wa.me\/5516997923553?text=Ol%C3%A1%2C%20vim%20pelo%20site%20e%20gostaria%20de%20mais%20informa%C3%A7%C3%B5es!\" target=\"_blank\">\n\t\t\t\t\t\t<span class=\"elementor-button-content-wrapper\">\n\t\t\t\t\t\t\t\t\t<span class=\"elementor-button-text\">Iniciar experi\u00eancia<\/span>\n\t\t\t\t\t<\/span>\n\t\t\t\t\t<\/a>\n\t\t<\/div>\n\t\t\t\t<\/div>\n\t\t\t\t<\/div>\n\t\t\t\t<\/div>\n\t\t\t\t\t<\/div>\n\t\t\t\t<\/div>\n\t\t\t\t<\/div>","protected":false},"excerpt":{"rendered":"<p>\/*! elementor &#8211; v3.21.0 &#8211; 26-05-2024 *\/ .elementor-heading-title{padding:0;margin:0;line-height:1}.elementor-widget-heading .elementor-heading-title[class*=elementor-size-]&gt;a{color:inherit;font-size:inherit;line-height:inherit}.elementor-widget-heading .elementor-heading-title.elementor-size-small{font-size:15px}.elementor-widget-heading .elementor-heading-title.elementor-size-medium{font-size:19px}.elementor-widget-heading .elementor-heading-title.elementor-size-large{font-size:29px}.elementor-widget-heading .elementor-heading-title.elementor-size-xl{font-size:39px}.elementor-widget-heading .elementor-heading-title.elementor-size-xxl{font-size:59px} Remodela\u00e7\u00e3o Gl\u00fateo &#8211; t\u00e9cnica SIME &#8211; ultrassound guided O que \u00e9 a cirurgia de Pr\u00f3tese de Remodelamento Gl\u00fateo? A cirurgia de remodela\u00e7\u00e3o gl\u00fatea \u00e9 um procedimento est\u00e9tico que visa aumentar o volume dos gl\u00fateos, corrigir assimetrias ou melhorar o contorno dessa [&hellip;]<\/p>","protected":false},"author":8,"featured_media":0,"parent":0,"menu_order":0,"comment_status":"closed","ping_status":"closed","template":"elementor_header_footer","meta":{"footnotes":""},"acf":[],"_links":{"self":[{"href":"https:\/\/drantoniomarcos.com.br\/es\/wp-json\/wp\/v2\/pages\/2566"}],"collection":[{"href":"https:\/\/drantoniomarcos.com.br\/es\/wp-json\/wp\/v2\/pages"}],"about":[{"href":"https:\/\/drantoniomarcos.com.br\/es\/wp-json\/wp\/v2\/types\/page"}],"author":[{"embeddable":true,"href":"https:\/\/drantoniomarcos.com.br\/es\/wp-json\/wp\/v2\/users\/8"}],"replies":[{"embeddable":true,"href":"https:\/\/drantoniomarcos.com.br\/es\/wp-json\/wp\/v2\/comments?post=2566"}],"version-history":[{"count":25,"href":"https:\/\/drantoniomarcos.com.br\/es\/wp-json\/wp\/v2\/pages\/2566\/revisions"}],"predecessor-version":[{"id":3990,"href":"https:\/\/drantoniomarcos.com.br\/es\/wp-json\/wp\/v2\/pages\/2566\/revisions\/3990"}],"wp:attachment":[{"href":"https:\/\/drantoniomarcos.com.br\/es\/wp-json\/wp\/v2\/media?parent=2566"}],"curies":[{"name":"wp","href":"https:\/\/api.w.org\/{rel}","templated":true}]}}