{"id":2576,"date":"2024-04-02T13:11:07","date_gmt":"2024-04-02T16:11:07","guid":{"rendered":"https:\/\/drantoniomarcos.com.br\/?page_id=2576"},"modified":"2026-01-20T12:31:46","modified_gmt":"2026-01-20T15:31:46","slug":"lipo-hd-feminina","status":"publish","type":"page","link":"https:\/\/drantoniomarcos.com.br\/es\/lipo-hd-feminina\/","title":{"rendered":"Lipo HD femenina"},"content":{"rendered":"<div data-elementor-type=\"wp-page\" data-elementor-id=\"2576\" class=\"elementor elementor-2576\" data-elementor-post-type=\"page\">\n\t\t\t\t<div class=\"elementor-element elementor-element-4e2fca2 e-flex e-con-boxed e-con e-parent\" data-id=\"4e2fca2\" data-element_type=\"container\" data-settings=\"{&quot;background_background&quot;:&quot;classic&quot;}\">\n\t\t\t\t\t<div class=\"e-con-inner\">\n\t\t\t\t<div class=\"elementor-element elementor-element-0065ee0 elementor-widget__width-initial elementor-widget elementor-widget-heading\" data-id=\"0065ee0\" data-element_type=\"widget\" data-widget_type=\"heading.default\">\n\t\t\t\t<div class=\"elementor-widget-container\">\n\t\t\t<style>\/*! elementor - v3.21.0 - 26-05-2024 *\/\n.elementor-heading-title{padding:0;margin:0;line-height:1}.elementor-widget-heading .elementor-heading-title[class*=elementor-size-]>a{color:inherit;font-size:inherit;line-height:inherit}.elementor-widget-heading .elementor-heading-title.elementor-size-small{font-size:15px}.elementor-widget-heading .elementor-heading-title.elementor-size-medium{font-size:19px}.elementor-widget-heading .elementor-heading-title.elementor-size-large{font-size:29px}.elementor-widget-heading .elementor-heading-title.elementor-size-xl{font-size:39px}.elementor-widget-heading .elementor-heading-title.elementor-size-xxl{font-size:59px}<\/style><h2 class=\"elementor-heading-title elementor-size-default\">Liposucci\u00f3n de Definici\u00f3n Din\u00e1mica \/ LAD \/ HD<\/h2>\t\t<\/div>\n\t\t\t\t<\/div>\n\t\t\t\t\t<\/div>\n\t\t\t\t<\/div>\n\t\t<div class=\"elementor-element elementor-element-c3ec50d e-flex e-con-boxed e-con e-parent\" data-id=\"c3ec50d\" data-element_type=\"container\" data-settings=\"{&quot;background_background&quot;:&quot;classic&quot;}\">\n\t\t\t\t\t<div class=\"e-con-inner\">\n\t\t<div class=\"elementor-element elementor-element-bed639a e-con-full e-flex e-con e-child\" data-id=\"bed639a\" data-element_type=\"container\" data-settings=\"{&quot;background_background&quot;:&quot;classic&quot;}\">\n\t\t\t\t<\/div>\n\t\t<div class=\"elementor-element elementor-element-c141557 e-con-full e-flex e-con e-child\" data-id=\"c141557\" data-element_type=\"container\">\n\t\t\t\t<div class=\"elementor-element elementor-element-73d09c1 elementor-widget__width-initial elementor-widget elementor-widget-heading\" data-id=\"73d09c1\" data-element_type=\"widget\" data-widget_type=\"heading.default\">\n\t\t\t\t<div class=\"elementor-widget-container\">\n\t\t\t<h2 class=\"elementor-heading-title elementor-size-default\">\u00bfQu\u00e9 es la liposucci\u00f3n de definici\u00f3n din\u00e1mica\/cirug\u00eda LAD\/HD?<\/h2>\t\t<\/div>\n\t\t\t\t<\/div>\n\t\t\t\t<div class=\"elementor-element elementor-element-213d432 elementor-widget__width-initial elementor-widget elementor-widget-text-editor\" data-id=\"213d432\" data-element_type=\"widget\" data-widget_type=\"text-editor.default\">\n\t\t\t\t<div class=\"elementor-widget-container\">\n\t\t\t<style>\/*! elementor - v3.21.0 - 26-05-2024 *\/\n.elementor-widget-text-editor.elementor-drop-cap-view-stacked .elementor-drop-cap{background-color:#69727d;color:#fff}.elementor-widget-text-editor.elementor-drop-cap-view-framed .elementor-drop-cap{color:#69727d;border:3px solid;background-color:transparent}.elementor-widget-text-editor:not(.elementor-drop-cap-view-default) .elementor-drop-cap{margin-top:8px}.elementor-widget-text-editor:not(.elementor-drop-cap-view-default) .elementor-drop-cap-letter{width:1em;height:1em}.elementor-widget-text-editor .elementor-drop-cap{float:left;text-align:center;line-height:1;font-size:50px}.elementor-widget-text-editor .elementor-drop-cap-letter{display:inline-block}<\/style>\t\t\t\t<p>La liposucci\u00f3n de definici\u00f3n din\u00e1mica, tambi\u00e9n conocida como LAD o Lipo HD, es una t\u00e9cnica avanzada de liposucci\u00f3n que va m\u00e1s all\u00e1 de la simple eliminaci\u00f3n de grasa. Este procedimiento est\u00e1 meticulosamente dise\u00f1ado para esculpir el cuerpo, realzando la musculatura natural y creando un contorno atl\u00e9tico m\u00e1s definido. En lugar de centrarse \u00fanicamente en eliminar el exceso de grasa, Lipo HD utiliza un enfoque m\u00e1s art\u00edstico y detallado, eliminando selectivamente la grasa alrededor de los grupos de m\u00fasculos, lo que mejora una apariencia tonificada. Esta t\u00e9cnica es ideal para personas que ya llevan un estilo de vida saludable, pero que quieren mejorar y definir a\u00fan m\u00e1s sus formas corporales.<\/p><p>A diferencia de la liposucci\u00f3n tradicional, LAD\/HD es particularmente efectiva en \u00e1reas como el abdomen, la espalda, los brazos, los muslos y las nalgas, lo que permite un resultado m\u00e1s esculpido y detallado. Esta t\u00e9cnica se ha vuelto popular entre quienes buscan una apariencia m\u00e1s \u201cafilada\u201d, que refleje un cuerpo bien entrenado y definido.<\/p>\t\t\t\t\t\t<\/div>\n\t\t\t\t<\/div>\n\t\t\t\t<\/div>\n\t\t\t\t\t<\/div>\n\t\t\t\t<\/div>\n\t\t<div class=\"elementor-element elementor-element-cd0d172 e-flex e-con-boxed e-con e-parent\" data-id=\"cd0d172\" data-element_type=\"container\" data-settings=\"{&quot;background_background&quot;:&quot;classic&quot;}\">\n\t\t\t\t\t<div class=\"e-con-inner\">\n\t\t<div class=\"elementor-element elementor-element-f213da8 e-con-full e-flex e-con e-child\" data-id=\"f213da8\" data-element_type=\"container\">\n\t\t\t\t<div class=\"elementor-element elementor-element-e3e1c3b elementor-widget elementor-widget-heading\" data-id=\"e3e1c3b\" data-element_type=\"widget\" data-widget_type=\"heading.default\">\n\t\t\t\t<div class=\"elementor-widget-container\">\n\t\t\t<h2 class=\"elementor-heading-title elementor-size-default\">Procedimientos quir\u00fargicos<\/h2>\t\t<\/div>\n\t\t\t\t<\/div>\n\t\t\t\t<div class=\"elementor-element elementor-element-6212c0e elementor-widget__width-initial elementor-widget elementor-widget-text-editor\" data-id=\"6212c0e\" data-element_type=\"widget\" data-widget_type=\"text-editor.default\">\n\t\t\t\t<div class=\"elementor-widget-container\">\n\t\t\t\t\t\t\t<p>La Liposucci\u00f3n de Definici\u00f3n Din\u00e1mica \/ LAD \/ HD es un procedimiento quir\u00fargico que implica la eliminaci\u00f3n estrat\u00e9gica de dep\u00f3sitos de grasa, utilizando t\u00e9cnicas precisas de liposucci\u00f3n para esculpir los contornos del cuerpo y realzar la musculatura natural, ofreciendo una apariencia m\u00e1s tonificada y atl\u00e9tica, con atenci\u00f3n meticulosa a la anatom\u00eda. Detalles para un resultado est\u00e9tico superior.<\/p>\t\t\t\t\t\t<\/div>\n\t\t\t\t<\/div>\n\t\t\t\t<\/div>\n\t\t<div class=\"elementor-element elementor-element-eb5a34d e-con-full e-flex e-con e-child\" data-id=\"eb5a34d\" data-element_type=\"container\">\n\t\t<div class=\"elementor-element elementor-element-370b678 e-con-full e-flex e-con e-child\" data-id=\"370b678\" data-element_type=\"container\">\n\t\t\t\t<div class=\"elementor-element elementor-element-428481e elementor-widget elementor-widget-heading\" data-id=\"428481e\" data-element_type=\"widget\" data-widget_type=\"heading.default\">\n\t\t\t\t<div class=\"elementor-widget-container\">\n\t\t\t<h2 class=\"elementor-heading-title elementor-size-default\">Beneficios<\/h2>\t\t<\/div>\n\t\t\t\t<\/div>\n\t\t\t\t<div class=\"elementor-element elementor-element-da98785 elementor-widget__width-initial elementor-widget elementor-widget-text-editor\" data-id=\"da98785\" data-element_type=\"widget\" data-widget_type=\"text-editor.default\">\n\t\t\t\t<div class=\"elementor-widget-container\">\n\t\t\t\t\t\t\t<p>Los beneficios de la Liposucci\u00f3n de Definici\u00f3n Din\u00e1mica incluyen no s\u00f3lo reducir la grasa corporal no deseada, sino tambi\u00e9n crear un perfil corporal m\u00e1s esculpido y definido, mejorar la musculatura natural y promover una apariencia m\u00e1s atl\u00e9tica, lo que puede aumentar significativamente la confianza y la satisfacci\u00f3n con la propia imagen.<\/p>\t\t\t\t\t\t<\/div>\n\t\t\t\t<\/div>\n\t\t\t\t<\/div>\n\t\t\t\t<\/div>\n\t\t\t\t\t<\/div>\n\t\t\t\t<\/div>\n\t\t<div class=\"elementor-element elementor-element-587d55f e-flex e-con-boxed e-con e-parent\" data-id=\"587d55f\" data-element_type=\"container\" data-settings=\"{&quot;background_background&quot;:&quot;classic&quot;}\">\n\t\t\t\t\t<div class=\"e-con-inner\">\n\t\t\t\t<div class=\"elementor-element elementor-element-2120811 elementor-widget elementor-widget-heading\" data-id=\"2120811\" data-element_type=\"widget\" data-widget_type=\"heading.default\">\n\t\t\t\t<div class=\"elementor-widget-container\">\n\t\t\t<h2 class=\"elementor-heading-title elementor-size-default\">Recuperaci\u00f3n y seguimiento postoperatorio.<\/h2>\t\t<\/div>\n\t\t\t\t<\/div>\n\t\t\t\t<div class=\"elementor-element elementor-element-c44d897 elementor-widget__width-initial elementor-widget elementor-widget-text-editor\" data-id=\"c44d897\" data-element_type=\"widget\" data-widget_type=\"text-editor.default\">\n\t\t\t\t<div class=\"elementor-widget-container\">\n\t\t\t\t\t\t\t<div class=\"flex-1 overflow-hidden\"><div class=\"react-scroll-to-bottom--css-jgeaw-79elbk h-full\"><div class=\"react-scroll-to-bottom--css-jgeaw-1n7m0yu\"><div class=\"flex flex-col pb-9 text-sm\"><div class=\"w-full text-token-text-primary\" data-testid=\"conversation-turn-34\"><div class=\"px-4 py-2 justify-center text-base md:gap-6 m-auto\"><div class=\"flex flex-1 text-base mx-auto gap-3 md:px-5 lg:px-1 xl:px-5 md:max-w-3xl lg:max-w-[40rem] xl:max-w-[48rem] group final-completion\"><div class=\"relative flex w-full flex-col lg:w-[calc(100%-115px)] agent-turn\"><div class=\"flex-col gap-1 md:gap-3\"><div class=\"flex flex-grow flex-col max-w-full\"><div class=\"min-h-[20px] text-message flex flex-col items-start gap-3 whitespace-pre-wrap break-words [.text-message+&amp;]:mt-5 overflow-x-auto\" data-message-author-role=\"assistant\" data-message-id=\"d91fe621-d0af-4a22-8f04-3ac1462b77ef\"><div class=\"markdown prose w-full break-words dark:prose-invert light\"><p>El per\u00edodo de recuperaci\u00f3n de la liposucci\u00f3n de definici\u00f3n din\u00e1mica\/LAD\/HD requiere una estrecha monitorizaci\u00f3n postoperatoria, con instrucciones detalladas sobre el cuidado de la incisi\u00f3n, el manejo del dolor, las restricciones de actividad y recomendaciones para una curaci\u00f3n optimizada. El seguimiento regular por parte del cirujano es crucial para monitorear el progreso y garantizar que los resultados est\u00e9ticos se logren de manera segura y efectiva, brindando apoyo y orientaci\u00f3n continuos durante todo el proceso de recuperaci\u00f3n.<\/p><\/div><\/div><\/div><\/div><\/div><\/div><\/div><\/div><\/div><\/div><\/div><\/div>\t\t\t\t\t\t<\/div>\n\t\t\t\t<\/div>\n\t\t\t\t\t<\/div>\n\t\t\t\t<\/div>\n\t\t<div class=\"elementor-element elementor-element-8e4f0fe e-flex e-con-boxed e-con e-parent\" data-id=\"8e4f0fe\" data-element_type=\"container\" data-settings=\"{&quot;background_background&quot;:&quot;classic&quot;,&quot;shape_divider_top&quot;:&quot;opacity-tilt&quot;}\">\n\t\t\t\t\t<div class=\"e-con-inner\">\n\t\t\t\t<div class=\"elementor-shape elementor-shape-top\" data-negative=\"false\">\n\t\t\t<svg xmlns=\"http:\/\/www.w3.org\/2000\/svg\" viewbox=\"0 0 2600 131.1\" preserveaspectratio=\"none\">\n\t<path class=\"elementor-shape-fill\" d=\"M0 0L2600 0 2600 69.1 0 0z\"\/>\n\t<path class=\"elementor-shape-fill\" style=\"opacity:0.5\" d=\"M0 0L2600 0 2600 69.1 0 69.1z\"\/>\n\t<path class=\"elementor-shape-fill\" style=\"opacity:0.25\" d=\"M2600 0L0 0 0 130.1 2600 69.1z\"\/>\n<\/svg>\t\t<\/div>\n\t\t<div class=\"elementor-element elementor-element-1263ae7 e-con-full e-flex e-con e-child\" data-id=\"1263ae7\" data-element_type=\"container\">\n\t\t\t\t<div class=\"elementor-element elementor-element-87f5a63 elementor-widget__width-initial elementor-widget elementor-widget-heading\" data-id=\"87f5a63\" data-element_type=\"widget\" data-widget_type=\"heading.default\">\n\t\t\t\t<div class=\"elementor-widget-container\">\n\t\t\t<h2 class=\"elementor-heading-title elementor-size-default\">Entre en contacto<\/h2>\t\t<\/div>\n\t\t\t\t<\/div>\n\t\t\t\t<div class=\"elementor-element elementor-element-8655f22 elementor-widget__width-initial elementor-widget elementor-widget-text-editor\" data-id=\"8655f22\" data-element_type=\"widget\" data-widget_type=\"text-editor.default\">\n\t\t\t\t<div class=\"elementor-widget-container\">\n\t\t\t\t\t\t\t<p>Con\u00e9ctate con el cambio que deseas ver: cont\u00e1ctanos hoy y da el primer paso hacia la transformaci\u00f3n que mereces.<\/p>\t\t\t\t\t\t<\/div>\n\t\t\t\t<\/div>\n\t\t<div class=\"elementor-element elementor-element-fa3f2bf e-con-full e-flex e-con e-child\" data-id=\"fa3f2bf\" data-element_type=\"container\">\n\t\t<div class=\"elementor-element elementor-element-8a993be e-con-full e-flex e-con e-child\" data-id=\"8a993be\" data-element_type=\"container\">\n\t\t\t\t<div class=\"elementor-element elementor-element-06a176e elementor-widget elementor-widget-image\" data-id=\"06a176e\" data-element_type=\"widget\" data-widget_type=\"image.default\">\n\t\t\t\t<div class=\"elementor-widget-container\">\n\t\t\t<style>\/*! elementor - v3.21.0 - 26-05-2024 *\/\n.elementor-widget-image{text-align:center}.elementor-widget-image a{display:inline-block}.elementor-widget-image a img[src$=\".svg\"]{width:48px}.elementor-widget-image img{vertical-align:middle;display:inline-block}<\/style>\t\t\t\t\t\t\t\t\t\t\t<a href=\"https:\/\/wa.me\/5516994053678?text=Ol%C3%A1!%20Vim%20pelo%20site%20e%20quero%20agendar%20minha%20consulta%20em%20Ribeir%C3%A3o%20Preto!%20\" target=\"_blank\">\n\t\t\t\t\t\t\t<img fetchpriority=\"high\" decoding=\"async\" width=\"512\" height=\"512\" src=\"https:\/\/drantoniomarcos.com.br\/wp-content\/uploads\/2026\/01\/Ribeirao-preto.webp\" class=\"attachment-large size-large wp-image-3868\" alt=\"\" srcset=\"https:\/\/drantoniomarcos.com.br\/wp-content\/uploads\/2026\/01\/Ribeirao-preto.webp 512w, https:\/\/drantoniomarcos.com.br\/wp-content\/uploads\/2026\/01\/Ribeirao-preto-300x300.webp 300w, https:\/\/drantoniomarcos.com.br\/wp-content\/uploads\/2026\/01\/Ribeirao-preto-150x150.webp 150w, https:\/\/drantoniomarcos.com.br\/wp-content\/uploads\/2026\/01\/Ribeirao-preto-12x12.webp 12w\" sizes=\"(max-width: 512px) 100vw, 512px\" \/>\t\t\t\t\t\t\t\t<\/a>\n\t\t\t\t\t\t\t\t\t\t\t\t\t<\/div>\n\t\t\t\t<\/div>\n\t\t\t\t<\/div>\n\t\t<div class=\"elementor-element elementor-element-bca3a06 e-con-full e-flex e-con e-child\" data-id=\"bca3a06\" data-element_type=\"container\">\n\t\t\t\t<div class=\"elementor-element elementor-element-fa2ae28 elementor-widget elementor-widget-image\" data-id=\"fa2ae28\" data-element_type=\"widget\" data-widget_type=\"image.default\">\n\t\t\t\t<div class=\"elementor-widget-container\">\n\t\t\t\t\t\t\t\t\t\t\t\t\t\t<a href=\"https:\/\/wa.me\/5516994053678?text=Ol%C3%A1!%20Vim%20pelo%20site%20e%20quero%20agendar%20minha%20consulta%20em%20Bauru!%20\" target=\"_blank\">\n\t\t\t\t\t\t\t<img decoding=\"async\" width=\"512\" height=\"512\" src=\"https:\/\/drantoniomarcos.com.br\/wp-content\/uploads\/2026\/01\/Bauru.webp\" class=\"attachment-large size-large wp-image-3866\" alt=\"\" srcset=\"https:\/\/drantoniomarcos.com.br\/wp-content\/uploads\/2026\/01\/Bauru.webp 512w, https:\/\/drantoniomarcos.com.br\/wp-content\/uploads\/2026\/01\/Bauru-300x300.webp 300w, https:\/\/drantoniomarcos.com.br\/wp-content\/uploads\/2026\/01\/Bauru-150x150.webp 150w, https:\/\/drantoniomarcos.com.br\/wp-content\/uploads\/2026\/01\/Bauru-12x12.webp 12w\" sizes=\"(max-width: 512px) 100vw, 512px\" \/>\t\t\t\t\t\t\t\t<\/a>\n\t\t\t\t\t\t\t\t\t\t\t\t\t<\/div>\n\t\t\t\t<\/div>\n\t\t\t\t<\/div>\n\t\t<div class=\"elementor-element elementor-element-e7a7594 e-con-full e-flex e-con e-child\" data-id=\"e7a7594\" data-element_type=\"container\">\n\t\t\t\t<div class=\"elementor-element elementor-element-4dc800a elementor-widget elementor-widget-image\" data-id=\"4dc800a\" data-element_type=\"widget\" data-widget_type=\"image.default\">\n\t\t\t\t<div class=\"elementor-widget-container\">\n\t\t\t\t\t\t\t\t\t\t\t\t\t\t<a href=\"https:\/\/wa.me\/5516994053678?text=Ol%C3%A1!%20Vim%20pelo%20site%20e%20quero%20agendar%20minha%20consulta%20em%20S%C3%A3o%20Paulo!%20\" target=\"_blank\">\n\t\t\t\t\t\t\t<img decoding=\"async\" width=\"512\" height=\"512\" src=\"https:\/\/drantoniomarcos.com.br\/wp-content\/uploads\/2026\/01\/Sao-Paulo.webp\" class=\"attachment-large size-large wp-image-3869\" alt=\"\" srcset=\"https:\/\/drantoniomarcos.com.br\/wp-content\/uploads\/2026\/01\/Sao-Paulo.webp 512w, https:\/\/drantoniomarcos.com.br\/wp-content\/uploads\/2026\/01\/Sao-Paulo-300x300.webp 300w, https:\/\/drantoniomarcos.com.br\/wp-content\/uploads\/2026\/01\/Sao-Paulo-150x150.webp 150w, https:\/\/drantoniomarcos.com.br\/wp-content\/uploads\/2026\/01\/Sao-Paulo-12x12.webp 12w\" sizes=\"(max-width: 512px) 100vw, 512px\" \/>\t\t\t\t\t\t\t\t<\/a>\n\t\t\t\t\t\t\t\t\t\t\t\t\t<\/div>\n\t\t\t\t<\/div>\n\t\t\t\t<\/div>\n\t\t<div class=\"elementor-element elementor-element-a543b01 e-con-full e-flex e-con e-child\" data-id=\"a543b01\" data-element_type=\"container\">\n\t\t\t\t<div class=\"elementor-element elementor-element-6eab8f0 elementor-widget elementor-widget-image\" data-id=\"6eab8f0\" data-element_type=\"widget\" data-widget_type=\"image.default\">\n\t\t\t\t<div class=\"elementor-widget-container\">\n\t\t\t\t\t\t\t\t\t\t\t\t\t\t<a href=\"https:\/\/wa.me\/5516994053678?text=Ol%C3%A1!%20Vim%20pelo%20site%20e%20quero%20agendar%20minha%20consulta%20Online!%20\" target=\"_blank\">\n\t\t\t\t\t\t\t<img loading=\"lazy\" decoding=\"async\" width=\"512\" height=\"512\" src=\"https:\/\/drantoniomarcos.com.br\/wp-content\/uploads\/2026\/01\/Consulta-Online.webp\" class=\"attachment-large size-large wp-image-3867\" alt=\"\" srcset=\"https:\/\/drantoniomarcos.com.br\/wp-content\/uploads\/2026\/01\/Consulta-Online.webp 512w, https:\/\/drantoniomarcos.com.br\/wp-content\/uploads\/2026\/01\/Consulta-Online-300x300.webp 300w, https:\/\/drantoniomarcos.com.br\/wp-content\/uploads\/2026\/01\/Consulta-Online-150x150.webp 150w, https:\/\/drantoniomarcos.com.br\/wp-content\/uploads\/2026\/01\/Consulta-Online-12x12.webp 12w\" sizes=\"(max-width: 512px) 100vw, 512px\" \/>\t\t\t\t\t\t\t\t<\/a>\n\t\t\t\t\t\t\t\t\t\t\t\t\t<\/div>\n\t\t\t\t<\/div>\n\t\t\t\t<\/div>\n\t\t\t\t<\/div>\n\t\t\t\t<\/div>\n\t\t\t\t\t<\/div>\n\t\t\t\t<\/div>\n\t\t\t\t<\/div>","protected":false},"excerpt":{"rendered":"<p>\/*! elementor &#8211; v3.21.0 &#8211; 26-05-2024 *\/ .elementor-heading-title{padding:0;margin:0;line-height:1}.elementor-widget-heading .elementor-heading-title[class*=elementor-size-]&gt;a{color:inherit;font-size:inherit;line-height:inherit}.elementor-widget-heading .elementor-heading-title.elementor-size-small{font-size:15px}.elementor-widget-heading .elementor-heading-title.elementor-size-medium{font-size:19px}.elementor-widget-heading .elementor-heading-title.elementor-size-large{font-size:29px}.elementor-widget-heading .elementor-heading-title.elementor-size-xl{font-size:39px}.elementor-widget-heading .elementor-heading-title.elementor-size-xxl{font-size:59px} Lipoaspira\u00e7\u00e3o de Defini\u00e7\u00e3o Din\u00e2mica \/ LAD \/ HD O que \u00e9 a cirurgia de Lipoaspira\u00e7\u00e3o de Defini\u00e7\u00e3o Din\u00e2mica \/ LAD \/ HD? A Lipoaspira\u00e7\u00e3o de Defini\u00e7\u00e3o Din\u00e2mica, tamb\u00e9m conhecida como LAD ou Lipo HD, \u00e9 uma t\u00e9cnica avan\u00e7ada de lipoaspira\u00e7\u00e3o que [&hellip;]<\/p>","protected":false},"author":8,"featured_media":0,"parent":0,"menu_order":0,"comment_status":"closed","ping_status":"closed","template":"elementor_header_footer","meta":{"footnotes":""},"acf":[],"_links":{"self":[{"href":"https:\/\/drantoniomarcos.com.br\/es\/wp-json\/wp\/v2\/pages\/2576"}],"collection":[{"href":"https:\/\/drantoniomarcos.com.br\/es\/wp-json\/wp\/v2\/pages"}],"about":[{"href":"https:\/\/drantoniomarcos.com.br\/es\/wp-json\/wp\/v2\/types\/page"}],"author":[{"embeddable":true,"href":"https:\/\/drantoniomarcos.com.br\/es\/wp-json\/wp\/v2\/users\/8"}],"replies":[{"embeddable":true,"href":"https:\/\/drantoniomarcos.com.br\/es\/wp-json\/wp\/v2\/comments?post=2576"}],"version-history":[{"count":25,"href":"https:\/\/drantoniomarcos.com.br\/es\/wp-json\/wp\/v2\/pages\/2576\/revisions"}],"predecessor-version":[{"id":3889,"href":"https:\/\/drantoniomarcos.com.br\/es\/wp-json\/wp\/v2\/pages\/2576\/revisions\/3889"}],"wp:attachment":[{"href":"https:\/\/drantoniomarcos.com.br\/es\/wp-json\/wp\/v2\/media?parent=2576"}],"curies":[{"name":"wp","href":"https:\/\/api.w.org\/{rel}","templated":true}]}}