{"id":2589,"date":"2024-04-02T13:14:35","date_gmt":"2024-04-02T16:14:35","guid":{"rendered":"https:\/\/drantoniomarcos.com.br\/?page_id=2589"},"modified":"2026-03-20T10:08:31","modified_gmt":"2026-03-20T13:08:31","slug":"renuvion","status":"publish","type":"page","link":"https:\/\/drantoniomarcos.com.br\/es\/renuvion\/","title":{"rendered":"Renuvi\u00f3n"},"content":{"rendered":"<div data-elementor-type=\"wp-page\" data-elementor-id=\"2589\" class=\"elementor elementor-2589\" data-elementor-post-type=\"page\">\n\t\t\t\t<div class=\"elementor-element elementor-element-eb51cad e-flex e-con-boxed e-con e-parent\" data-id=\"eb51cad\" data-element_type=\"container\" data-settings=\"{&quot;background_background&quot;:&quot;classic&quot;}\">\n\t\t\t\t\t<div class=\"e-con-inner\">\n\t\t\t\t<div class=\"elementor-element elementor-element-3e63b97 elementor-widget__width-initial elementor-widget elementor-widget-heading\" data-id=\"3e63b97\" data-element_type=\"widget\" data-widget_type=\"heading.default\">\n\t\t\t\t<div class=\"elementor-widget-container\">\n\t\t\t<style>\/*! elementor - v3.21.0 - 26-05-2024 *\/\n.elementor-heading-title{padding:0;margin:0;line-height:1}.elementor-widget-heading .elementor-heading-title[class*=elementor-size-]>a{color:inherit;font-size:inherit;line-height:inherit}.elementor-widget-heading .elementor-heading-title.elementor-size-small{font-size:15px}.elementor-widget-heading .elementor-heading-title.elementor-size-medium{font-size:19px}.elementor-widget-heading .elementor-heading-title.elementor-size-large{font-size:29px}.elementor-widget-heading .elementor-heading-title.elementor-size-xl{font-size:39px}.elementor-widget-heading .elementor-heading-title.elementor-size-xxl{font-size:59px}<\/style><h2 class=\"elementor-heading-title elementor-size-default\">Renuvion (retracci\u00f3n de la piel)<\/h2>\t\t<\/div>\n\t\t\t\t<\/div>\n\t\t\t\t\t<\/div>\n\t\t\t\t<\/div>\n\t\t<div class=\"elementor-element elementor-element-4f53fda e-flex e-con-boxed e-con e-parent\" data-id=\"4f53fda\" data-element_type=\"container\" data-settings=\"{&quot;background_background&quot;:&quot;classic&quot;}\">\n\t\t\t\t\t<div class=\"e-con-inner\">\n\t\t<div class=\"elementor-element elementor-element-3c9073a e-con-full e-flex e-con e-child\" data-id=\"3c9073a\" data-element_type=\"container\">\n\t\t\t\t<div class=\"elementor-element elementor-element-e0e1312 elementor-widget__width-initial elementor-widget elementor-widget-heading\" data-id=\"e0e1312\" data-element_type=\"widget\" data-widget_type=\"heading.default\">\n\t\t\t\t<div class=\"elementor-widget-container\">\n\t\t\t<h2 class=\"elementor-heading-title elementor-size-default\">\u00bfQu\u00e9 es la cirug\u00eda Renuvion (retracci\u00f3n de la piel)?<\/h2>\t\t<\/div>\n\t\t\t\t<\/div>\n\t\t\t\t<div class=\"elementor-element elementor-element-6f5a6b6 elementor-widget__width-initial elementor-widget elementor-widget-text-editor\" data-id=\"6f5a6b6\" data-element_type=\"widget\" data-widget_type=\"text-editor.default\">\n\t\t\t\t<div class=\"elementor-widget-container\">\n\t\t\t<style>\/*! elementor - v3.21.0 - 26-05-2024 *\/\n.elementor-widget-text-editor.elementor-drop-cap-view-stacked .elementor-drop-cap{background-color:#69727d;color:#fff}.elementor-widget-text-editor.elementor-drop-cap-view-framed .elementor-drop-cap{color:#69727d;border:3px solid;background-color:transparent}.elementor-widget-text-editor:not(.elementor-drop-cap-view-default) .elementor-drop-cap{margin-top:8px}.elementor-widget-text-editor:not(.elementor-drop-cap-view-default) .elementor-drop-cap-letter{width:1em;height:1em}.elementor-widget-text-editor .elementor-drop-cap{float:left;text-align:center;line-height:1;font-size:50px}.elementor-widget-text-editor .elementor-drop-cap-letter{display:inline-block}<\/style>\t\t\t\t<p>La cirug\u00eda Renuvion, conocida por su papel en el estiramiento de la piel, es una t\u00e9cnica innovadora y m\u00ednimamente invasiva que se utiliza para mejorar la firmeza y la apariencia de la piel. Utilizando una combinaci\u00f3n de energ\u00eda de radiofrecuencia y helio, este procedimiento es especialmente eficaz para contraer los tejidos subcut\u00e1neos, lo que da como resultado una piel m\u00e1s suave y rejuvenecida. Renuvion es particularmente beneficioso para pacientes que han experimentado p\u00e9rdida de elasticidad de la piel debido al envejecimiento, p\u00e9rdida de peso significativa o despu\u00e9s de procedimientos como la liposucci\u00f3n donde la piel puede volverse fl\u00e1cida o fl\u00e1cida.<\/p><p>A diferencia de las t\u00e9cnicas tradicionales de estiramiento facial, que requieren incisiones m\u00e1s grandes y pueden dar lugar a tiempos de recuperaci\u00f3n m\u00e1s prolongados, Renuvion ofrece una alternativa menos invasiva con resultados visibles y menos tiempo de inactividad. Este procedimiento es vers\u00e1til y se puede aplicar en diversas \u00e1reas del cuerpo, incluido el abdomen, los brazos, los muslos y el cuello, brindando una soluci\u00f3n eficaz a la flacidez de la piel.<\/p>\t\t\t\t\t\t<\/div>\n\t\t\t\t<\/div>\n\t\t\t\t<\/div>\n\t\t<div class=\"elementor-element elementor-element-a207b05 e-con-full e-flex e-con e-child\" data-id=\"a207b05\" data-element_type=\"container\" data-settings=\"{&quot;background_background&quot;:&quot;classic&quot;}\">\n\t\t\t\t<\/div>\n\t\t\t\t\t<\/div>\n\t\t\t\t<\/div>\n\t\t<div class=\"elementor-element elementor-element-107bd1a e-flex e-con-boxed e-con e-parent\" data-id=\"107bd1a\" data-element_type=\"container\" data-settings=\"{&quot;background_background&quot;:&quot;classic&quot;}\">\n\t\t\t\t\t<div class=\"e-con-inner\">\n\t\t<div class=\"elementor-element elementor-element-b7a64f8 e-con-full e-flex e-con e-child\" data-id=\"b7a64f8\" data-element_type=\"container\">\n\t\t\t\t<div class=\"elementor-element elementor-element-db1b18f elementor-widget elementor-widget-heading\" data-id=\"db1b18f\" data-element_type=\"widget\" data-widget_type=\"heading.default\">\n\t\t\t\t<div class=\"elementor-widget-container\">\n\t\t\t<h2 class=\"elementor-heading-title elementor-size-default\">Procedimientos quir\u00fargicos<\/h2>\t\t<\/div>\n\t\t\t\t<\/div>\n\t\t\t\t<div class=\"elementor-element elementor-element-88f9b9c elementor-widget__width-initial elementor-widget elementor-widget-text-editor\" data-id=\"88f9b9c\" data-element_type=\"widget\" data-widget_type=\"text-editor.default\">\n\t\t\t\t<div class=\"elementor-widget-container\">\n\t\t\t\t\t\t\t<p>La cirug\u00eda Renuvion implica el uso de una peque\u00f1a sonda que emite energ\u00eda de radiofrecuencia y helio para calentar y contraer con precisi\u00f3n las fibras de col\u00e1geno debajo de la piel, promoviendo la retracci\u00f3n inmediata y una mejora visible en la firmeza y textura de la piel, con incisiones m\u00ednimas y alteraci\u00f3n limitada del entorno. tejidos.\u00a0<\/p>\t\t\t\t\t\t<\/div>\n\t\t\t\t<\/div>\n\t\t\t\t<\/div>\n\t\t<div class=\"elementor-element elementor-element-10ef8a8 e-con-full e-flex e-con e-child\" data-id=\"10ef8a8\" data-element_type=\"container\">\n\t\t<div class=\"elementor-element elementor-element-f6d15db e-con-full e-flex e-con e-child\" data-id=\"f6d15db\" data-element_type=\"container\">\n\t\t\t\t<div class=\"elementor-element elementor-element-9898b69 elementor-widget elementor-widget-heading\" data-id=\"9898b69\" data-element_type=\"widget\" data-widget_type=\"heading.default\">\n\t\t\t\t<div class=\"elementor-widget-container\">\n\t\t\t<h2 class=\"elementor-heading-title elementor-size-default\">Beneficios<\/h2>\t\t<\/div>\n\t\t\t\t<\/div>\n\t\t\t\t<div class=\"elementor-element elementor-element-74ba897 elementor-widget__width-initial elementor-widget elementor-widget-text-editor\" data-id=\"74ba897\" data-element_type=\"widget\" data-widget_type=\"text-editor.default\">\n\t\t\t\t<div class=\"elementor-widget-container\">\n\t\t\t\t\t\t\t<p>Los beneficios de la cirug\u00eda Renuvion incluyen lograr una piel m\u00e1s firme y rejuvenecida con resultados naturales y discretos, cicatrices minimizadas y un tiempo de recuperaci\u00f3n reducido en comparaci\u00f3n con procedimientos de estiramiento facial m\u00e1s invasivos, ofreciendo una soluci\u00f3n eficaz y m\u00ednimamente invasiva para la piel fl\u00e1cida. Ofrece resultados notables, reduciendo la flacidez de la piel hasta en un 80%.<\/p>\t\t\t\t\t\t<\/div>\n\t\t\t\t<\/div>\n\t\t\t\t<\/div>\n\t\t\t\t<\/div>\n\t\t\t\t\t<\/div>\n\t\t\t\t<\/div>\n\t\t<div class=\"elementor-element elementor-element-23d4e38 e-flex e-con-boxed e-con e-parent\" data-id=\"23d4e38\" data-element_type=\"container\" data-settings=\"{&quot;background_background&quot;:&quot;classic&quot;}\">\n\t\t\t\t\t<div class=\"e-con-inner\">\n\t\t\t\t<div class=\"elementor-element elementor-element-726f9f6 elementor-widget elementor-widget-heading\" data-id=\"726f9f6\" data-element_type=\"widget\" data-widget_type=\"heading.default\">\n\t\t\t\t<div class=\"elementor-widget-container\">\n\t\t\t<h2 class=\"elementor-heading-title elementor-size-default\">Recuperaci\u00f3n y seguimiento postoperatorio.<\/h2>\t\t<\/div>\n\t\t\t\t<\/div>\n\t\t\t\t<div class=\"elementor-element elementor-element-ba35ddd elementor-widget__width-initial elementor-widget elementor-widget-text-editor\" data-id=\"ba35ddd\" data-element_type=\"widget\" data-widget_type=\"text-editor.default\">\n\t\t\t\t<div class=\"elementor-widget-container\">\n\t\t\t\t\t\t\t<div class=\"flex-1 overflow-hidden\"><div class=\"react-scroll-to-bottom--css-jgeaw-79elbk h-full\"><div class=\"react-scroll-to-bottom--css-jgeaw-1n7m0yu\"><div class=\"flex flex-col pb-9 text-sm\"><div class=\"w-full text-token-text-primary\" data-testid=\"conversation-turn-36\"><div class=\"px-4 py-2 justify-center text-base md:gap-6 m-auto\"><div class=\"flex flex-1 text-base mx-auto gap-3 md:px-5 lg:px-1 xl:px-5 md:max-w-3xl lg:max-w-[40rem] xl:max-w-[48rem] group final-completion\"><div class=\"relative flex w-full flex-col lg:w-[calc(100%-115px)] agent-turn\"><div class=\"flex-col gap-1 md:gap-3\"><div class=\"flex flex-grow flex-col max-w-full\"><div class=\"min-h-[20px] text-message flex flex-col items-start gap-3 whitespace-pre-wrap break-words [.text-message+&amp;]:mt-5 overflow-x-auto\" data-message-author-role=\"assistant\" data-message-id=\"260671cc-337a-40e8-892c-877a5e9ed4a1\"><div class=\"markdown prose w-full break-words dark:prose-invert light\"><p>La recuperaci\u00f3n despu\u00e9s de la cirug\u00eda Renuvion es generalmente m\u00e1s r\u00e1pida y menos dolorosa que los procedimientos tradicionales de estiramiento facial, con instrucciones postoperatorias claras para el cuidado de las \u00e1reas tratadas, el manejo del dolor y las restricciones de actividad. El seguimiento postoperatorio con el cirujano es esencial para monitorear el proceso de curaci\u00f3n, evaluar los resultados y brindar apoyo continuo durante la fase de recuperaci\u00f3n, asegurando que los pacientes obtengan los mejores resultados posibles.<\/p><\/div><\/div><\/div><\/div><\/div><\/div><\/div><\/div><\/div><\/div><\/div><\/div>\t\t\t\t\t\t<\/div>\n\t\t\t\t<\/div>\n\t\t\t\t\t<\/div>\n\t\t\t\t<\/div>\n\t\t<div class=\"elementor-element elementor-element-67abffd e-flex e-con-boxed e-con e-parent\" data-id=\"67abffd\" data-element_type=\"container\" data-settings=\"{&quot;background_background&quot;:&quot;classic&quot;,&quot;shape_divider_top&quot;:&quot;opacity-tilt&quot;}\">\n\t\t\t\t\t<div class=\"e-con-inner\">\n\t\t\t\t<div class=\"elementor-shape elementor-shape-top\" data-negative=\"false\">\n\t\t\t<svg xmlns=\"http:\/\/www.w3.org\/2000\/svg\" viewbox=\"0 0 2600 131.1\" preserveaspectratio=\"none\">\n\t<path class=\"elementor-shape-fill\" d=\"M0 0L2600 0 2600 69.1 0 0z\"\/>\n\t<path class=\"elementor-shape-fill\" style=\"opacity:0.5\" d=\"M0 0L2600 0 2600 69.1 0 69.1z\"\/>\n\t<path class=\"elementor-shape-fill\" style=\"opacity:0.25\" d=\"M2600 0L0 0 0 130.1 2600 69.1z\"\/>\n<\/svg>\t\t<\/div>\n\t\t<div class=\"elementor-element elementor-element-238be13 e-con-full e-flex e-con e-child\" data-id=\"238be13\" data-element_type=\"container\">\n\t\t\t\t<div class=\"elementor-element elementor-element-232828c elementor-widget__width-initial elementor-widget elementor-widget-heading\" data-id=\"232828c\" data-element_type=\"widget\" data-widget_type=\"heading.default\">\n\t\t\t\t<div class=\"elementor-widget-container\">\n\t\t\t<h2 class=\"elementor-heading-title elementor-size-default\">Entre en contacto<\/h2>\t\t<\/div>\n\t\t\t\t<\/div>\n\t\t\t\t<div class=\"elementor-element elementor-element-7692ef2 elementor-widget__width-initial elementor-widget elementor-widget-text-editor\" data-id=\"7692ef2\" data-element_type=\"widget\" data-widget_type=\"text-editor.default\">\n\t\t\t\t<div class=\"elementor-widget-container\">\n\t\t\t\t\t\t\t<p>Con\u00e9ctate con el cambio que deseas ver: cont\u00e1ctanos hoy y da el primer paso hacia la transformaci\u00f3n que mereces.<\/p>\t\t\t\t\t\t<\/div>\n\t\t\t\t<\/div>\n\t\t\t\t<div class=\"elementor-element elementor-element-28dabcb elementor-align-center elementor-widget elementor-widget-button\" data-id=\"28dabcb\" data-element_type=\"widget\" data-widget_type=\"button.default\">\n\t\t\t\t<div class=\"elementor-widget-container\">\n\t\t\t\t\t<div class=\"elementor-button-wrapper\">\n\t\t\t<a class=\"elementor-button elementor-button-link elementor-size-sm elementor-animation-grow\" href=\"https:\/\/wa.me\/5516997923553?text=Ol%C3%A1%2C%20vim%20pelo%20site%20e%20gostaria%20de%20mais%20informa%C3%A7%C3%B5es!\" target=\"_blank\">\n\t\t\t\t\t\t<span class=\"elementor-button-content-wrapper\">\n\t\t\t\t\t\t\t\t\t<span class=\"elementor-button-text\">Iniciar experi\u00eancia<\/span>\n\t\t\t\t\t<\/span>\n\t\t\t\t\t<\/a>\n\t\t<\/div>\n\t\t\t\t<\/div>\n\t\t\t\t<\/div>\n\t\t\t\t<\/div>\n\t\t\t\t\t<\/div>\n\t\t\t\t<\/div>\n\t\t\t\t<\/div>","protected":false},"excerpt":{"rendered":"<p>\/*! elementor &#8211; v3.21.0 &#8211; 26-05-2024 *\/ .elementor-heading-title{padding:0;margin:0;line-height:1}.elementor-widget-heading .elementor-heading-title[class*=elementor-size-]&gt;a{color:inherit;font-size:inherit;line-height:inherit}.elementor-widget-heading .elementor-heading-title.elementor-size-small{font-size:15px}.elementor-widget-heading .elementor-heading-title.elementor-size-medium{font-size:19px}.elementor-widget-heading .elementor-heading-title.elementor-size-large{font-size:29px}.elementor-widget-heading .elementor-heading-title.elementor-size-xl{font-size:39px}.elementor-widget-heading .elementor-heading-title.elementor-size-xxl{font-size:59px} Renuvion (retra\u00e7\u00e3o da pele) O que \u00e9 a cirurgia com Renuvion (retra\u00e7\u00e3o da pele)? A cirurgia com Renuvion, conhecida por seu papel na retra\u00e7\u00e3o da pele, \u00e9 uma t\u00e9cnica inovadora e minimamente invasiva utilizada para melhorar a firmeza e a apar\u00eancia [&hellip;]<\/p>","protected":false},"author":8,"featured_media":0,"parent":0,"menu_order":0,"comment_status":"closed","ping_status":"closed","template":"elementor_header_footer","meta":{"footnotes":""},"acf":[],"_links":{"self":[{"href":"https:\/\/drantoniomarcos.com.br\/es\/wp-json\/wp\/v2\/pages\/2589"}],"collection":[{"href":"https:\/\/drantoniomarcos.com.br\/es\/wp-json\/wp\/v2\/pages"}],"about":[{"href":"https:\/\/drantoniomarcos.com.br\/es\/wp-json\/wp\/v2\/types\/page"}],"author":[{"embeddable":true,"href":"https:\/\/drantoniomarcos.com.br\/es\/wp-json\/wp\/v2\/users\/8"}],"replies":[{"embeddable":true,"href":"https:\/\/drantoniomarcos.com.br\/es\/wp-json\/wp\/v2\/comments?post=2589"}],"version-history":[{"count":22,"href":"https:\/\/drantoniomarcos.com.br\/es\/wp-json\/wp\/v2\/pages\/2589\/revisions"}],"predecessor-version":[{"id":3993,"href":"https:\/\/drantoniomarcos.com.br\/es\/wp-json\/wp\/v2\/pages\/2589\/revisions\/3993"}],"wp:attachment":[{"href":"https:\/\/drantoniomarcos.com.br\/es\/wp-json\/wp\/v2\/media?parent=2589"}],"curies":[{"name":"wp","href":"https:\/\/api.w.org\/{rel}","templated":true}]}}