{"id":2599,"date":"2024-04-02T13:23:06","date_gmt":"2024-04-02T16:23:06","guid":{"rendered":"https:\/\/drantoniomarcos.com.br\/?page_id=2599"},"modified":"2026-03-20T10:07:54","modified_gmt":"2026-03-20T13:07:54","slug":"ninfoplastia","status":"publish","type":"page","link":"https:\/\/drantoniomarcos.com.br\/es\/ninfoplastia\/","title":{"rendered":"Ninfoplastia"},"content":{"rendered":"<div data-elementor-type=\"wp-page\" data-elementor-id=\"2599\" class=\"elementor elementor-2599\" data-elementor-post-type=\"page\">\n\t\t\t\t<div class=\"elementor-element elementor-element-8188654 e-flex e-con-boxed e-con e-parent\" data-id=\"8188654\" data-element_type=\"container\" data-settings=\"{&quot;background_background&quot;:&quot;classic&quot;}\">\n\t\t\t\t\t<div class=\"e-con-inner\">\n\t\t\t\t<div class=\"elementor-element elementor-element-c04e3fb elementor-widget__width-initial elementor-widget elementor-widget-heading\" data-id=\"c04e3fb\" data-element_type=\"widget\" data-widget_type=\"heading.default\">\n\t\t\t\t<div class=\"elementor-widget-container\">\n\t\t\t<style>\/*! elementor - v3.21.0 - 26-05-2024 *\/\n.elementor-heading-title{padding:0;margin:0;line-height:1}.elementor-widget-heading .elementor-heading-title[class*=elementor-size-]>a{color:inherit;font-size:inherit;line-height:inherit}.elementor-widget-heading .elementor-heading-title.elementor-size-small{font-size:15px}.elementor-widget-heading .elementor-heading-title.elementor-size-medium{font-size:19px}.elementor-widget-heading .elementor-heading-title.elementor-size-large{font-size:29px}.elementor-widget-heading .elementor-heading-title.elementor-size-xl{font-size:39px}.elementor-widget-heading .elementor-heading-title.elementor-size-xxl{font-size:59px}<\/style><h2 class=\"elementor-heading-title elementor-size-default\">Ninfoplastia - Cirug\u00eda pl\u00e1stica de los genitales femeninos.<\/h2>\t\t<\/div>\n\t\t\t\t<\/div>\n\t\t\t\t\t<\/div>\n\t\t\t\t<\/div>\n\t\t<div class=\"elementor-element elementor-element-67570e9 e-flex e-con-boxed e-con e-parent\" data-id=\"67570e9\" data-element_type=\"container\" data-settings=\"{&quot;background_background&quot;:&quot;classic&quot;}\">\n\t\t\t\t\t<div class=\"e-con-inner\">\n\t\t<div class=\"elementor-element elementor-element-2aaeff4 e-con-full e-flex e-con e-child\" data-id=\"2aaeff4\" data-element_type=\"container\" data-settings=\"{&quot;background_background&quot;:&quot;classic&quot;}\">\n\t\t\t\t<\/div>\n\t\t<div class=\"elementor-element elementor-element-f78b537 e-con-full e-flex e-con e-child\" data-id=\"f78b537\" data-element_type=\"container\">\n\t\t\t\t<div class=\"elementor-element elementor-element-11721b9 elementor-widget__width-initial elementor-widget elementor-widget-heading\" data-id=\"11721b9\" data-element_type=\"widget\" data-widget_type=\"heading.default\">\n\t\t\t\t<div class=\"elementor-widget-container\">\n\t\t\t<h2 class=\"elementor-heading-title elementor-size-default\">\u00bfQu\u00e9 es la cirug\u00eda Ninfoplastia - Cirug\u00eda pl\u00e1stica de los genitales femeninos?<\/h2>\t\t<\/div>\n\t\t\t\t<\/div>\n\t\t\t\t<div class=\"elementor-element elementor-element-aa37809 elementor-widget__width-initial elementor-widget elementor-widget-text-editor\" data-id=\"aa37809\" data-element_type=\"widget\" data-widget_type=\"text-editor.default\">\n\t\t\t\t<div class=\"elementor-widget-container\">\n\t\t\t<style>\/*! elementor - v3.21.0 - 26-05-2024 *\/\n.elementor-widget-text-editor.elementor-drop-cap-view-stacked .elementor-drop-cap{background-color:#69727d;color:#fff}.elementor-widget-text-editor.elementor-drop-cap-view-framed .elementor-drop-cap{color:#69727d;border:3px solid;background-color:transparent}.elementor-widget-text-editor:not(.elementor-drop-cap-view-default) .elementor-drop-cap{margin-top:8px}.elementor-widget-text-editor:not(.elementor-drop-cap-view-default) .elementor-drop-cap-letter{width:1em;height:1em}.elementor-widget-text-editor .elementor-drop-cap{float:left;text-align:center;line-height:1;font-size:50px}.elementor-widget-text-editor .elementor-drop-cap-letter{display:inline-block}<\/style>\t\t\t\t<p>La ninfoplastia, o cirug\u00eda pl\u00e1stica de los genitales femeninos, es un procedimiento quir\u00fargico dise\u00f1ado para alterar la apariencia de los labios menores u otras estructuras de la vulva. Este procedimiento suele ser buscado por mujeres que experimentan malestar f\u00edsico o psicol\u00f3gico debido al tama\u00f1o o forma de los labios menores, que pueden ser alargados o asim\u00e9tricos. La ninfoplastia no s\u00f3lo pretende mejorar la est\u00e9tica de la regi\u00f3n genital femenina, sino que tambi\u00e9n puede aliviar las molestias durante actividades como el ejercicio f\u00edsico, las relaciones sexuales o al utilizar cierto tipo de ropa.<\/p><p>Adem\u00e1s del confort f\u00edsico, la ninfoplastia puede tener un impacto significativo en la autoestima y el bienestar psicol\u00f3gico. Muchas mujeres que se sienten inseguras o avergonzadas por la apariencia de sus genitales encuentran en esta cirug\u00eda una manera de recuperar la confianza y la comodidad con sus cuerpos.<\/p>\t\t\t\t\t\t<\/div>\n\t\t\t\t<\/div>\n\t\t\t\t<\/div>\n\t\t\t\t\t<\/div>\n\t\t\t\t<\/div>\n\t\t<div class=\"elementor-element elementor-element-ef3e893 e-flex e-con-boxed e-con e-parent\" data-id=\"ef3e893\" data-element_type=\"container\" data-settings=\"{&quot;background_background&quot;:&quot;classic&quot;}\">\n\t\t\t\t\t<div class=\"e-con-inner\">\n\t\t<div class=\"elementor-element elementor-element-0bae827 e-con-full e-flex e-con e-child\" data-id=\"0bae827\" data-element_type=\"container\">\n\t\t\t\t<div class=\"elementor-element elementor-element-4917cb5 elementor-widget elementor-widget-heading\" data-id=\"4917cb5\" data-element_type=\"widget\" data-widget_type=\"heading.default\">\n\t\t\t\t<div class=\"elementor-widget-container\">\n\t\t\t<h2 class=\"elementor-heading-title elementor-size-default\">Procedimientos quir\u00fargicos<\/h2>\t\t<\/div>\n\t\t\t\t<\/div>\n\t\t\t\t<div class=\"elementor-element elementor-element-635c9e4 elementor-widget__width-initial elementor-widget elementor-widget-text-editor\" data-id=\"635c9e4\" data-element_type=\"widget\" data-widget_type=\"text-editor.default\">\n\t\t\t\t<div class=\"elementor-widget-container\">\n\t\t\t\t\t\t\t<p>La ninfoplastia implica la eliminaci\u00f3n cuidadosa del exceso de tejido de los labios menores o la remodelaci\u00f3n de las estructuras genitales para lograr una apariencia m\u00e1s armoniosa y sim\u00e9trica, con incisiones discretas y t\u00e9cnicas quir\u00fargicas depuradas que minimizan las cicatrices y preservan la funci\u00f3n y sensibilidad de la zona.<\/p>\t\t\t\t\t\t<\/div>\n\t\t\t\t<\/div>\n\t\t\t\t<\/div>\n\t\t<div class=\"elementor-element elementor-element-529e1ef e-con-full e-flex e-con e-child\" data-id=\"529e1ef\" data-element_type=\"container\">\n\t\t<div class=\"elementor-element elementor-element-d90f662 e-con-full e-flex e-con e-child\" data-id=\"d90f662\" data-element_type=\"container\">\n\t\t\t\t<div class=\"elementor-element elementor-element-ef252ad elementor-widget elementor-widget-heading\" data-id=\"ef252ad\" data-element_type=\"widget\" data-widget_type=\"heading.default\">\n\t\t\t\t<div class=\"elementor-widget-container\">\n\t\t\t<h2 class=\"elementor-heading-title elementor-size-default\">Beneficios<\/h2>\t\t<\/div>\n\t\t\t\t<\/div>\n\t\t\t\t<div class=\"elementor-element elementor-element-01a0d92 elementor-widget__width-initial elementor-widget elementor-widget-text-editor\" data-id=\"01a0d92\" data-element_type=\"widget\" data-widget_type=\"text-editor.default\">\n\t\t\t\t<div class=\"elementor-widget-container\">\n\t\t\t\t\t\t\t<p>Los beneficios de la Ninfoplastia incluyen una mejora significativa en la apariencia est\u00e9tica de los genitales femeninos, una reducci\u00f3n del malestar f\u00edsico durante las actividades cotidianas o \u00edntimas y un aumento de la confianza en s\u00ed mismas y el bienestar emocional, permitiendo a las mujeres sentirse m\u00e1s c\u00f3modas y seguras en sus cuerpos.<\/p>\t\t\t\t\t\t<\/div>\n\t\t\t\t<\/div>\n\t\t\t\t<\/div>\n\t\t\t\t<\/div>\n\t\t\t\t\t<\/div>\n\t\t\t\t<\/div>\n\t\t<div class=\"elementor-element elementor-element-c418c17 e-flex e-con-boxed e-con e-parent\" data-id=\"c418c17\" data-element_type=\"container\" data-settings=\"{&quot;background_background&quot;:&quot;classic&quot;}\">\n\t\t\t\t\t<div class=\"e-con-inner\">\n\t\t\t\t<div class=\"elementor-element elementor-element-d6d7a47 elementor-widget elementor-widget-heading\" data-id=\"d6d7a47\" data-element_type=\"widget\" data-widget_type=\"heading.default\">\n\t\t\t\t<div class=\"elementor-widget-container\">\n\t\t\t<h2 class=\"elementor-heading-title elementor-size-default\">Recuperaci\u00f3n y seguimiento postoperatorio.<\/h2>\t\t<\/div>\n\t\t\t\t<\/div>\n\t\t\t\t<div class=\"elementor-element elementor-element-dd53b39 elementor-widget__width-initial elementor-widget elementor-widget-text-editor\" data-id=\"dd53b39\" data-element_type=\"widget\" data-widget_type=\"text-editor.default\">\n\t\t\t\t<div class=\"elementor-widget-container\">\n\t\t\t\t\t\t\t<div class=\"flex-1 overflow-hidden\"><div class=\"react-scroll-to-bottom--css-jgeaw-79elbk h-full\"><div class=\"react-scroll-to-bottom--css-jgeaw-1n7m0yu\"><div class=\"flex flex-col pb-9 text-sm\"><div class=\"w-full text-token-text-primary\" data-testid=\"conversation-turn-38\"><div class=\"px-4 py-2 justify-center text-base md:gap-6 m-auto\"><div class=\"flex flex-1 text-base mx-auto gap-3 md:px-5 lg:px-1 xl:px-5 md:max-w-3xl lg:max-w-[40rem] xl:max-w-[48rem] group final-completion\"><div class=\"relative flex w-full flex-col lg:w-[calc(100%-115px)] agent-turn\"><div class=\"flex-col gap-1 md:gap-3\"><div class=\"flex flex-grow flex-col max-w-full\"><div class=\"min-h-[20px] text-message flex flex-col items-start gap-3 whitespace-pre-wrap break-words [.text-message+&amp;]:mt-5 overflow-x-auto\" data-message-author-role=\"assistant\" data-message-id=\"bdc9b22e-ae25-4a71-8317-d931e031703c\"><div class=\"markdown prose w-full break-words dark:prose-invert light\"><p>La recuperaci\u00f3n de la ninfoplastia generalmente implica un per\u00edodo de descanso y limitaci\u00f3n de actividades f\u00edsicas, con orientaci\u00f3n detallada sobre el cuidado de la zona operada y el manejo del dolor. El seguimiento postoperatorio por parte del cirujano es crucial para asegurar una adecuada cicatrizaci\u00f3n, evaluar los resultados est\u00e9ticos y brindar apoyo emocional durante el proceso de recuperaci\u00f3n, asegurando que el paciente se sienta c\u00f3modo y satisfecho con el procedimiento.<\/p><\/div><\/div><\/div><\/div><\/div><\/div><\/div><\/div><\/div><\/div><\/div><\/div>\t\t\t\t\t\t<\/div>\n\t\t\t\t<\/div>\n\t\t\t\t\t<\/div>\n\t\t\t\t<\/div>\n\t\t<div class=\"elementor-element elementor-element-8ddd861 e-flex e-con-boxed e-con e-parent\" data-id=\"8ddd861\" data-element_type=\"container\" data-settings=\"{&quot;background_background&quot;:&quot;classic&quot;,&quot;shape_divider_top&quot;:&quot;opacity-tilt&quot;}\">\n\t\t\t\t\t<div class=\"e-con-inner\">\n\t\t\t\t<div class=\"elementor-shape elementor-shape-top\" data-negative=\"false\">\n\t\t\t<svg xmlns=\"http:\/\/www.w3.org\/2000\/svg\" viewbox=\"0 0 2600 131.1\" preserveaspectratio=\"none\">\n\t<path class=\"elementor-shape-fill\" d=\"M0 0L2600 0 2600 69.1 0 0z\"\/>\n\t<path class=\"elementor-shape-fill\" style=\"opacity:0.5\" d=\"M0 0L2600 0 2600 69.1 0 69.1z\"\/>\n\t<path class=\"elementor-shape-fill\" style=\"opacity:0.25\" d=\"M2600 0L0 0 0 130.1 2600 69.1z\"\/>\n<\/svg>\t\t<\/div>\n\t\t<div class=\"elementor-element elementor-element-b3f25ba e-con-full e-flex e-con e-child\" data-id=\"b3f25ba\" data-element_type=\"container\">\n\t\t\t\t<div class=\"elementor-element elementor-element-71705d9 elementor-widget__width-initial elementor-widget elementor-widget-heading\" data-id=\"71705d9\" data-element_type=\"widget\" data-widget_type=\"heading.default\">\n\t\t\t\t<div class=\"elementor-widget-container\">\n\t\t\t<h2 class=\"elementor-heading-title elementor-size-default\">Entre en contacto<\/h2>\t\t<\/div>\n\t\t\t\t<\/div>\n\t\t\t\t<div class=\"elementor-element elementor-element-e615946 elementor-widget__width-initial elementor-widget elementor-widget-text-editor\" data-id=\"e615946\" data-element_type=\"widget\" data-widget_type=\"text-editor.default\">\n\t\t\t\t<div class=\"elementor-widget-container\">\n\t\t\t\t\t\t\t<p>Con\u00e9ctate con el cambio que deseas ver: cont\u00e1ctanos hoy y da el primer paso hacia la transformaci\u00f3n que mereces.<\/p>\t\t\t\t\t\t<\/div>\n\t\t\t\t<\/div>\n\t\t\t\t<div class=\"elementor-element elementor-element-bf789e9 elementor-align-center elementor-widget elementor-widget-button\" data-id=\"bf789e9\" data-element_type=\"widget\" data-widget_type=\"button.default\">\n\t\t\t\t<div class=\"elementor-widget-container\">\n\t\t\t\t\t<div class=\"elementor-button-wrapper\">\n\t\t\t<a class=\"elementor-button elementor-button-link elementor-size-sm elementor-animation-grow\" href=\"https:\/\/wa.me\/5516997923553?text=Ol%C3%A1%2C%20vim%20pelo%20site%20e%20gostaria%20de%20mais%20informa%C3%A7%C3%B5es!\" target=\"_blank\">\n\t\t\t\t\t\t<span class=\"elementor-button-content-wrapper\">\n\t\t\t\t\t\t\t\t\t<span class=\"elementor-button-text\">Iniciar experi\u00eancia<\/span>\n\t\t\t\t\t<\/span>\n\t\t\t\t\t<\/a>\n\t\t<\/div>\n\t\t\t\t<\/div>\n\t\t\t\t<\/div>\n\t\t\t\t<\/div>\n\t\t\t\t\t<\/div>\n\t\t\t\t<\/div>\n\t\t\t\t<\/div>","protected":false},"excerpt":{"rendered":"<p>\/*! elementor &#8211; v3.21.0 &#8211; 26-05-2024 *\/ .elementor-heading-title{padding:0;margin:0;line-height:1}.elementor-widget-heading .elementor-heading-title[class*=elementor-size-]&gt;a{color:inherit;font-size:inherit;line-height:inherit}.elementor-widget-heading .elementor-heading-title.elementor-size-small{font-size:15px}.elementor-widget-heading .elementor-heading-title.elementor-size-medium{font-size:19px}.elementor-widget-heading .elementor-heading-title.elementor-size-large{font-size:29px}.elementor-widget-heading .elementor-heading-title.elementor-size-xl{font-size:39px}.elementor-widget-heading .elementor-heading-title.elementor-size-xxl{font-size:59px} Ninfoplastia &#8211; Pl\u00e1stica da genit\u00e1lia Feminina O que \u00e9 a cirurgia de Ninfoplastia &#8211; Pl\u00e1stica da genit\u00e1lia Feminina? A Ninfoplastia, ou cirurgia pl\u00e1stica da genit\u00e1lia feminina, \u00e9 um procedimento cir\u00fargico destinado a alterar a apar\u00eancia dos pequenos l\u00e1bios ou outras estruturas [&hellip;]<\/p>","protected":false},"author":8,"featured_media":0,"parent":0,"menu_order":0,"comment_status":"closed","ping_status":"closed","template":"elementor_header_footer","meta":{"footnotes":""},"acf":[],"_links":{"self":[{"href":"https:\/\/drantoniomarcos.com.br\/es\/wp-json\/wp\/v2\/pages\/2599"}],"collection":[{"href":"https:\/\/drantoniomarcos.com.br\/es\/wp-json\/wp\/v2\/pages"}],"about":[{"href":"https:\/\/drantoniomarcos.com.br\/es\/wp-json\/wp\/v2\/types\/page"}],"author":[{"embeddable":true,"href":"https:\/\/drantoniomarcos.com.br\/es\/wp-json\/wp\/v2\/users\/8"}],"replies":[{"embeddable":true,"href":"https:\/\/drantoniomarcos.com.br\/es\/wp-json\/wp\/v2\/comments?post=2599"}],"version-history":[{"count":31,"href":"https:\/\/drantoniomarcos.com.br\/es\/wp-json\/wp\/v2\/pages\/2599\/revisions"}],"predecessor-version":[{"id":3981,"href":"https:\/\/drantoniomarcos.com.br\/es\/wp-json\/wp\/v2\/pages\/2599\/revisions\/3981"}],"wp:attachment":[{"href":"https:\/\/drantoniomarcos.com.br\/es\/wp-json\/wp\/v2\/media?parent=2599"}],"curies":[{"name":"wp","href":"https:\/\/api.w.org\/{rel}","templated":true}]}}