{"id":2612,"date":"2024-04-02T13:26:36","date_gmt":"2024-04-02T16:26:36","guid":{"rendered":"https:\/\/drantoniomarcos.com.br\/?page_id=2612"},"modified":"2026-03-20T10:06:31","modified_gmt":"2026-03-20T13:06:31","slug":"mila","status":"publish","type":"page","link":"https:\/\/drantoniomarcos.com.br\/es\/mila\/","title":{"rendered":"MILA"},"content":{"rendered":"<div data-elementor-type=\"wp-page\" data-elementor-id=\"2612\" class=\"elementor elementor-2612\" data-elementor-post-type=\"page\">\n\t\t\t\t<div class=\"elementor-element elementor-element-301a261 e-flex e-con-boxed e-con e-parent\" data-id=\"301a261\" data-element_type=\"container\" data-settings=\"{&quot;background_background&quot;:&quot;classic&quot;}\">\n\t\t\t\t\t<div class=\"e-con-inner\">\n\t\t\t\t<div class=\"elementor-element elementor-element-4ac6163 elementor-widget__width-initial elementor-widget elementor-widget-heading\" data-id=\"4ac6163\" data-element_type=\"widget\" data-widget_type=\"heading.default\">\n\t\t\t\t<div class=\"elementor-widget-container\">\n\t\t\t<style>\/*! elementor - v3.21.0 - 26-05-2024 *\/\n.elementor-heading-title{padding:0;margin:0;line-height:1}.elementor-widget-heading .elementor-heading-title[class*=elementor-size-]>a{color:inherit;font-size:inherit;line-height:inherit}.elementor-widget-heading .elementor-heading-title.elementor-size-small{font-size:15px}.elementor-widget-heading .elementor-heading-title.elementor-size-medium{font-size:19px}.elementor-widget-heading .elementor-heading-title.elementor-size-large{font-size:29px}.elementor-widget-heading .elementor-heading-title.elementor-size-xl{font-size:39px}.elementor-widget-heading .elementor-heading-title.elementor-size-xxl{font-size:59px}<\/style><h2 class=\"elementor-heading-title elementor-size-default\">MILA - Lipoabdominoplastia m\u00ednimamente invasiva<\/h2>\t\t<\/div>\n\t\t\t\t<\/div>\n\t\t\t\t\t<\/div>\n\t\t\t\t<\/div>\n\t\t<div class=\"elementor-element elementor-element-0e94f04 e-flex e-con-boxed e-con e-parent\" data-id=\"0e94f04\" data-element_type=\"container\" data-settings=\"{&quot;background_background&quot;:&quot;classic&quot;}\">\n\t\t\t\t\t<div class=\"e-con-inner\">\n\t\t<div class=\"elementor-element elementor-element-02ba96d e-con-full e-flex e-con e-child\" data-id=\"02ba96d\" data-element_type=\"container\">\n\t\t\t\t<div class=\"elementor-element elementor-element-a744b15 elementor-widget__width-initial elementor-widget-tablet__width-initial elementor-widget elementor-widget-heading\" data-id=\"a744b15\" data-element_type=\"widget\" data-widget_type=\"heading.default\">\n\t\t\t\t<div class=\"elementor-widget-container\">\n\t\t\t<h2 class=\"elementor-heading-title elementor-size-default\">\u00bfQu\u00e9 es la cirug\u00eda MILA - Lipoabdominoplastia m\u00ednimamente invasiva?<\/h2>\t\t<\/div>\n\t\t\t\t<\/div>\n\t\t\t\t<div class=\"elementor-element elementor-element-0e68355 elementor-widget__width-initial elementor-widget elementor-widget-text-editor\" data-id=\"0e68355\" data-element_type=\"widget\" data-widget_type=\"text-editor.default\">\n\t\t\t\t<div class=\"elementor-widget-container\">\n\t\t\t<style>\/*! elementor - v3.21.0 - 26-05-2024 *\/\n.elementor-widget-text-editor.elementor-drop-cap-view-stacked .elementor-drop-cap{background-color:#69727d;color:#fff}.elementor-widget-text-editor.elementor-drop-cap-view-framed .elementor-drop-cap{color:#69727d;border:3px solid;background-color:transparent}.elementor-widget-text-editor:not(.elementor-drop-cap-view-default) .elementor-drop-cap{margin-top:8px}.elementor-widget-text-editor:not(.elementor-drop-cap-view-default) .elementor-drop-cap-letter{width:1em;height:1em}.elementor-widget-text-editor .elementor-drop-cap{float:left;text-align:center;line-height:1;font-size:50px}.elementor-widget-text-editor .elementor-drop-cap-letter{display:inline-block}<\/style>\t\t\t\t<p>MILA, que significa Lipoabdominoplastia M\u00ednimamente Invasiva, es un procedimiento quir\u00fargico innovador que combina la efectividad de la liposucci\u00f3n con los beneficios de la abdominoplastia, pero con un enfoque menos invasivo. Este procedimiento es ideal para pacientes que buscan mejorar el contorno del abdomen, eliminando el exceso de grasa y piel, pero desean una recuperaci\u00f3n m\u00e1s r\u00e1pida y cicatrices menos evidentes que las que ofrece la abdominoplastia tradicional. MILA es especialmente beneficioso para quienes tienen una cantidad moderada de piel fl\u00e1cida y grasa abdominal, y que desean un enfoque m\u00e1s suave y conservador para lograr un abdomen m\u00e1s plano y tonificado.<\/p><p>A diferencia de la abdominoplastia convencional, MILA utiliza incisiones m\u00e1s peque\u00f1as y t\u00e9cnicas avanzadas para minimizar el traumatismo tisular, lo que produce menos dolor y un tiempo de recuperaci\u00f3n m\u00e1s r\u00e1pido. Este procedimiento es una excelente opci\u00f3n para pacientes que desean resultados significativos con un m\u00ednimo de tiempo fuera de sus rutinas normales.<\/p>\t\t\t\t\t\t<\/div>\n\t\t\t\t<\/div>\n\t\t\t\t<\/div>\n\t\t<div class=\"elementor-element elementor-element-ddad62e e-con-full e-flex e-con e-child\" data-id=\"ddad62e\" data-element_type=\"container\" data-settings=\"{&quot;background_background&quot;:&quot;classic&quot;}\">\n\t\t\t\t<\/div>\n\t\t\t\t\t<\/div>\n\t\t\t\t<\/div>\n\t\t<div class=\"elementor-element elementor-element-6a25187 e-flex e-con-boxed e-con e-parent\" data-id=\"6a25187\" data-element_type=\"container\" data-settings=\"{&quot;background_background&quot;:&quot;classic&quot;}\">\n\t\t\t\t\t<div class=\"e-con-inner\">\n\t\t<div class=\"elementor-element elementor-element-7e460f3 e-con-full e-flex e-con e-child\" data-id=\"7e460f3\" data-element_type=\"container\">\n\t\t\t\t<div class=\"elementor-element elementor-element-7b8030d elementor-widget elementor-widget-heading\" data-id=\"7b8030d\" data-element_type=\"widget\" data-widget_type=\"heading.default\">\n\t\t\t\t<div class=\"elementor-widget-container\">\n\t\t\t<h2 class=\"elementor-heading-title elementor-size-default\">Procedimientos quir\u00fargicos<\/h2>\t\t<\/div>\n\t\t\t\t<\/div>\n\t\t\t\t<div class=\"elementor-element elementor-element-7db00cf elementor-widget__width-initial elementor-widget elementor-widget-text-editor\" data-id=\"7db00cf\" data-element_type=\"widget\" data-widget_type=\"text-editor.default\">\n\t\t\t\t<div class=\"elementor-widget-container\">\n\t\t\t\t\t\t\t<p>La lipoabdominoplastia m\u00ednimamente invasiva, o MILA, implica incisiones estrat\u00e9gicamente m\u00e1s peque\u00f1as y t\u00e9cnicas de liposucci\u00f3n precisas para eliminar el exceso de grasa, seguidas de una eliminaci\u00f3n cuidadosa del exceso de piel para mejorar el contorno abdominal y crear una apariencia m\u00e1s suave y tonificada con un enfoque que prioriza minimizar el trauma y acelerar. el proceso de recuperaci\u00f3n.<\/p>\t\t\t\t\t\t<\/div>\n\t\t\t\t<\/div>\n\t\t\t\t<\/div>\n\t\t<div class=\"elementor-element elementor-element-7f27e8f e-con-full e-flex e-con e-child\" data-id=\"7f27e8f\" data-element_type=\"container\">\n\t\t<div class=\"elementor-element elementor-element-e0502da e-con-full e-flex e-con e-child\" data-id=\"e0502da\" data-element_type=\"container\">\n\t\t\t\t<div class=\"elementor-element elementor-element-d749593 elementor-widget elementor-widget-heading\" data-id=\"d749593\" data-element_type=\"widget\" data-widget_type=\"heading.default\">\n\t\t\t\t<div class=\"elementor-widget-container\">\n\t\t\t<h2 class=\"elementor-heading-title elementor-size-default\">Beneficios<\/h2>\t\t<\/div>\n\t\t\t\t<\/div>\n\t\t\t\t<div class=\"elementor-element elementor-element-c29255b elementor-widget__width-initial elementor-widget elementor-widget-text-editor\" data-id=\"c29255b\" data-element_type=\"widget\" data-widget_type=\"text-editor.default\">\n\t\t\t\t<div class=\"elementor-widget-container\">\n\t\t\t\t\t\t\t<p>Los beneficios de MILA incluyen un abdomen m\u00e1s plano y tonificado con menos tiempo de inactividad y una recuperaci\u00f3n m\u00e1s r\u00e1pida en comparaci\u00f3n con la abdominoplastia tradicional, cicatrices minimizadas y molestias posoperatorias, y una mejora general de la silueta y una mayor confianza en uno mismo al proporcionar una apariencia m\u00e1s rejuvenecida y contorneada.<\/p>\t\t\t\t\t\t<\/div>\n\t\t\t\t<\/div>\n\t\t\t\t<\/div>\n\t\t\t\t<\/div>\n\t\t\t\t\t<\/div>\n\t\t\t\t<\/div>\n\t\t<div class=\"elementor-element elementor-element-074edf5 e-flex e-con-boxed e-con e-parent\" data-id=\"074edf5\" data-element_type=\"container\" data-settings=\"{&quot;background_background&quot;:&quot;classic&quot;}\">\n\t\t\t\t\t<div class=\"e-con-inner\">\n\t\t\t\t<div class=\"elementor-element elementor-element-1f41496 elementor-widget elementor-widget-heading\" data-id=\"1f41496\" data-element_type=\"widget\" data-widget_type=\"heading.default\">\n\t\t\t\t<div class=\"elementor-widget-container\">\n\t\t\t<h2 class=\"elementor-heading-title elementor-size-default\">Recuperaci\u00f3n y seguimiento postoperatorio.<\/h2>\t\t<\/div>\n\t\t\t\t<\/div>\n\t\t\t\t<div class=\"elementor-element elementor-element-abf8156 elementor-widget__width-initial elementor-widget elementor-widget-text-editor\" data-id=\"abf8156\" data-element_type=\"widget\" data-widget_type=\"text-editor.default\">\n\t\t\t\t<div class=\"elementor-widget-container\">\n\t\t\t\t\t\t\t<div class=\"flex-1 overflow-hidden\"><div class=\"react-scroll-to-bottom--css-jgeaw-79elbk h-full\"><div class=\"react-scroll-to-bottom--css-jgeaw-1n7m0yu\"><div class=\"flex flex-col pb-9 text-sm\"><div class=\"w-full text-token-text-primary\" data-testid=\"conversation-turn-40\"><div class=\"px-4 py-2 justify-center text-base md:gap-6 m-auto\"><div class=\"flex flex-1 text-base mx-auto gap-3 md:px-5 lg:px-1 xl:px-5 md:max-w-3xl lg:max-w-[40rem] xl:max-w-[48rem] group final-completion\"><div class=\"relative flex w-full flex-col lg:w-[calc(100%-115px)] agent-turn\"><div class=\"flex-col gap-1 md:gap-3\"><div class=\"flex flex-grow flex-col max-w-full\"><div class=\"min-h-[20px] text-message flex flex-col items-start gap-3 whitespace-pre-wrap break-words [.text-message+&amp;]:mt-5 overflow-x-auto\" data-message-author-role=\"assistant\" data-message-id=\"30f56133-9f8c-47d9-a831-783645f56c07\"><div class=\"markdown prose w-full break-words dark:prose-invert light\"><p>La recuperaci\u00f3n de una lipoabdominoplastia m\u00ednimamente invasiva implica cuidados espec\u00edficos para garantizar una curaci\u00f3n adecuada y el mantenimiento de los resultados est\u00e9ticos, con orientaci\u00f3n detallada sobre el cuidado de la incisi\u00f3n, el manejo del dolor y la reanudaci\u00f3n gradual de las actividades. El seguimiento postoperatorio con el cirujano es fundamental para monitorear el proceso de curaci\u00f3n, evaluar los resultados y brindar apoyo continuo durante la recuperaci\u00f3n, asegurando que el paciente obtenga un resultado satisfactorio y seguro.<\/p><\/div><\/div><\/div><\/div><\/div><\/div><\/div><\/div><\/div><\/div><\/div><\/div>\t\t\t\t\t\t<\/div>\n\t\t\t\t<\/div>\n\t\t\t\t\t<\/div>\n\t\t\t\t<\/div>\n\t\t<div class=\"elementor-element elementor-element-9832ff6 e-flex e-con-boxed e-con e-parent\" data-id=\"9832ff6\" data-element_type=\"container\" data-settings=\"{&quot;background_background&quot;:&quot;classic&quot;,&quot;shape_divider_top&quot;:&quot;opacity-tilt&quot;}\">\n\t\t\t\t\t<div class=\"e-con-inner\">\n\t\t\t\t<div class=\"elementor-shape elementor-shape-top\" data-negative=\"false\">\n\t\t\t<svg xmlns=\"http:\/\/www.w3.org\/2000\/svg\" viewbox=\"0 0 2600 131.1\" preserveaspectratio=\"none\">\n\t<path class=\"elementor-shape-fill\" d=\"M0 0L2600 0 2600 69.1 0 0z\"\/>\n\t<path class=\"elementor-shape-fill\" style=\"opacity:0.5\" d=\"M0 0L2600 0 2600 69.1 0 69.1z\"\/>\n\t<path class=\"elementor-shape-fill\" style=\"opacity:0.25\" d=\"M2600 0L0 0 0 130.1 2600 69.1z\"\/>\n<\/svg>\t\t<\/div>\n\t\t<div class=\"elementor-element elementor-element-26923a4 e-con-full e-flex e-con e-child\" data-id=\"26923a4\" data-element_type=\"container\">\n\t\t\t\t<div class=\"elementor-element elementor-element-c2f2ce1 elementor-widget__width-initial elementor-widget elementor-widget-heading\" data-id=\"c2f2ce1\" data-element_type=\"widget\" data-widget_type=\"heading.default\">\n\t\t\t\t<div class=\"elementor-widget-container\">\n\t\t\t<h2 class=\"elementor-heading-title elementor-size-default\">Entre en contacto<\/h2>\t\t<\/div>\n\t\t\t\t<\/div>\n\t\t\t\t<div class=\"elementor-element elementor-element-d354e68 elementor-widget__width-initial elementor-widget elementor-widget-text-editor\" data-id=\"d354e68\" data-element_type=\"widget\" data-widget_type=\"text-editor.default\">\n\t\t\t\t<div class=\"elementor-widget-container\">\n\t\t\t\t\t\t\t<p>Con\u00e9ctate con el cambio que deseas ver: cont\u00e1ctanos hoy y da el primer paso hacia la transformaci\u00f3n que mereces.<\/p>\t\t\t\t\t\t<\/div>\n\t\t\t\t<\/div>\n\t\t\t\t<div class=\"elementor-element elementor-element-e474822 elementor-align-center elementor-widget elementor-widget-button\" data-id=\"e474822\" data-element_type=\"widget\" data-widget_type=\"button.default\">\n\t\t\t\t<div class=\"elementor-widget-container\">\n\t\t\t\t\t<div class=\"elementor-button-wrapper\">\n\t\t\t<a class=\"elementor-button elementor-button-link elementor-size-sm elementor-animation-grow\" href=\"https:\/\/wa.me\/5516997923553?text=Ol%C3%A1%2C%20vim%20pelo%20site%20e%20gostaria%20de%20mais%20informa%C3%A7%C3%B5es!\" target=\"_blank\">\n\t\t\t\t\t\t<span class=\"elementor-button-content-wrapper\">\n\t\t\t\t\t\t\t\t\t<span class=\"elementor-button-text\">Iniciar experi\u00eancia<\/span>\n\t\t\t\t\t<\/span>\n\t\t\t\t\t<\/a>\n\t\t<\/div>\n\t\t\t\t<\/div>\n\t\t\t\t<\/div>\n\t\t\t\t<\/div>\n\t\t\t\t\t<\/div>\n\t\t\t\t<\/div>\n\t\t\t\t<\/div>","protected":false},"excerpt":{"rendered":"<p>\/*! elementor &#8211; v3.21.0 &#8211; 26-05-2024 *\/ .elementor-heading-title{padding:0;margin:0;line-height:1}.elementor-widget-heading .elementor-heading-title[class*=elementor-size-]&gt;a{color:inherit;font-size:inherit;line-height:inherit}.elementor-widget-heading .elementor-heading-title.elementor-size-small{font-size:15px}.elementor-widget-heading .elementor-heading-title.elementor-size-medium{font-size:19px}.elementor-widget-heading .elementor-heading-title.elementor-size-large{font-size:29px}.elementor-widget-heading .elementor-heading-title.elementor-size-xl{font-size:39px}.elementor-widget-heading .elementor-heading-title.elementor-size-xxl{font-size:59px} MILA &#8211; Lipoabdominoplastia Minimamente Invasiva O que \u00e9 a cirurgia de MILA &#8211; Lipoabdominoplastia Minimamente Invasiva? MILA, que significa Lipoabdominoplastia Minimamente Invasiva, \u00e9 um procedimento cir\u00fargico inovador que combina a efic\u00e1cia da lipoaspira\u00e7\u00e3o com os benef\u00edcios da abdominoplastia, mas com uma [&hellip;]<\/p>","protected":false},"author":8,"featured_media":0,"parent":0,"menu_order":0,"comment_status":"closed","ping_status":"closed","template":"elementor_header_footer","meta":{"footnotes":""},"acf":[],"_links":{"self":[{"href":"https:\/\/drantoniomarcos.com.br\/es\/wp-json\/wp\/v2\/pages\/2612"}],"collection":[{"href":"https:\/\/drantoniomarcos.com.br\/es\/wp-json\/wp\/v2\/pages"}],"about":[{"href":"https:\/\/drantoniomarcos.com.br\/es\/wp-json\/wp\/v2\/types\/page"}],"author":[{"embeddable":true,"href":"https:\/\/drantoniomarcos.com.br\/es\/wp-json\/wp\/v2\/users\/8"}],"replies":[{"embeddable":true,"href":"https:\/\/drantoniomarcos.com.br\/es\/wp-json\/wp\/v2\/comments?post=2612"}],"version-history":[{"count":22,"href":"https:\/\/drantoniomarcos.com.br\/es\/wp-json\/wp\/v2\/pages\/2612\/revisions"}],"predecessor-version":[{"id":3975,"href":"https:\/\/drantoniomarcos.com.br\/es\/wp-json\/wp\/v2\/pages\/2612\/revisions\/3975"}],"wp:attachment":[{"href":"https:\/\/drantoniomarcos.com.br\/es\/wp-json\/wp\/v2\/media?parent=2612"}],"curies":[{"name":"wp","href":"https:\/\/api.w.org\/{rel}","templated":true}]}}